{"id":11204,"date":"2022-04-20T13:18:21","date_gmt":"2022-04-20T11:18:21","guid":{"rendered":"https:\/\/swiss-fencing.ch\/?page_id=11204"},"modified":"2024-10-11T08:36:21","modified_gmt":"2024-10-11T06:36:21","slug":"fechten-in-der-schweiz","status":"publish","type":"page","link":"https:\/\/swiss-fencing.ch\/de\/fechten\/allgemein\/fechten-in-der-schweiz\/","title":{"rendered":"Fechten in der Schweiz"},"content":{"rendered":"\t\t<div data-elementor-type=\"wp-page\" data-elementor-id=\"11204\" class=\"elementor elementor-11204 elementor-349\" data-elementor-post-type=\"page\">\n\t\t\t\t\t\t<section class=\"elementor-section elementor-top-section elementor-element elementor-element-4e42603 elementor-section-boxed elementor-section-height-default elementor-section-height-default\" data-id=\"4e42603\" data-element_type=\"section\" data-e-type=\"section\">\n\t\t\t\t\t\t<div class=\"elementor-container elementor-column-gap-default\">\n\t\t\t\t\t<div class=\"elementor-column elementor-col-100 elementor-top-column elementor-element elementor-element-d640b36\" data-id=\"d640b36\" data-element_type=\"column\" data-e-type=\"column\">\n\t\t\t<div class=\"elementor-widget-wrap elementor-element-populated\">\n\t\t\t\t\t\t<div class=\"elementor-element elementor-element-bc4c304 elementor-widget elementor-widget-heading\" data-id=\"bc4c304\" data-element_type=\"widget\" data-e-type=\"widget\" data-widget_type=\"heading.default\">\n\t\t\t\t<div class=\"elementor-widget-container\">\n\t\t\t\t\t<h2 class=\"elementor-heading-title elementor-size-default\">Fechten in der Schweiz<\/h2>\t\t\t\t<\/div>\n\t\t\t\t<\/div>\n\t\t\t\t<div class=\"elementor-element elementor-element-6e16060 elementor-widget elementor-widget-text-editor\" data-id=\"6e16060\" data-element_type=\"widget\" data-e-type=\"widget\" data-widget_type=\"text-editor.default\">\n\t\t\t\t<div class=\"elementor-widget-container\">\n\t\t\t\t\t\t\t\t\t<p>Fechten ist eine olympische Sportart par excellence und wird von Swiss Olympic neben Fussball, Eishockey, Radsport, Leichtathletik, Schwimmen und Skifahren in die Kategorie 1 der wichtigsten Disziplinen eingeordnet.<\/p><p>In der Schweiz gibt es 55 Vereine, die \u00fcber das ganze Land verteilt sind: das Angebot ist sehr breit gef\u00e4chert, um allen Facetten des Fechtens gerecht zu werden: vom Freizeitfechten bis zum Fechten auf hohem Niveau, vom spielerischen Fechten f\u00fcr Kinder von 4-6 Jahren bis zum Veteranenclub, vom inklusiven Fechten bis zum Wettkampffechten.<\/p>\t\t\t\t\t\t\t\t<\/div>\n\t\t\t\t<\/div>\n\t\t\t\t<div class=\"elementor-element elementor-element-5d361d1 elementor-widget elementor-widget-html\" data-id=\"5d361d1\" data-element_type=\"widget\" data-e-type=\"widget\" data-widget_type=\"html.default\">\n\t\t\t\t<div class=\"elementor-widget-container\">\n\t\t\t\t\t<section id=\"tf-stat-2785\" class=\"statistics n1\"  data-sp=\"10\" ><h3 >Escrime en Suisse<\/h3><div class=\"statistics-inner\"><div class=\"stat\"  data-count=\"2852\" data-orignal_count=\"2852\"><span class=\"fa fa-users\"><\/span><span class=\"number\" ><\/span><span class=\"count-title\">licenci\u00e9s<\/span><\/div><div class=\"stat\"  data-count=\"10588\" data-orignal_count=\"10588\"><span class=\"fa fa-trophy\"><\/span><span class=\"number\" ><\/span><span class=\"count-title\">participants aux tournois<\/span><\/div><div class=\"stat\"  data-count=\"55\" data-orignal_count=\"55\"><span class=\"fa fa-star\"><\/span><span class=\"number\" ><\/span><span class=\"count-title\">clubs<\/span><\/div><\/div><\/section>\t\t\t\t<\/div>\n\t\t\t\t<\/div>\n\t\t\t\t<div class=\"elementor-element elementor-element-a8d2973 elementor-widget elementor-widget-text-editor\" data-id=\"a8d2973\" data-element_type=\"widget\" data-e-type=\"widget\" data-widget_type=\"text-editor.default\">\n\t\t\t\t<div class=\"elementor-widget-container\">\n\t\t\t\t\t\t\t\t\t<section id=\"tf-stat-2785\" data-sp=\"80\">\n<div data-count=\"2852\">\n<p>1463 wurde in Luzern eine Fechtschule erw\u00e4hnt, sp\u00e4ter auch in Z\u00fcrich, Baden, Freiburg und Solothurn: Mitte des 16. Jahrhunderts und 1570 wurden B\u00fccher \u00fcber das Fechten ver\u00f6ffentlicht.<\/p>\n<p>Im Heiligen R\u00f6mischen Reich entstehen private Fechtschulen, die mehr oder weniger st\u00e4ndig miteinander verbunden sind: in Z\u00fcrich, Basel, Regensburg und in vielen freien St\u00e4dten Deutschlands. Dort wird das klassische mittelalterliche Fechten gelehrt.<\/p>\n<p>Einige sehen den Beginn des Fechtsports in der Schweiz im Jahr 1818, als im Z\u00fcrcher Turnverein das Fechten eingef\u00fchrt wurde: der Hauverein in Z\u00fcrich war die erste richtige Fechtschule, aber der erste richtige Fechtclub wurde 1862 in Genf gegr\u00fcndet. Im Tessin wurde der Fechtunterricht 1863 eingef\u00fchrt. Die ersten Turniere fanden ab 1897 vor allem in der Westschweiz statt: die erste offizielle Schweizer Meisterschaft wurde 1921 in Freiburg veranstaltet: der Schweizerische Fechtverband wurde 1914 gegr\u00fcndet und bestand anf\u00e4nglich ausschliesslich aus Vereinen aus der Westschweiz. Seit 1965 organisiert die Schweiz ein Weltcup-Turnier im Einzeldegen (Senioren), zwischenzeitlich ein Florett-Turnier (Senioren) und ein Junioren-Degen-Turnier f\u00fcr M\u00e4nner.<\/p>\n<p>In La Chaux-de-Fonds fanden 1998 die zweiten Weltmeisterschaften der Senioren nach den Weltmeisterschaften 1987 in Lausanne statt: ebenfalls in Lausanne organisiert wurden 1981 die Weltmeisterschaften der Junioren.<\/p>\n<p>Im Jahr 2015 organisierte Swiss Fencing die Europameisterschaften in Montreux.<\/p>\n<\/div>\n<\/section>\t\t\t\t\t\t\t\t<\/div>\n\t\t\t\t<\/div>\n\t\t\t\t\t<\/div>\n\t\t<\/div>\n\t\t\t\t\t<\/div>\n\t\t<\/section>\n\t\t\t\t<\/div>\n\t\t","protected":false},"excerpt":{"rendered":"<p>Fechten in der Schweiz Fechten ist eine olympische Sportart par excellence und wird von Swiss Olympic neben Fussball, Eishockey, Radsport, Leichtathletik, Schwimmen und Skifahren in die Kategorie 1 der wichtigsten [&hellip;]<\/p>\n","protected":false},"author":9,"featured_media":0,"parent":11216,"menu_order":14,"comment_status":"closed","ping_status":"closed","template":"template-contentpage.php","meta":{"_acf_changed":false,"inline_featured_image":false,"_uag_custom_page_level_css":"","site-sidebar-layout":"no-sidebar","site-content-layout":"page-builder","ast-site-content-layout":"full-width-container","site-content-style":"unboxed","site-sidebar-style":"unboxed","ast-global-header-display":"","ast-banner-title-visibility":"","ast-main-header-display":"","ast-hfb-above-header-display":"","ast-hfb-below-header-display":"","ast-hfb-mobile-header-display":"","site-post-title":"disabled","ast-breadcrumbs-content":"","ast-featured-img":"disabled","footer-sml-layout":"","theme-transparent-header-meta":"default","adv-header-id-meta":"","stick-header-meta":"","header-above-stick-meta":"","header-main-stick-meta":"","header-below-stick-meta":"","astra-migrate-meta-layouts":"set","ast-page-background-enabled":"default","ast-page-background-meta":{"desktop":{"background-color":"","background-image":"","background-repeat":"repeat","background-position":"center center","background-size":"auto","background-attachment":"scroll","background-type":"","background-media":"","overlay-type":"","overlay-color":"","overlay-opacity":"","overlay-gradient":""},"tablet":{"background-color":"","background-image":"","background-repeat":"repeat","background-position":"center center","background-size":"auto","background-attachment":"scroll","background-type":"","background-media":"","overlay-type":"","overlay-color":"","overlay-opacity":"","overlay-gradient":""},"mobile":{"background-color":"","background-image":"","background-repeat":"repeat","background-position":"center center","background-size":"auto","background-attachment":"scroll","background-type":"","background-media":"","overlay-type":"","overlay-color":"","overlay-opacity":"","overlay-gradient":""}},"ast-content-background-meta":{"desktop":{"background-color":"var(--ast-global-color-5)","background-image":"","background-repeat":"repeat","background-position":"center center","background-size":"auto","background-attachment":"scroll","background-type":"","background-media":"","overlay-type":"","overlay-color":"","overlay-opacity":"","overlay-gradient":""},"tablet":{"background-color":"var(--ast-global-color-5)","background-image":"","background-repeat":"repeat","background-position":"center center","background-size":"auto","background-attachment":"scroll","background-type":"","background-media":"","overlay-type":"","overlay-color":"","overlay-opacity":"","overlay-gradient":""},"mobile":{"background-color":"var(--ast-global-color-5)","background-image":"","background-repeat":"repeat","background-position":"center center","background-size":"auto","background-attachment":"scroll","background-type":"","background-media":"","overlay-type":"","overlay-color":"","overlay-opacity":"","overlay-gradient":""}},"_EventAllDay":false,"_EventTimezone":"","_EventStartDate":"","_EventEndDate":"","_EventStartDateUTC":"","_EventEndDateUTC":"","_EventShowMap":false,"_EventShowMapLink":false,"_EventURL":"","_EventCost":"","_EventCostDescription":"","_EventCurrencySymbol":"","_EventCurrencyCode":"","_EventCurrencyPosition":"","_EventDateTimeSeparator":"","_EventTimeRangeSeparator":"","_EventOrganizerID":[],"_EventVenueID":[],"_OrganizerEmail":"","_OrganizerPhone":"","_OrganizerWebsite":"","_VenueAddress":"","_VenueCity":"","_VenueCountry":"","_VenueProvince":"","_VenueState":"","_VenueZip":"","_VenuePhone":"","_VenueURL":"","_VenueStateProvince":"","_VenueLat":"","_VenueLng":"","_VenueShowMap":false,"_VenueShowMapLink":false,"footnotes":""},"class_list":["post-11204","page","type-page","status-publish","hentry"],"acf":[],"uagb_featured_image_src":{"full":false,"thumbnail":false,"medium":false,"medium_large":false,"large":false,"1536x1536":false,"2048x2048":false,"sf-entry-post":false,"sf-thumbnail":false},"uagb_author_info":{"display_name":"Anna Varfolomeeva","author_link":"https:\/\/swiss-fencing.ch\/de\/author\/anna255\/"},"uagb_comment_info":0,"uagb_excerpt":"Fechten in der Schweiz Fechten ist eine olympische Sportart par excellence und wird von Swiss Olympic neben Fussball, Eishockey, Radsport, Leichtathletik, Schwimmen und Skifahren in die Kategorie 1 der wichtigsten [&hellip;]","_links":{"self":[{"href":"https:\/\/swiss-fencing.ch\/de\/wp-json\/wp\/v2\/pages\/11204","targetHints":{"allow":["GET"]}}],"collection":[{"href":"https:\/\/swiss-fencing.ch\/de\/wp-json\/wp\/v2\/pages"}],"about":[{"href":"https:\/\/swiss-fencing.ch\/de\/wp-json\/wp\/v2\/types\/page"}],"author":[{"embeddable":true,"href":"https:\/\/swiss-fencing.ch\/de\/wp-json\/wp\/v2\/users\/9"}],"replies":[{"embeddable":true,"href":"https:\/\/swiss-fencing.ch\/de\/wp-json\/wp\/v2\/comments?post=11204"}],"version-history":[{"count":5,"href":"https:\/\/swiss-fencing.ch\/de\/wp-json\/wp\/v2\/pages\/11204\/revisions"}],"predecessor-version":[{"id":44254,"href":"https:\/\/swiss-fencing.ch\/de\/wp-json\/wp\/v2\/pages\/11204\/revisions\/44254"}],"up":[{"embeddable":true,"href":"https:\/\/swiss-fencing.ch\/de\/wp-json\/wp\/v2\/pages\/11216"}],"wp:attachment":[{"href":"https:\/\/swiss-fencing.ch\/de\/wp-json\/wp\/v2\/media?parent=11204"}],"curies":[{"name":"wp","href":"https:\/\/api.w.org\/{rel}","templated":true}]}}