{"id":11269,"date":"2022-04-20T20:13:29","date_gmt":"2022-04-20T18:13:29","guid":{"rendered":"https:\/\/swiss-fencing.ch\/?page_id=11269"},"modified":"2024-03-20T22:46:56","modified_gmt":"2024-03-20T21:46:56","slug":"fechten-in-schulen","status":"publish","type":"page","link":"https:\/\/swiss-fencing.ch\/de\/fechten\/breitensport\/fechten-in-schulen\/","title":{"rendered":"Fechten in Schulen"},"content":{"rendered":"\t\t<div data-elementor-type=\"wp-page\" data-elementor-id=\"11269\" class=\"elementor elementor-11269 elementor-375\" data-elementor-post-type=\"page\">\n\t\t\t\t\t\t<section class=\"elementor-section elementor-top-section elementor-element elementor-element-1d44162 elementor-section-boxed elementor-section-height-default elementor-section-height-default\" data-id=\"1d44162\" data-element_type=\"section\" data-e-type=\"section\">\n\t\t\t\t\t\t<div class=\"elementor-container elementor-column-gap-default\">\n\t\t\t\t\t<div class=\"elementor-column elementor-col-50 elementor-top-column elementor-element elementor-element-74f6691\" data-id=\"74f6691\" data-element_type=\"column\" data-e-type=\"column\">\n\t\t\t<div class=\"elementor-widget-wrap elementor-element-populated\">\n\t\t\t\t\t\t<div class=\"elementor-element elementor-element-8107b1d elementor-widget elementor-widget-heading\" data-id=\"8107b1d\" data-element_type=\"widget\" data-e-type=\"widget\" data-widget_type=\"heading.default\">\n\t\t\t\t<div class=\"elementor-widget-container\">\n\t\t\t\t\t<h2 class=\"elementor-heading-title elementor-size-default\">Fechten in Schulen<\/h2>\t\t\t\t<\/div>\n\t\t\t\t<\/div>\n\t\t\t\t<div class=\"elementor-element elementor-element-dec6065 e-transform elementor-widget elementor-widget-text-editor\" data-id=\"dec6065\" data-element_type=\"widget\" data-e-type=\"widget\" data-settings=\"{&quot;_transform_translateX_effect&quot;:{&quot;unit&quot;:&quot;px&quot;,&quot;size&quot;:&quot;&quot;,&quot;sizes&quot;:[]},&quot;_transform_translateX_effect_tablet&quot;:{&quot;unit&quot;:&quot;px&quot;,&quot;size&quot;:&quot;&quot;,&quot;sizes&quot;:[]},&quot;_transform_translateX_effect_mobile&quot;:{&quot;unit&quot;:&quot;px&quot;,&quot;size&quot;:&quot;&quot;,&quot;sizes&quot;:[]},&quot;_transform_translateY_effect&quot;:{&quot;unit&quot;:&quot;px&quot;,&quot;size&quot;:&quot;&quot;,&quot;sizes&quot;:[]},&quot;_transform_translateY_effect_tablet&quot;:{&quot;unit&quot;:&quot;px&quot;,&quot;size&quot;:&quot;&quot;,&quot;sizes&quot;:[]},&quot;_transform_translateY_effect_mobile&quot;:{&quot;unit&quot;:&quot;px&quot;,&quot;size&quot;:&quot;&quot;,&quot;sizes&quot;:[]}}\" data-widget_type=\"text-editor.default\">\n\t\t\t\t<div class=\"elementor-widget-container\">\n\t\t\t\t\t\t\t\t\t<p>F\u00fcr Kinder ist dieser elegante und prestigetr\u00e4chtige Sport sehr gut geeignet. Der Sport hat eine starke Tradition des Respekts und des Fairplays und f\u00f6rdert viele Eigenschaften:<\/p>\n<p><strong>Spielerische Seite<\/strong><\/p>\n<p>Zun\u00e4chst einmal ist Fechten ein spielerischer Sport, d.h. das Kind hat Spass, was sehr wichtig ist!<\/p>\n<p>Das Adrenalin w\u00e4hrend des Kampfes sorgt f\u00fcr ein Gef\u00fchl der Entspannung und dann der Ruhe. Der Kampf gibt einem eine grosse Befriedigung, wenn es einem gelingt, den Gegner in eine Falle zu locken.<\/p>\n<p>Fechten ist ein Sport, der viel Disziplin verlangt, aber Spass und Geselligkeit spielen eine wichtige Rolle, um sich zu am\u00fcsieren!<\/p>\n<p><strong>K\u00f6rperliche und geistige Herausforderung<\/strong><\/p>\n<p>Auch wenn es sich um einen Einzelsport handelt, ist man nie allein, da es immer einen Gegner gibt. Es ist eine Geisteshaltung des Kampfes, aber auch der Herausforderung, um die Versuche zu vereiteln und die Oberhand zu gewinnen.<\/p>\n<p>Die Regeln und der Kontext des Fechtens f\u00fchren zu Respekt vor anderen und zur Selbstbeherrschung, sowohl in Bezug auf die Gef\u00fchle als auch auf die Gesten.<\/p>\n<p><strong>Vom Virtuellen zum Realen<\/strong><\/p>\n<p>Fechten erfordert eine effektive Kombination aus Geduld und Entschlossenheit, Disziplin und Kampfgeist.<\/p>\n<p>Viele Kinder entwickeln beim Spielen von Videospielen eine gewisse Aggressivit\u00e4t. Beim Fechten wird der virtuelle Kampfgeist der Videospiele zu einem realen Kampfgeist, der mit Disziplin verbunden ist.<\/p>\n<p>Kinder lernen beim Fechten, ihr Gleichgewicht zu finden, und k\u00f6nnen so ihre Aggressionen kanalisieren.<\/p>\n<p><strong>K\u00f6rperliche Seite<\/strong><\/p>\n<p>Die Kinder entwickeln alle Muskeln des K\u00f6rpers, die Koordination, die Flexibilit\u00e4t (Gef\u00fchl f\u00fcr das Aufstehen, Gleichgewicht, Geschwindigkeit, Koordination, Seitw\u00e4rtsbewegung) und die Reflexe. Dadurch erlangen sie eine gewisse Selbstst\u00e4ndigkeit und lernen, mit dem Leben in einer Gruppe umzugehen.<\/p>\n<p>Fechten f\u00f6rdert k\u00f6rperliche F\u00e4higkeiten und das Verst\u00e4ndnis von Anweisungen durch das schrittweise Erlernen von Bewegungsabl\u00e4ufen in einem Kontext, der ausschlie\u00dflich auf kurzen und abwechslungsreichen Spielsequenzen beruht.<\/p>\t\t\t\t\t\t\t\t<\/div>\n\t\t\t\t<\/div>\n\t\t\t\t\t<\/div>\n\t\t<\/div>\n\t\t\t\t<div class=\"elementor-column elementor-col-25 elementor-top-column elementor-element elementor-element-2f2e52e\" data-id=\"2f2e52e\" data-element_type=\"column\" data-e-type=\"column\">\n\t\t\t<div class=\"elementor-widget-wrap\">\n\t\t\t\t\t\t\t<\/div>\n\t\t<\/div>\n\t\t\t\t<div class=\"elementor-column elementor-col-25 elementor-top-column elementor-element elementor-element-8f6cdaf\" data-id=\"8f6cdaf\" data-element_type=\"column\" data-e-type=\"column\">\n\t\t\t<div class=\"elementor-widget-wrap elementor-element-populated\">\n\t\t\t\t\t\t<div class=\"elementor-element elementor-element-ceebf8d elementor-widget elementor-widget-spacer\" data-id=\"ceebf8d\" data-element_type=\"widget\" data-e-type=\"widget\" data-widget_type=\"spacer.default\">\n\t\t\t\t<div class=\"elementor-widget-container\">\n\t\t\t\t\t\t\t<div class=\"elementor-spacer\">\n\t\t\t<div class=\"elementor-spacer-inner\"><\/div>\n\t\t<\/div>\n\t\t\t\t\t\t<\/div>\n\t\t\t\t<\/div>\n\t\t\t\t<div class=\"elementor-element elementor-element-934e9fa elementor-widget elementor-widget-image\" data-id=\"934e9fa\" data-element_type=\"widget\" data-e-type=\"widget\" data-widget_type=\"image.default\">\n\t\t\t\t<div class=\"elementor-widget-container\">\n\t\t\t\t\t\t\t\t\t\t\t\t\t\t\t<img fetchpriority=\"high\" decoding=\"async\" width=\"487\" height=\"487\" src=\"https:\/\/swiss-fencing.ch\/wp-content\/uploads\/2023\/03\/Boris-Drahusak_Escrime-dans-les-ecoles-e1677247354501.jpeg\" class=\"attachment-large size-large wp-image-25476\" alt=\"Boris Drahusak\" srcset=\"https:\/\/swiss-fencing.ch\/wp-content\/uploads\/2023\/03\/Boris-Drahusak_Escrime-dans-les-ecoles-e1677247354501.jpeg 487w, https:\/\/swiss-fencing.ch\/wp-content\/uploads\/2023\/03\/Boris-Drahusak_Escrime-dans-les-ecoles-e1677247354501-300x300.jpeg 300w, https:\/\/swiss-fencing.ch\/wp-content\/uploads\/2023\/03\/Boris-Drahusak_Escrime-dans-les-ecoles-e1677247354501-150x150.jpeg 150w, https:\/\/swiss-fencing.ch\/wp-content\/uploads\/2023\/03\/Boris-Drahusak_Escrime-dans-les-ecoles-e1677247354501-400x400.jpeg 400w\" sizes=\"(max-width: 487px) 100vw, 487px\" \/>\t\t\t\t\t\t\t\t\t\t\t\t\t\t\t<\/div>\n\t\t\t\t<\/div>\n\t\t\t\t<div class=\"elementor-element elementor-element-6d04046 elementor-widget elementor-widget-heading\" data-id=\"6d04046\" data-element_type=\"widget\" data-e-type=\"widget\" data-widget_type=\"heading.default\">\n\t\t\t\t<div class=\"elementor-widget-container\">\n\t\t\t\t\t<h3 class=\"elementor-heading-title elementor-size-default\">Boris DRAHUSAK<\/h3>\t\t\t\t<\/div>\n\t\t\t\t<\/div>\n\t\t\t\t<div class=\"elementor-element elementor-element-d477ca5 elementor-widget elementor-widget-text-editor\" data-id=\"d477ca5\" data-element_type=\"widget\" data-e-type=\"widget\" data-widget_type=\"text-editor.default\">\n\t\t\t\t<div class=\"elementor-widget-container\">\n\t\t\t\t\t\t\t\t\t<p style=\"text-align: center;\">Responsable de Escrime dans les ecoles<\/p><p style=\"text-align: center;\"><a href=\"mailto:bdrahusak@florimont.ch\"><img decoding=\"async\" class=\"alignnone wp-image-20062\" src=\"https:\/\/swiss-fencing.ch\/wp-content\/uploads\/2022\/12\/DA1660C4-6184-4645-AC31-CBD84543CB32-150x150.png\" alt=\"\" width=\"30\" height=\"30\" srcset=\"https:\/\/swiss-fencing.ch\/wp-content\/uploads\/2022\/12\/DA1660C4-6184-4645-AC31-CBD84543CB32-150x150.png 150w, https:\/\/swiss-fencing.ch\/wp-content\/uploads\/2022\/12\/DA1660C4-6184-4645-AC31-CBD84543CB32-300x300.png 300w, https:\/\/swiss-fencing.ch\/wp-content\/uploads\/2022\/12\/DA1660C4-6184-4645-AC31-CBD84543CB32-1024x1024.png 1024w, https:\/\/swiss-fencing.ch\/wp-content\/uploads\/2022\/12\/DA1660C4-6184-4645-AC31-CBD84543CB32-768x768.png 768w, https:\/\/swiss-fencing.ch\/wp-content\/uploads\/2022\/12\/DA1660C4-6184-4645-AC31-CBD84543CB32-400x400.png 400w, https:\/\/swiss-fencing.ch\/wp-content\/uploads\/2022\/12\/DA1660C4-6184-4645-AC31-CBD84543CB32.png 1080w\" sizes=\"(max-width: 30px) 100vw, 30px\" \/><\/a><\/p>\t\t\t\t\t\t\t\t<\/div>\n\t\t\t\t<\/div>\n\t\t\t\t\t<\/div>\n\t\t<\/div>\n\t\t\t\t\t<\/div>\n\t\t<\/section>\n\t\t\t\t<\/div>\n\t\t","protected":false},"excerpt":{"rendered":"<p>Fechten in Schulen F\u00fcr Kinder ist dieser elegante und prestigetr\u00e4chtige Sport sehr gut geeignet. Der Sport hat eine starke Tradition des Respekts und des Fairplays und f\u00f6rdert viele Eigenschaften: Spielerische [&hellip;]<\/p>\n","protected":false},"author":9,"featured_media":0,"parent":11267,"menu_order":23,"comment_status":"closed","ping_status":"closed","template":"template-contentpage.php","meta":{"_acf_changed":false,"inline_featured_image":false,"_uag_custom_page_level_css":"","site-sidebar-layout":"no-sidebar","site-content-layout":"page-builder","ast-site-content-layout":"","site-content-style":"default","site-sidebar-style":"default","ast-global-header-display":"","ast-banner-title-visibility":"","ast-main-header-display":"","ast-hfb-above-header-display":"","ast-hfb-below-header-display":"","ast-hfb-mobile-header-display":"","site-post-title":"disabled","ast-breadcrumbs-content":"","ast-featured-img":"disabled","footer-sml-layout":"","theme-transparent-header-meta":"default","adv-header-id-meta":"","stick-header-meta":"","header-above-stick-meta":"","header-main-stick-meta":"","header-below-stick-meta":"","astra-migrate-meta-layouts":"default","ast-page-background-enabled":"default","ast-page-background-meta":{"desktop":{"background-color":"","background-image":"","background-repeat":"repeat","background-position":"center center","background-size":"auto","background-attachment":"scroll","background-type":"","background-media":"","overlay-type":"","overlay-color":"","overlay-opacity":"","overlay-gradient":""},"tablet":{"background-color":"","background-image":"","background-repeat":"repeat","background-position":"center center","background-size":"auto","background-attachment":"scroll","background-type":"","background-media":"","overlay-type":"","overlay-color":"","overlay-opacity":"","overlay-gradient":""},"mobile":{"background-color":"","background-image":"","background-repeat":"repeat","background-position":"center center","background-size":"auto","background-attachment":"scroll","background-type":"","background-media":"","overlay-type":"","overlay-color":"","overlay-opacity":"","overlay-gradient":""}},"ast-content-background-meta":{"desktop":{"background-color":"var(--ast-global-color-5)","background-image":"","background-repeat":"repeat","background-position":"center center","background-size":"auto","background-attachment":"scroll","background-type":"","background-media":"","overlay-type":"","overlay-color":"","overlay-opacity":"","overlay-gradient":""},"tablet":{"background-color":"var(--ast-global-color-5)","background-image":"","background-repeat":"repeat","background-position":"center center","background-size":"auto","background-attachment":"scroll","background-type":"","background-media":"","overlay-type":"","overlay-color":"","overlay-opacity":"","overlay-gradient":""},"mobile":{"background-color":"var(--ast-global-color-5)","background-image":"","background-repeat":"repeat","background-position":"center center","background-size":"auto","background-attachment":"scroll","background-type":"","background-media":"","overlay-type":"","overlay-color":"","overlay-opacity":"","overlay-gradient":""}},"_EventAllDay":false,"_EventTimezone":"","_EventStartDate":"","_EventEndDate":"","_EventStartDateUTC":"","_EventEndDateUTC":"","_EventShowMap":false,"_EventShowMapLink":false,"_EventURL":"","_EventCost":"","_EventCostDescription":"","_EventCurrencySymbol":"","_EventCurrencyCode":"","_EventCurrencyPosition":"","_EventDateTimeSeparator":"","_EventTimeRangeSeparator":"","_EventOrganizerID":[],"_EventVenueID":[],"_OrganizerEmail":"","_OrganizerPhone":"","_OrganizerWebsite":"","_VenueAddress":"","_VenueCity":"","_VenueCountry":"","_VenueProvince":"","_VenueState":"","_VenueZip":"","_VenuePhone":"","_VenueURL":"","_VenueStateProvince":"","_VenueLat":"","_VenueLng":"","_VenueShowMap":false,"_VenueShowMapLink":false,"footnotes":""},"class_list":["post-11269","page","type-page","status-publish","hentry"],"acf":[],"uagb_featured_image_src":{"full":false,"thumbnail":false,"medium":false,"medium_large":false,"large":false,"1536x1536":false,"2048x2048":false,"sf-entry-post":false,"sf-thumbnail":false},"uagb_author_info":{"display_name":"Anna Varfolomeeva","author_link":"https:\/\/swiss-fencing.ch\/de\/author\/anna255\/"},"uagb_comment_info":0,"uagb_excerpt":"Fechten in Schulen F\u00fcr Kinder ist dieser elegante und prestigetr\u00e4chtige Sport sehr gut geeignet. Der Sport hat eine starke Tradition des Respekts und des Fairplays und f\u00f6rdert viele Eigenschaften: Spielerische [&hellip;]","_links":{"self":[{"href":"https:\/\/swiss-fencing.ch\/de\/wp-json\/wp\/v2\/pages\/11269","targetHints":{"allow":["GET"]}}],"collection":[{"href":"https:\/\/swiss-fencing.ch\/de\/wp-json\/wp\/v2\/pages"}],"about":[{"href":"https:\/\/swiss-fencing.ch\/de\/wp-json\/wp\/v2\/types\/page"}],"author":[{"embeddable":true,"href":"https:\/\/swiss-fencing.ch\/de\/wp-json\/wp\/v2\/users\/9"}],"replies":[{"embeddable":true,"href":"https:\/\/swiss-fencing.ch\/de\/wp-json\/wp\/v2\/comments?post=11269"}],"version-history":[{"count":5,"href":"https:\/\/swiss-fencing.ch\/de\/wp-json\/wp\/v2\/pages\/11269\/revisions"}],"predecessor-version":[{"id":37632,"href":"https:\/\/swiss-fencing.ch\/de\/wp-json\/wp\/v2\/pages\/11269\/revisions\/37632"}],"up":[{"embeddable":true,"href":"https:\/\/swiss-fencing.ch\/de\/wp-json\/wp\/v2\/pages\/11267"}],"wp:attachment":[{"href":"https:\/\/swiss-fencing.ch\/de\/wp-json\/wp\/v2\/media?parent=11269"}],"curies":[{"name":"wp","href":"https:\/\/api.w.org\/{rel}","templated":true}]}}