{"id":11407,"date":"2022-04-23T15:51:33","date_gmt":"2022-04-23T13:51:33","guid":{"rendered":"https:\/\/swiss-fencing.ch\/?page_id=11407"},"modified":"2023-06-17T23:36:36","modified_gmt":"2023-06-17T21:36:36","slug":"veteranen","status":"publish","type":"page","link":"https:\/\/swiss-fencing.ch\/de\/fechten\/breitensport\/veteranen\/","title":{"rendered":"Veteranen"},"content":{"rendered":"\t\t<div data-elementor-type=\"wp-page\" data-elementor-id=\"11407\" class=\"elementor elementor-11407 elementor-377\" data-elementor-post-type=\"page\">\n\t\t\t\t\t\t<section class=\"elementor-section elementor-top-section elementor-element elementor-element-a3433a1 elementor-section-boxed elementor-section-height-default elementor-section-height-default\" data-id=\"a3433a1\" data-element_type=\"section\" data-e-type=\"section\">\n\t\t\t\t\t\t<div class=\"elementor-container elementor-column-gap-default\">\n\t\t\t\t\t<div class=\"elementor-column elementor-col-100 elementor-top-column elementor-element elementor-element-c0a2cdb\" data-id=\"c0a2cdb\" data-element_type=\"column\" data-e-type=\"column\">\n\t\t\t<div class=\"elementor-widget-wrap elementor-element-populated\">\n\t\t\t\t\t\t<div class=\"elementor-element elementor-element-6673d00 elementor-widget elementor-widget-heading\" data-id=\"6673d00\" data-element_type=\"widget\" data-e-type=\"widget\" data-widget_type=\"heading.default\">\n\t\t\t\t<div class=\"elementor-widget-container\">\n\t\t\t\t\t<h2 class=\"elementor-heading-title elementor-size-default\">Veteranen<\/h2>\t\t\t\t<\/div>\n\t\t\t\t<\/div>\n\t\t\t\t<div class=\"elementor-element elementor-element-b913c83 elementor-widget elementor-widget-text-editor\" data-id=\"b913c83\" data-element_type=\"widget\" data-e-type=\"widget\" data-widget_type=\"text-editor.default\">\n\t\t\t\t<div class=\"elementor-widget-container\">\n\t\t\t\t\t\t\t\t\t<div>\n<div>\n<div>\n<p><strong>Fechten ist ein Sport, den man in jedem Alter aus\u00fcben kann!<\/strong><\/p>\n<p>Swiss Fencing m\u00f6chte die Tatsache in den Vordergrund stellen, dass Fechten ein Sport ist, den man auch noch im Erwachsenenalter beginnen kann. Und f\u00fcr viele ehemalige Fechter: innen ist es eine Jugenderinnerung, mit welcher sie gerne wieder beginnen m\u00f6chten. Das Fechten richtet sich haupts\u00e4chlich an jung gebliebene Erwachsene oder die Veteranen: Die Erwachsenen, die in ihrer Jugendzeit gefochten haben und nicht wissen, wie sie die R\u00fcckkehr zum Fechten bewerkstelligen sollen und die Erwachsenen, die es Versuchen m\u00f6chten, es aber nicht wagen&#8230;<\/p>\n<p>Die Beweggr\u00fcnde sind nicht f\u00fcr alle gleich: f\u00fcr einige geht es Schritt um Schritt um das Verstehen und Aneignen der Fechttechnik, f\u00fcr andere wiederum z\u00e4hlt der Aspekt &#8222;Kampfsport&#8220;. F\u00fcr Weitere ist es die spielerische Seite und die Freude am Sport als Hauptanziehungspunkt.<\/p>\n<p>Swiss Fencing und die Schweizer Fechtclubs bieten den Veteranen die M\u00f6glichkeit den Fechtsport zu praktizieren:<\/p>\n<ul>\n<li>Plauschfechten.<\/li>\n<li>Wettkampffechten auf nationalem Niveau.<\/li>\n<li>Wettkampffechten auf internationalem Niveau.<\/li>\n<\/ul>\n<p>Swiss Fencing organisiert einen Circuit National Veteranen f\u00fcr die verschiedenen Alterskategorien: 40+, 50+, 60+, 70+.<\/p>\n<\/div>\n<\/div>\n<\/div>\n<div>\n<div>\n<div>\n<div>\n<p>Die Veteranenbewegung w\u00e4chst stetig und immer mehr Athleten nehmen an Europa und Weltmeisterschaften teil. Die Schweiz hat eine lange Tradition im Fechten f\u00fcr Veteranen und die Ergebnisse best\u00e4tigen dies: Christian Dousse und Isabella Tarchini konnten Titel gewinnen.<\/p>\n<\/div>\n<\/div>\n<div>\n<div>\n<p>Swiss Fencing m\u00f6chte das Veteranenfechten auf allen Ebenen entwickeln und plant ab 2021 die Schaffung von Nationalkadern und die Definition von Nationalmannschaften. Swiss Fencing wird Trainingscamps zur Vorbereitung auf grosse Anl\u00e4sse organisieren.<\/p>\n<\/div>\n<\/div>\n<\/div>\n<\/div>\t\t\t\t\t\t\t\t<\/div>\n\t\t\t\t<\/div>\n\t\t\t\t\t<\/div>\n\t\t<\/div>\n\t\t\t\t\t<\/div>\n\t\t<\/section>\n\t\t\t\t<\/div>\n\t\t","protected":false},"excerpt":{"rendered":"<p>Veteranen Fechten ist ein Sport, den man in jedem Alter aus\u00fcben kann! Swiss Fencing m\u00f6chte die Tatsache in den Vordergrund stellen, dass Fechten ein Sport ist, den man auch noch [&hellip;]<\/p>\n","protected":false},"author":9,"featured_media":0,"parent":11267,"menu_order":38,"comment_status":"closed","ping_status":"closed","template":"template-contentpage.php","meta":{"_acf_changed":false,"inline_featured_image":false,"_uag_custom_page_level_css":"","site-sidebar-layout":"no-sidebar","site-content-layout":"page-builder","ast-site-content-layout":"","site-content-style":"default","site-sidebar-style":"default","ast-global-header-display":"","ast-banner-title-visibility":"","ast-main-header-display":"","ast-hfb-above-header-display":"","ast-hfb-below-header-display":"","ast-hfb-mobile-header-display":"","site-post-title":"disabled","ast-breadcrumbs-content":"","ast-featured-img":"disabled","footer-sml-layout":"","theme-transparent-header-meta":"default","adv-header-id-meta":"","stick-header-meta":"","header-above-stick-meta":"","header-main-stick-meta":"","header-below-stick-meta":"","astra-migrate-meta-layouts":"default","ast-page-background-enabled":"default","ast-page-background-meta":{"desktop":{"background-color":"","background-image":"","background-repeat":"repeat","background-position":"center center","background-size":"auto","background-attachment":"scroll","background-type":"","background-media":"","overlay-type":"","overlay-color":"","overlay-opacity":"","overlay-gradient":""},"tablet":{"background-color":"","background-image":"","background-repeat":"repeat","background-position":"center center","background-size":"auto","background-attachment":"scroll","background-type":"","background-media":"","overlay-type":"","overlay-color":"","overlay-opacity":"","overlay-gradient":""},"mobile":{"background-color":"","background-image":"","background-repeat":"repeat","background-position":"center center","background-size":"auto","background-attachment":"scroll","background-type":"","background-media":"","overlay-type":"","overlay-color":"","overlay-opacity":"","overlay-gradient":""}},"ast-content-background-meta":{"desktop":{"background-color":"var(--ast-global-color-5)","background-image":"","background-repeat":"repeat","background-position":"center center","background-size":"auto","background-attachment":"scroll","background-type":"","background-media":"","overlay-type":"","overlay-color":"","overlay-opacity":"","overlay-gradient":""},"tablet":{"background-color":"var(--ast-global-color-5)","background-image":"","background-repeat":"repeat","background-position":"center center","background-size":"auto","background-attachment":"scroll","background-type":"","background-media":"","overlay-type":"","overlay-color":"","overlay-opacity":"","overlay-gradient":""},"mobile":{"background-color":"var(--ast-global-color-5)","background-image":"","background-repeat":"repeat","background-position":"center center","background-size":"auto","background-attachment":"scroll","background-type":"","background-media":"","overlay-type":"","overlay-color":"","overlay-opacity":"","overlay-gradient":""}},"_EventAllDay":false,"_EventTimezone":"","_EventStartDate":"","_EventEndDate":"","_EventStartDateUTC":"","_EventEndDateUTC":"","_EventShowMap":false,"_EventShowMapLink":false,"_EventURL":"","_EventCost":"","_EventCostDescription":"","_EventCurrencySymbol":"","_EventCurrencyCode":"","_EventCurrencyPosition":"","_EventDateTimeSeparator":"","_EventTimeRangeSeparator":"","_EventOrganizerID":[],"_EventVenueID":[],"_OrganizerEmail":"","_OrganizerPhone":"","_OrganizerWebsite":"","_VenueAddress":"","_VenueCity":"","_VenueCountry":"","_VenueProvince":"","_VenueState":"","_VenueZip":"","_VenuePhone":"","_VenueURL":"","_VenueStateProvince":"","_VenueLat":"","_VenueLng":"","_VenueShowMap":false,"_VenueShowMapLink":false,"footnotes":""},"class_list":["post-11407","page","type-page","status-publish","hentry"],"acf":[],"uagb_featured_image_src":{"full":false,"thumbnail":false,"medium":false,"medium_large":false,"large":false,"1536x1536":false,"2048x2048":false,"sf-entry-post":false,"sf-thumbnail":false},"uagb_author_info":{"display_name":"Anna Varfolomeeva","author_link":"https:\/\/swiss-fencing.ch\/de\/author\/anna255\/"},"uagb_comment_info":0,"uagb_excerpt":"Veteranen Fechten ist ein Sport, den man in jedem Alter aus\u00fcben kann! Swiss Fencing m\u00f6chte die Tatsache in den Vordergrund stellen, dass Fechten ein Sport ist, den man auch noch [&hellip;]","_links":{"self":[{"href":"https:\/\/swiss-fencing.ch\/de\/wp-json\/wp\/v2\/pages\/11407","targetHints":{"allow":["GET"]}}],"collection":[{"href":"https:\/\/swiss-fencing.ch\/de\/wp-json\/wp\/v2\/pages"}],"about":[{"href":"https:\/\/swiss-fencing.ch\/de\/wp-json\/wp\/v2\/types\/page"}],"author":[{"embeddable":true,"href":"https:\/\/swiss-fencing.ch\/de\/wp-json\/wp\/v2\/users\/9"}],"replies":[{"embeddable":true,"href":"https:\/\/swiss-fencing.ch\/de\/wp-json\/wp\/v2\/comments?post=11407"}],"version-history":[{"count":5,"href":"https:\/\/swiss-fencing.ch\/de\/wp-json\/wp\/v2\/pages\/11407\/revisions"}],"predecessor-version":[{"id":30414,"href":"https:\/\/swiss-fencing.ch\/de\/wp-json\/wp\/v2\/pages\/11407\/revisions\/30414"}],"up":[{"embeddable":true,"href":"https:\/\/swiss-fencing.ch\/de\/wp-json\/wp\/v2\/pages\/11267"}],"wp:attachment":[{"href":"https:\/\/swiss-fencing.ch\/de\/wp-json\/wp\/v2\/media?parent=11407"}],"curies":[{"name":"wp","href":"https:\/\/api.w.org\/{rel}","templated":true}]}}