{"id":13461,"date":"2025-04-23T12:30:17","date_gmt":"2025-04-23T10:30:17","guid":{"rendered":"https:\/\/swiss-fencing.ch\/national\/national\/summer-camp\/"},"modified":"2025-04-23T12:43:44","modified_gmt":"2025-04-23T10:43:44","slug":"summer-camp","status":"publish","type":"page","link":"https:\/\/swiss-fencing.ch\/de\/wettkaempfe\/national\/summer-camp\/","title":{"rendered":"Summer Camp"},"content":{"rendered":"<p><b><span data-contrast=\"auto\">Swiss Fencing Summer Camp 2025<\/span><\/b><span data-ccp-props=\"{&quot;134233117&quot;:false,&quot;134233118&quot;:false,&quot;335559738&quot;:240,&quot;335559739&quot;:240}\">\u00a0<\/span><\/p>\n<p><span data-contrast=\"auto\">Le Swiss Fencing Summer Camp se tiendra durant l&#8217;\u00e9t\u00e9 2025. Ce camp d&#8217;entra\u00eenement a pour objectif de pr\u00e9parer sp\u00e9cifiquement la saison 2025\/26 et s&#8217;adresse \u00e0 l&#8217;ensemble des athl\u00e8tes cadres de Swiss Fencing. La participation est facultative.<\/span><span data-ccp-props=\"{&quot;134233117&quot;:false,&quot;134233118&quot;:false,&quot;335559738&quot;:240,&quot;335559739&quot;:240}\">\u00a0<\/span><\/p>\n<p><span data-contrast=\"auto\">Le camp propose une semaine intensive d&#8217;entra\u00eenement encadr\u00e9e par des professionnel\u00b7le\u00b7s, avec un accent mis sur la technique, la tactique, la condition physique et la pr\u00e9paration mentale. Le d\u00e9veloppement individuel des performances y est prioris\u00e9, tout en favorisant les \u00e9changes au sein de la communaut\u00e9 suisse de l\u2019escrime.<\/span><span data-ccp-props=\"{&quot;134233117&quot;:false,&quot;134233118&quot;:false,&quot;335559738&quot;:240,&quot;335559739&quot;:240}\">\u00a0<\/span><\/p>\n<p><b><span data-contrast=\"auto\">Lieu et p\u00e9riode :<\/span><\/b><span data-ccp-props=\"{&quot;134233117&quot;:false,&quot;134233118&quot;:false,&quot;335559738&quot;:240,&quot;335559739&quot;:240}\">\u00a0<\/span><\/p>\n<p><span data-contrast=\"auto\">Le camp d&#8217;entra\u00eenement se d\u00e9roulera du 28 juillet au 2 ao\u00fbt 2025 au Centro Sportivo Tenero (CST).<\/span><span data-ccp-props=\"{&quot;134233117&quot;:false,&quot;134233118&quot;:false,&quot;335559738&quot;:240,&quot;335559739&quot;:240}\">\u00a0<\/span><\/p>\n<p><b><span data-contrast=\"auto\">Co\u00fbts et inscription :<\/span><\/b><span data-ccp-props=\"{&quot;134233117&quot;:false,&quot;134233118&quot;:false,&quot;335559738&quot;:240,&quot;335559739&quot;:240}\">\u00a0<\/span><\/p>\n<p><span data-contrast=\"auto\">Les frais de participation s&#8217;\u00e9l\u00e8vent \u00e0 CHF 590.\u2013 par athl\u00e8te. La date limite d&#8217;inscription est fix\u00e9e au 30 avril 2025.<\/span><span data-ccp-props=\"{&quot;134233117&quot;:false,&quot;134233118&quot;:false,&quot;335559738&quot;:240,&quot;335559739&quot;:240}\">\u00a0<\/span><\/p>\n<p><b><span data-contrast=\"auto\">Attribution des places :<\/span><\/b><span data-ccp-props=\"{&quot;134233117&quot;:false,&quot;134233118&quot;:false,&quot;335559738&quot;:240,&quot;335559739&quot;:240}\">\u00a0<\/span><\/p>\n<p><span data-contrast=\"auto\">Un total de 30 places est disponible. L&#8217;attribution se fera selon les crit\u00e8res suivants :<\/span><span data-ccp-props=\"{&quot;134233117&quot;:false,&quot;134233118&quot;:false,&quot;335559738&quot;:240,&quot;335559739&quot;:240}\">\u00a0<\/span><\/p>\n<ul>\n<li data-leveltext=\"\uf0b7\" data-font=\"Symbol\" data-listid=\"2\" data-list-defn-props=\"{&quot;335552541&quot;:1,&quot;335559685&quot;:720,&quot;335559991&quot;:360,&quot;469769226&quot;:&quot;Symbol&quot;,&quot;469769242&quot;:[8226],&quot;469777803&quot;:&quot;left&quot;,&quot;469777804&quot;:&quot;\uf0b7&quot;,&quot;469777815&quot;:&quot;hybridMultilevel&quot;}\" aria-setsize=\"-1\" data-aria-posinset=\"1\" data-aria-level=\"1\"><span data-contrast=\"auto\">8 places (4 femmes \/ 4 hommes) seront r\u00e9serv\u00e9es aux athl\u00e8tes U20 les mieux class\u00e9\u00b7e\u00b7s du classement de s\u00e9lection, sous r\u00e9serve de leur inscription au camp.<\/span><span data-ccp-props=\"{&quot;134233117&quot;:false,&quot;134233118&quot;:false,&quot;335559738&quot;:240,&quot;335559739&quot;:240}\">\u00a0<\/span><\/li>\n<\/ul>\n<ul>\n<li data-leveltext=\"\uf0b7\" data-font=\"Symbol\" data-listid=\"2\" data-list-defn-props=\"{&quot;335552541&quot;:1,&quot;335559685&quot;:720,&quot;335559991&quot;:360,&quot;469769226&quot;:&quot;Symbol&quot;,&quot;469769242&quot;:[8226],&quot;469777803&quot;:&quot;left&quot;,&quot;469777804&quot;:&quot;\uf0b7&quot;,&quot;469777815&quot;:&quot;hybridMultilevel&quot;}\" aria-setsize=\"-1\" data-aria-posinset=\"2\" data-aria-level=\"1\"><span data-contrast=\"auto\">16 places (8 femmes \/ 8 hommes) seront attribu\u00e9es aux athl\u00e8tes U17 les mieux class\u00e9\u00b7e\u00b7s du classement de s\u00e9lection, \u00e0 condition qu\u2019une inscription ait \u00e9t\u00e9 effectu\u00e9e.<\/span><span data-ccp-props=\"{&quot;134233117&quot;:false,&quot;134233118&quot;:false,&quot;335559738&quot;:240,&quot;335559739&quot;:240}\">\u00a0<\/span><\/li>\n<\/ul>\n<ul>\n<li data-leveltext=\"\uf0b7\" data-font=\"Symbol\" data-listid=\"2\" data-list-defn-props=\"{&quot;335552541&quot;:1,&quot;335559685&quot;:720,&quot;335559991&quot;:360,&quot;469769226&quot;:&quot;Symbol&quot;,&quot;469769242&quot;:[8226],&quot;469777803&quot;:&quot;left&quot;,&quot;469777804&quot;:&quot;\uf0b7&quot;,&quot;469777815&quot;:&quot;hybridMultilevel&quot;}\" aria-setsize=\"-1\" data-aria-posinset=\"3\" data-aria-level=\"1\"><span data-contrast=\"auto\">6 places suppl\u00e9mentaires seront attribu\u00e9es sous forme de Wild Cards.<\/span><span data-ccp-props=\"{&quot;134233117&quot;:false,&quot;134233118&quot;:false,&quot;335559738&quot;:240,&quot;335559739&quot;:240}\">\u00a0<\/span><\/li>\n<\/ul>\n<p><b><span data-contrast=\"none\">Pr\u00e9inscription<br \/>\n<\/span><\/b><a href=\"https:\/\/forms.office.com\/e\/4ZTpXtXqrr\"><span data-contrast=\"none\">https:\/\/forms.office.com\/e\/4ZTpXtXqrr<\/span><\/a><\/p>\n<p>&nbsp;<\/p>\n","protected":false},"excerpt":{"rendered":"<p>Swiss Fencing Summer Camp 2025\u00a0 Le Swiss Fencing Summer Camp se tiendra durant l&#8217;\u00e9t\u00e9 2025. Ce camp d&#8217;entra\u00eenement a pour objectif de pr\u00e9parer sp\u00e9cifiquement la saison 2025\/26 et s&#8217;adresse \u00e0 [&hellip;]<\/p>\n","protected":false},"author":9,"featured_media":0,"parent":13440,"menu_order":89,"comment_status":"closed","ping_status":"closed","template":"","meta":{"_acf_changed":false,"inline_featured_image":false,"_uag_custom_page_level_css":"","site-sidebar-layout":"default","site-content-layout":"default","ast-site-content-layout":"","site-content-style":"default","site-sidebar-style":"default","ast-global-header-display":"","ast-banner-title-visibility":"","ast-main-header-display":"","ast-hfb-above-header-display":"","ast-hfb-below-header-display":"","ast-hfb-mobile-header-display":"","site-post-title":"","ast-breadcrumbs-content":"","ast-featured-img":"","footer-sml-layout":"","theme-transparent-header-meta":"default","adv-header-id-meta":"","stick-header-meta":"","header-above-stick-meta":"","header-main-stick-meta":"","header-below-stick-meta":"","astra-migrate-meta-layouts":"set","ast-page-background-enabled":"default","ast-page-background-meta":{"desktop":{"background-color":"","background-image":"","background-repeat":"repeat","background-position":"center center","background-size":"auto","background-attachment":"scroll","background-type":"","background-media":"","overlay-type":"","overlay-color":"","overlay-opacity":"","overlay-gradient":""},"tablet":{"background-color":"","background-image":"","background-repeat":"repeat","background-position":"center center","background-size":"auto","background-attachment":"scroll","background-type":"","background-media":"","overlay-type":"","overlay-color":"","overlay-opacity":"","overlay-gradient":""},"mobile":{"background-color":"","background-image":"","background-repeat":"repeat","background-position":"center center","background-size":"auto","background-attachment":"scroll","background-type":"","background-media":"","overlay-type":"","overlay-color":"","overlay-opacity":"","overlay-gradient":""}},"ast-content-background-meta":{"desktop":{"background-color":"var(--ast-global-color-5)","background-image":"","background-repeat":"repeat","background-position":"center center","background-size":"auto","background-attachment":"scroll","background-type":"","background-media":"","overlay-type":"","overlay-color":"","overlay-opacity":"","overlay-gradient":""},"tablet":{"background-color":"var(--ast-global-color-5)","background-image":"","background-repeat":"repeat","background-position":"center center","background-size":"auto","background-attachment":"scroll","background-type":"","background-media":"","overlay-type":"","overlay-color":"","overlay-opacity":"","overlay-gradient":""},"mobile":{"background-color":"var(--ast-global-color-5)","background-image":"","background-repeat":"repeat","background-position":"center center","background-size":"auto","background-attachment":"scroll","background-type":"","background-media":"","overlay-type":"","overlay-color":"","overlay-opacity":"","overlay-gradient":""}},"_EventAllDay":false,"_EventTimezone":"","_EventStartDate":"","_EventEndDate":"","_EventStartDateUTC":"","_EventEndDateUTC":"","_EventShowMap":false,"_EventShowMapLink":false,"_EventURL":"","_EventCost":"","_EventCostDescription":"","_EventCurrencySymbol":"","_EventCurrencyCode":"","_EventCurrencyPosition":"","_EventDateTimeSeparator":"","_EventTimeRangeSeparator":"","_EventOrganizerID":[],"_EventVenueID":[],"_OrganizerEmail":"","_OrganizerPhone":"","_OrganizerWebsite":"","_VenueAddress":"","_VenueCity":"","_VenueCountry":"","_VenueProvince":"","_VenueState":"","_VenueZip":"","_VenuePhone":"","_VenueURL":"","_VenueStateProvince":"","_VenueLat":"","_VenueLng":"","_VenueShowMap":false,"_VenueShowMapLink":false,"footnotes":""},"class_list":["post-13461","page","type-page","status-publish","hentry"],"acf":[],"uagb_featured_image_src":{"full":false,"thumbnail":false,"medium":false,"medium_large":false,"large":false,"1536x1536":false,"2048x2048":false,"sf-entry-post":false,"sf-thumbnail":false},"uagb_author_info":{"display_name":"Anna Varfolomeeva","author_link":"https:\/\/swiss-fencing.ch\/de\/author\/anna255\/"},"uagb_comment_info":0,"uagb_excerpt":"Swiss Fencing Summer Camp 2025\u00a0 Le Swiss Fencing Summer Camp se tiendra durant l&#8217;\u00e9t\u00e9 2025. Ce camp d&#8217;entra\u00eenement a pour objectif de pr\u00e9parer sp\u00e9cifiquement la saison 2025\/26 et s&#8217;adresse \u00e0 [&hellip;]","_links":{"self":[{"href":"https:\/\/swiss-fencing.ch\/de\/wp-json\/wp\/v2\/pages\/13461","targetHints":{"allow":["GET"]}}],"collection":[{"href":"https:\/\/swiss-fencing.ch\/de\/wp-json\/wp\/v2\/pages"}],"about":[{"href":"https:\/\/swiss-fencing.ch\/de\/wp-json\/wp\/v2\/types\/page"}],"author":[{"embeddable":true,"href":"https:\/\/swiss-fencing.ch\/de\/wp-json\/wp\/v2\/users\/9"}],"replies":[{"embeddable":true,"href":"https:\/\/swiss-fencing.ch\/de\/wp-json\/wp\/v2\/comments?post=13461"}],"version-history":[{"count":5,"href":"https:\/\/swiss-fencing.ch\/de\/wp-json\/wp\/v2\/pages\/13461\/revisions"}],"predecessor-version":[{"id":48927,"href":"https:\/\/swiss-fencing.ch\/de\/wp-json\/wp\/v2\/pages\/13461\/revisions\/48927"}],"up":[{"embeddable":true,"href":"https:\/\/swiss-fencing.ch\/de\/wp-json\/wp\/v2\/pages\/13440"}],"wp:attachment":[{"href":"https:\/\/swiss-fencing.ch\/de\/wp-json\/wp\/v2\/media?parent=13461"}],"curies":[{"name":"wp","href":"https:\/\/api.w.org\/{rel}","templated":true}]}}