{"id":13504,"date":"2022-05-09T10:33:03","date_gmt":"2022-05-09T08:33:03","guid":{"rendered":"https:\/\/swiss-fencing.ch\/medien-sponsoring\/medien\/mediencenter\/"},"modified":"2023-07-10T17:13:39","modified_gmt":"2023-07-10T15:13:39","slug":"brandbook","status":"publish","type":"page","link":"https:\/\/swiss-fencing.ch\/de\/medien-sponsoring\/medien\/brandbook\/","title":{"rendered":"Media Center"},"content":{"rendered":"\t\t<div data-elementor-type=\"wp-page\" data-elementor-id=\"13504\" class=\"elementor elementor-13504 elementor-2088\" data-elementor-post-type=\"page\">\n\t\t\t\t\t\t<section class=\"elementor-section elementor-top-section elementor-element elementor-element-3a2d494 elementor-section-boxed elementor-section-height-default elementor-section-height-default\" data-id=\"3a2d494\" data-element_type=\"section\" data-e-type=\"section\">\n\t\t\t\t\t\t<div class=\"elementor-container elementor-column-gap-default\">\n\t\t\t\t\t<div class=\"elementor-column elementor-col-100 elementor-top-column elementor-element elementor-element-e552a7b\" data-id=\"e552a7b\" data-element_type=\"column\" data-e-type=\"column\">\n\t\t\t<div class=\"elementor-widget-wrap elementor-element-populated\">\n\t\t\t\t\t\t<div class=\"elementor-element elementor-element-a7d79fa elementor-widget elementor-widget-spacer\" data-id=\"a7d79fa\" data-element_type=\"widget\" data-e-type=\"widget\" data-widget_type=\"spacer.default\">\n\t\t\t\t<div class=\"elementor-widget-container\">\n\t\t\t\t\t\t\t<div class=\"elementor-spacer\">\n\t\t\t<div class=\"elementor-spacer-inner\"><\/div>\n\t\t<\/div>\n\t\t\t\t\t\t<\/div>\n\t\t\t\t<\/div>\n\t\t\t\t\t<\/div>\n\t\t<\/div>\n\t\t\t\t\t<\/div>\n\t\t<\/section>\n\t\t\t\t<section class=\"elementor-section elementor-top-section elementor-element elementor-element-921d8c0 elementor-section-boxed elementor-section-height-default elementor-section-height-default\" data-id=\"921d8c0\" data-element_type=\"section\" data-e-type=\"section\">\n\t\t\t\t\t\t<div class=\"elementor-container elementor-column-gap-default\">\n\t\t\t\t\t<div class=\"elementor-column elementor-col-50 elementor-top-column elementor-element elementor-element-a3cafbd\" data-id=\"a3cafbd\" data-element_type=\"column\" data-e-type=\"column\">\n\t\t\t<div class=\"elementor-widget-wrap elementor-element-populated\">\n\t\t\t\t\t\t<div class=\"elementor-element elementor-element-91e5e94 elementor-widget elementor-widget-text-editor\" data-id=\"91e5e94\" data-element_type=\"widget\" data-e-type=\"widget\" data-widget_type=\"text-editor.default\">\n\t\t\t\t<div class=\"elementor-widget-container\">\n\t\t\t\t\t\t\t\t\t<h4 class=\"wp-block-heading\"><span style=\"color: #000000;\">SWISS FENCING<\/span><\/h4>\n<p class=\"wp-block-heading\"><strong>Corporate Design<\/strong><\/p>\n\t\t\t\t\t\t\t\t<\/div>\n\t\t\t\t<\/div>\n\t\t\t\t\t<\/div>\n\t\t<\/div>\n\t\t\t\t<div class=\"elementor-column elementor-col-50 elementor-top-column elementor-element elementor-element-2f43a63\" data-id=\"2f43a63\" data-element_type=\"column\" data-e-type=\"column\">\n\t\t\t<div class=\"elementor-widget-wrap elementor-element-populated\">\n\t\t\t\t\t\t<div class=\"elementor-element elementor-element-65f847b elementor-widget elementor-widget-text-editor\" data-id=\"65f847b\" data-element_type=\"widget\" data-e-type=\"widget\" data-widget_type=\"text-editor.default\">\n\t\t\t\t<div class=\"elementor-widget-container\">\n\t\t\t\t\t\t\t\t\t<p style=\"font-size: 18px;\">Die Schriftart SWISS FENCING ist einfach, gewagt, aber rund und zug\u00e4nglich. Sie wirkt klar, einfach und effizient. Das projizierte Gesamtbild ist das von Klarheit, Zeitlosigkeit und Zweckm\u00e4\u00dfigkeit.<\/p><p style=\"font-size: 18px;\">Die Farbpalette von SWISS FENCING vermittelt Pr\u00e4zision, Zuverl\u00e4ssigkeit und Stabilit\u00e4t.\u00a0<\/p>\t\t\t\t\t\t\t\t<\/div>\n\t\t\t\t<\/div>\n\t\t\t\t\t<\/div>\n\t\t<\/div>\n\t\t\t\t\t<\/div>\n\t\t<\/section>\n\t\t\t\t<section class=\"elementor-section elementor-top-section elementor-element elementor-element-1bffe23 elementor-section-boxed elementor-section-height-default elementor-section-height-default\" data-id=\"1bffe23\" data-element_type=\"section\" data-e-type=\"section\">\n\t\t\t\t\t\t<div class=\"elementor-container elementor-column-gap-default\">\n\t\t\t\t\t<div class=\"elementor-column elementor-col-50 elementor-top-column elementor-element elementor-element-9738374\" data-id=\"9738374\" data-element_type=\"column\" data-e-type=\"column\">\n\t\t\t<div class=\"elementor-widget-wrap elementor-element-populated\">\n\t\t\t\t\t\t<div class=\"elementor-element elementor-element-26341b5 elementor-widget elementor-widget-text-editor\" data-id=\"26341b5\" data-element_type=\"widget\" data-e-type=\"widget\" data-widget_type=\"text-editor.default\">\n\t\t\t\t<div class=\"elementor-widget-container\">\n\t\t\t\t\t\t\t\t\t<h4 class=\"wp-block-heading\"><span style=\"color: #000000;\">Logo<\/span><\/h4><p><span style=\"color: #000000;\">Logo Pack | CMYK &#8211; RGB &#8211; Pantone<\/span><\/p><div class=\"wp-block-file\"><span style=\"color: #000000;\"><a id=\"wp-block-file--media-dfe5a6dc-8ea7-4ba2-9b7b-54353f23ccb6\" style=\"color: #000000;\" href=\"https:\/\/swiss-fencing.ch\/wp-content\/uploads\/2021\/11\/SwissFencing-Logo.zip\">SwissFencing &#8211; Logo\u00a0 <\/a><span style=\"color: #ffffff;\"><a class=\"wp-block-file__button wp-element-button\" style=\"color: #ffffff;\" href=\"https:\/\/swiss-fencing.ch\/wp-content\/uploads\/2021\/11\/SwissFencing-Logo.zip\" download=\"\" aria-describedby=\"wp-block-file--media-dfe5a6dc-8ea7-4ba2-9b7b-54353f23ccb6\">Download<\/a><\/span><\/span><\/div>\t\t\t\t\t\t\t\t<\/div>\n\t\t\t\t<\/div>\n\t\t\t\t\t<\/div>\n\t\t<\/div>\n\t\t\t\t<div class=\"elementor-column elementor-col-50 elementor-top-column elementor-element elementor-element-e850b6b\" data-id=\"e850b6b\" data-element_type=\"column\" data-e-type=\"column\">\n\t\t\t<div class=\"elementor-widget-wrap elementor-element-populated\">\n\t\t\t\t\t\t<div class=\"elementor-element elementor-element-3b206e5 elementor-widget__width-initial elementor-widget elementor-widget-image\" data-id=\"3b206e5\" data-element_type=\"widget\" data-e-type=\"widget\" data-widget_type=\"image.default\">\n\t\t\t\t<div class=\"elementor-widget-container\">\n\t\t\t\t\t\t\t\t\t\t\t\t\t\t\t<img fetchpriority=\"high\" decoding=\"async\" width=\"600\" height=\"360\" src=\"https:\/\/swiss-fencing.ch\/wp-content\/uploads\/2021\/11\/logo.jpg\" class=\"attachment-large size-large wp-image-5241\" alt=\"\" srcset=\"https:\/\/swiss-fencing.ch\/wp-content\/uploads\/2021\/11\/logo.jpg 600w, https:\/\/swiss-fencing.ch\/wp-content\/uploads\/2021\/11\/logo-300x180.jpg 300w\" sizes=\"(max-width: 600px) 100vw, 600px\" \/>\t\t\t\t\t\t\t\t\t\t\t\t\t\t\t<\/div>\n\t\t\t\t<\/div>\n\t\t\t\t\t<\/div>\n\t\t<\/div>\n\t\t\t\t\t<\/div>\n\t\t<\/section>\n\t\t\t\t<section class=\"elementor-section elementor-top-section elementor-element elementor-element-965ffe8 elementor-section-boxed elementor-section-height-default elementor-section-height-default\" data-id=\"965ffe8\" data-element_type=\"section\" data-e-type=\"section\">\n\t\t\t\t\t\t<div class=\"elementor-container elementor-column-gap-default\">\n\t\t\t\t\t<div class=\"elementor-column elementor-col-50 elementor-top-column elementor-element elementor-element-12702e8\" data-id=\"12702e8\" data-element_type=\"column\" data-e-type=\"column\">\n\t\t\t<div class=\"elementor-widget-wrap elementor-element-populated\">\n\t\t\t\t\t\t<div class=\"elementor-element elementor-element-00dfceb elementor-widget elementor-widget-text-editor\" data-id=\"00dfceb\" data-element_type=\"widget\" data-e-type=\"widget\" data-widget_type=\"text-editor.default\">\n\t\t\t\t<div class=\"elementor-widget-container\">\n\t\t\t\t\t\t\t\t\t<h4 aria-hidden=\"true\"><span style=\"color: #000000;\">Schweizerkreuz<\/span><\/h4><p aria-hidden=\"true\"><span style=\"color: #000000;\">PDF File<\/span><\/p><div class=\"wp-block-media-text has-media-on-the-right is-stacked-on-mobile is-vertically-aligned-center\" style=\"grid-template-columns: auto 35%;\"><div class=\"wp-block-media-text__content\"><div class=\"wp-block-file\"><span style=\"color: #000000;\"><a id=\"wp-block-file--media-8ac90b27-98ec-4e24-a75a-6686a412b840\" style=\"color: #000000;\" href=\"https:\/\/swiss-fencing.ch\/wp-content\/uploads\/2021\/11\/croix-Suisse.pdf\">Schweizerkreuz \u00a0<\/a><span style=\"color: #ffffff;\"><a class=\"wp-block-file__button wp-element-button\" style=\"color: #ffffff;\" href=\"https:\/\/swiss-fencing.ch\/wp-content\/uploads\/2021\/11\/croix-Suisse.pdf\" download=\"\" aria-describedby=\"wp-block-file--media-8ac90b27-98ec-4e24-a75a-6686a412b840\">Download<\/a><\/span><\/span><\/div><\/div><\/div>\t\t\t\t\t\t\t\t<\/div>\n\t\t\t\t<\/div>\n\t\t\t\t\t<\/div>\n\t\t<\/div>\n\t\t\t\t<div class=\"elementor-column elementor-col-50 elementor-top-column elementor-element elementor-element-b03d741\" data-id=\"b03d741\" data-element_type=\"column\" data-e-type=\"column\">\n\t\t\t<div class=\"elementor-widget-wrap elementor-element-populated\">\n\t\t\t\t\t\t<div class=\"elementor-element elementor-element-c6964d6 elementor-widget__width-initial elementor-widget elementor-widget-image\" data-id=\"c6964d6\" data-element_type=\"widget\" data-e-type=\"widget\" data-widget_type=\"image.default\">\n\t\t\t\t<div class=\"elementor-widget-container\">\n\t\t\t\t\t\t\t\t\t\t\t\t\t\t\t<img decoding=\"async\" width=\"600\" height=\"360\" src=\"https:\/\/swiss-fencing.ch\/wp-content\/uploads\/2021\/11\/croix.jpg\" class=\"attachment-large size-large wp-image-5237\" alt=\"\" srcset=\"https:\/\/swiss-fencing.ch\/wp-content\/uploads\/2021\/11\/croix.jpg 600w, https:\/\/swiss-fencing.ch\/wp-content\/uploads\/2021\/11\/croix-300x180.jpg 300w\" sizes=\"(max-width: 600px) 100vw, 600px\" \/>\t\t\t\t\t\t\t\t\t\t\t\t\t\t\t<\/div>\n\t\t\t\t<\/div>\n\t\t\t\t\t<\/div>\n\t\t<\/div>\n\t\t\t\t\t<\/div>\n\t\t<\/section>\n\t\t\t\t<section class=\"elementor-section elementor-top-section elementor-element elementor-element-af69f65 elementor-section-boxed elementor-section-height-default elementor-section-height-default\" data-id=\"af69f65\" data-element_type=\"section\" data-e-type=\"section\">\n\t\t\t\t\t\t<div class=\"elementor-container elementor-column-gap-default\">\n\t\t\t\t\t<div class=\"elementor-column elementor-col-50 elementor-top-column elementor-element elementor-element-a44cbe5\" data-id=\"a44cbe5\" data-element_type=\"column\" data-e-type=\"column\">\n\t\t\t<div class=\"elementor-widget-wrap elementor-element-populated\">\n\t\t\t\t\t\t<div class=\"elementor-element elementor-element-eaf8a5c elementor-widget elementor-widget-text-editor\" data-id=\"eaf8a5c\" data-element_type=\"widget\" data-e-type=\"widget\" data-widget_type=\"text-editor.default\">\n\t\t\t\t<div class=\"elementor-widget-container\">\n\t\t\t\t\t\t\t\t\t<h4 class=\"wp-block-heading\"><span style=\"color: #000000;\">Typographie<\/span><\/h4>\n<p> <\/p>\n<h4 aria-hidden=\"true\"><span style=\"color: #000000;\"><\/span><\/h4>\n<p><span style=\"color: #000000;\">Euclid by Emmanuel Rey \/\/ Swiss Typefaces <span style=\"text-decoration: underline;\"><a style=\"color: #000000; text-decoration: underline;\" href=\"http:\/\/www.swisstypefaces.com\/fonts\/euclid\/#font\" target=\"_blank\" rel=\"noreferrer noopener\" data-type=\"URL\" data-id=\"www.swisstypefaces.com\/fonts\/euclid\/#font\">www.swisstypefaces.com\/fonts\/euclid\/#font<\/a><\/span><\/span><\/p>\n<div class=\"wp-block-media-text has-media-on-the-right is-stacked-on-mobile is-vertically-aligned-center\" style=\"grid-template-columns: auto 35%;\">\n<div class=\"wp-block-media-text__content\"> <\/div>\n<\/div>\t\t\t\t\t\t\t\t<\/div>\n\t\t\t\t<\/div>\n\t\t\t\t\t<\/div>\n\t\t<\/div>\n\t\t\t\t<div class=\"elementor-column elementor-col-50 elementor-top-column elementor-element elementor-element-1f1c1aa\" data-id=\"1f1c1aa\" data-element_type=\"column\" data-e-type=\"column\">\n\t\t\t<div class=\"elementor-widget-wrap elementor-element-populated\">\n\t\t\t\t\t\t<div class=\"elementor-element elementor-element-a2dde6a elementor-widget__width-initial elementor-widget elementor-widget-image\" data-id=\"a2dde6a\" data-element_type=\"widget\" data-e-type=\"widget\" data-widget_type=\"image.default\">\n\t\t\t\t<div class=\"elementor-widget-container\">\n\t\t\t\t\t\t\t\t\t\t\t\t\t\t\t<img decoding=\"async\" width=\"600\" height=\"360\" src=\"https:\/\/swiss-fencing.ch\/wp-content\/uploads\/2021\/11\/typo.jpg\" class=\"attachment-large size-large wp-image-5245\" alt=\"\" srcset=\"https:\/\/swiss-fencing.ch\/wp-content\/uploads\/2021\/11\/typo.jpg 600w, https:\/\/swiss-fencing.ch\/wp-content\/uploads\/2021\/11\/typo-300x180.jpg 300w\" sizes=\"(max-width: 600px) 100vw, 600px\" \/>\t\t\t\t\t\t\t\t\t\t\t\t\t\t\t<\/div>\n\t\t\t\t<\/div>\n\t\t\t\t\t<\/div>\n\t\t<\/div>\n\t\t\t\t\t<\/div>\n\t\t<\/section>\n\t\t\t\t<section class=\"elementor-section elementor-top-section elementor-element elementor-element-c9826e3 elementor-section-boxed elementor-section-height-default elementor-section-height-default\" data-id=\"c9826e3\" data-element_type=\"section\" data-e-type=\"section\">\n\t\t\t\t\t\t<div class=\"elementor-container elementor-column-gap-default\">\n\t\t\t\t\t<div class=\"elementor-column elementor-col-50 elementor-top-column elementor-element elementor-element-8892d10\" data-id=\"8892d10\" data-element_type=\"column\" data-e-type=\"column\">\n\t\t\t<div class=\"elementor-widget-wrap elementor-element-populated\">\n\t\t\t\t\t\t<div class=\"elementor-element elementor-element-c7d2ed0 elementor-widget elementor-widget-text-editor\" data-id=\"c7d2ed0\" data-element_type=\"widget\" data-e-type=\"widget\" data-widget_type=\"text-editor.default\">\n\t\t\t\t<div class=\"elementor-widget-container\">\n\t\t\t\t\t\t\t\t\t<h4 aria-hidden=\"true\"><span style=\"color: #000000;\"><strong>Farben<\/strong><\/span><\/h4>\n<p> <\/p>\n<div>\n<div>\n<p>ROUGE PANT 485C<br>CMYK 0\/100\/100\/0<br>RGB 255 \/ 0 \/ 0<\/p>\n<p>PANT Process Black C<br>CMYK 0\/0\/0\/100<br>HEX 0\/0\/0<\/p>\n<\/div>\n<\/div>\t\t\t\t\t\t\t\t<\/div>\n\t\t\t\t<\/div>\n\t\t\t\t\t<\/div>\n\t\t<\/div>\n\t\t\t\t<div class=\"elementor-column elementor-col-50 elementor-top-column elementor-element elementor-element-4422841\" data-id=\"4422841\" data-element_type=\"column\" data-e-type=\"column\">\n\t\t\t<div class=\"elementor-widget-wrap elementor-element-populated\">\n\t\t\t\t\t\t<div class=\"elementor-element elementor-element-d76fcc7 elementor-widget__width-initial elementor-widget elementor-widget-image\" data-id=\"d76fcc7\" data-element_type=\"widget\" data-e-type=\"widget\" data-widget_type=\"image.default\">\n\t\t\t\t<div class=\"elementor-widget-container\">\n\t\t\t\t\t\t\t\t\t\t\t\t\t\t\t<img loading=\"lazy\" decoding=\"async\" width=\"600\" height=\"360\" src=\"https:\/\/swiss-fencing.ch\/wp-content\/uploads\/2021\/11\/colors.jpg\" class=\"attachment-large size-large wp-image-5249\" alt=\"\" srcset=\"https:\/\/swiss-fencing.ch\/wp-content\/uploads\/2021\/11\/colors.jpg 600w, https:\/\/swiss-fencing.ch\/wp-content\/uploads\/2021\/11\/colors-300x180.jpg 300w\" sizes=\"(max-width: 600px) 100vw, 600px\" \/>\t\t\t\t\t\t\t\t\t\t\t\t\t\t\t<\/div>\n\t\t\t\t<\/div>\n\t\t\t\t\t<\/div>\n\t\t<\/div>\n\t\t\t\t\t<\/div>\n\t\t<\/section>\n\t\t\t\t<\/div>\n\t\t","protected":false},"excerpt":{"rendered":"<p>SWISS FENCING Corporate Design Die Schriftart SWISS FENCING ist einfach, gewagt, aber rund und zug\u00e4nglich. Sie wirkt klar, einfach und effizient. Das projizierte Gesamtbild ist das von Klarheit, Zeitlosigkeit und [&hellip;]<\/p>\n","protected":false},"author":9,"featured_media":0,"parent":13502,"menu_order":129,"comment_status":"closed","ping_status":"closed","template":"","meta":{"_acf_changed":false,"inline_featured_image":false,"_uag_custom_page_level_css":"","site-sidebar-layout":"default","site-content-layout":"page-builder","ast-site-content-layout":"","site-content-style":"default","site-sidebar-style":"default","ast-global-header-display":"","ast-banner-title-visibility":"","ast-main-header-display":"","ast-hfb-above-header-display":"","ast-hfb-below-header-display":"","ast-hfb-mobile-header-display":"","site-post-title":"disabled","ast-breadcrumbs-content":"","ast-featured-img":"","footer-sml-layout":"","theme-transparent-header-meta":"default","adv-header-id-meta":"","stick-header-meta":"","header-above-stick-meta":"","header-main-stick-meta":"","header-below-stick-meta":"","astra-migrate-meta-layouts":"default","ast-page-background-enabled":"default","ast-page-background-meta":{"desktop":{"background-color":"","background-image":"","background-repeat":"repeat","background-position":"center center","background-size":"auto","background-attachment":"scroll","background-type":"","background-media":"","overlay-type":"","overlay-color":"","overlay-opacity":"","overlay-gradient":""},"tablet":{"background-color":"","background-image":"","background-repeat":"repeat","background-position":"center center","background-size":"auto","background-attachment":"scroll","background-type":"","background-media":"","overlay-type":"","overlay-color":"","overlay-opacity":"","overlay-gradient":""},"mobile":{"background-color":"","background-image":"","background-repeat":"repeat","background-position":"center center","background-size":"auto","background-attachment":"scroll","background-type":"","background-media":"","overlay-type":"","overlay-color":"","overlay-opacity":"","overlay-gradient":""}},"ast-content-background-meta":{"desktop":{"background-color":"var(--ast-global-color-5)","background-image":"","background-repeat":"repeat","background-position":"center center","background-size":"auto","background-attachment":"scroll","background-type":"","background-media":"","overlay-type":"","overlay-color":"","overlay-opacity":"","overlay-gradient":""},"tablet":{"background-color":"var(--ast-global-color-5)","background-image":"","background-repeat":"repeat","background-position":"center center","background-size":"auto","background-attachment":"scroll","background-type":"","background-media":"","overlay-type":"","overlay-color":"","overlay-opacity":"","overlay-gradient":""},"mobile":{"background-color":"var(--ast-global-color-5)","background-image":"","background-repeat":"repeat","background-position":"center center","background-size":"auto","background-attachment":"scroll","background-type":"","background-media":"","overlay-type":"","overlay-color":"","overlay-opacity":"","overlay-gradient":""}},"_EventAllDay":false,"_EventTimezone":"","_EventStartDate":"","_EventEndDate":"","_EventStartDateUTC":"","_EventEndDateUTC":"","_EventShowMap":false,"_EventShowMapLink":false,"_EventURL":"","_EventCost":"","_EventCostDescription":"","_EventCurrencySymbol":"","_EventCurrencyCode":"","_EventCurrencyPosition":"","_EventDateTimeSeparator":"","_EventTimeRangeSeparator":"","_EventOrganizerID":[],"_EventVenueID":[],"_OrganizerEmail":"","_OrganizerPhone":"","_OrganizerWebsite":"","_VenueAddress":"","_VenueCity":"","_VenueCountry":"","_VenueProvince":"","_VenueState":"","_VenueZip":"","_VenuePhone":"","_VenueURL":"","_VenueStateProvince":"","_VenueLat":"","_VenueLng":"","_VenueShowMap":false,"_VenueShowMapLink":false,"footnotes":""},"class_list":["post-13504","page","type-page","status-publish","hentry"],"acf":[],"uagb_featured_image_src":{"full":false,"thumbnail":false,"medium":false,"medium_large":false,"large":false,"1536x1536":false,"2048x2048":false,"sf-entry-post":false,"sf-thumbnail":false},"uagb_author_info":{"display_name":"Anna Varfolomeeva","author_link":"https:\/\/swiss-fencing.ch\/de\/author\/anna255\/"},"uagb_comment_info":0,"uagb_excerpt":"SWISS FENCING Corporate Design Die Schriftart SWISS FENCING ist einfach, gewagt, aber rund und zug\u00e4nglich. Sie wirkt klar, einfach und effizient. Das projizierte Gesamtbild ist das von Klarheit, Zeitlosigkeit und [&hellip;]","_links":{"self":[{"href":"https:\/\/swiss-fencing.ch\/de\/wp-json\/wp\/v2\/pages\/13504","targetHints":{"allow":["GET"]}}],"collection":[{"href":"https:\/\/swiss-fencing.ch\/de\/wp-json\/wp\/v2\/pages"}],"about":[{"href":"https:\/\/swiss-fencing.ch\/de\/wp-json\/wp\/v2\/types\/page"}],"author":[{"embeddable":true,"href":"https:\/\/swiss-fencing.ch\/de\/wp-json\/wp\/v2\/users\/9"}],"replies":[{"embeddable":true,"href":"https:\/\/swiss-fencing.ch\/de\/wp-json\/wp\/v2\/comments?post=13504"}],"version-history":[{"count":5,"href":"https:\/\/swiss-fencing.ch\/de\/wp-json\/wp\/v2\/pages\/13504\/revisions"}],"predecessor-version":[{"id":31293,"href":"https:\/\/swiss-fencing.ch\/de\/wp-json\/wp\/v2\/pages\/13504\/revisions\/31293"}],"up":[{"embeddable":true,"href":"https:\/\/swiss-fencing.ch\/de\/wp-json\/wp\/v2\/pages\/13502"}],"wp:attachment":[{"href":"https:\/\/swiss-fencing.ch\/de\/wp-json\/wp\/v2\/media?parent=13504"}],"curies":[{"name":"wp","href":"https:\/\/api.w.org\/{rel}","templated":true}]}}