{"id":13782,"date":"2022-09-06T17:00:35","date_gmt":"2022-09-06T15:00:35","guid":{"rendered":"https:\/\/swiss-fencing.ch\/swiss-fencing\/ausbildung\/arbitrage\/"},"modified":"2025-09-09T10:03:40","modified_gmt":"2025-09-09T08:03:40","slug":"kampfrichterwesen","status":"publish","type":"page","link":"https:\/\/swiss-fencing.ch\/de\/swiss-fencing\/ausbildung\/kampfrichterwesen\/","title":{"rendered":"Kampfrichterwesen"},"content":{"rendered":"\t\t<div data-elementor-type=\"wp-page\" data-elementor-id=\"13782\" class=\"elementor elementor-13782 elementor-929\" data-elementor-post-type=\"page\">\n\t\t\t\t\t\t<section class=\"elementor-section elementor-top-section elementor-element elementor-element-9705acf elementor-section-boxed elementor-section-height-default elementor-section-height-default\" data-id=\"9705acf\" data-element_type=\"section\" data-e-type=\"section\">\n\t\t\t\t\t\t<div class=\"elementor-container elementor-column-gap-default\">\n\t\t\t\t\t<div class=\"elementor-column elementor-col-50 elementor-top-column elementor-element elementor-element-fd513ed\" data-id=\"fd513ed\" data-element_type=\"column\" data-e-type=\"column\">\n\t\t\t<div class=\"elementor-widget-wrap elementor-element-populated\">\n\t\t\t\t\t\t<div class=\"elementor-element elementor-element-765f7a3 elementor-widget elementor-widget-heading\" data-id=\"765f7a3\" data-element_type=\"widget\" data-e-type=\"widget\" data-widget_type=\"heading.default\">\n\t\t\t\t<div class=\"elementor-widget-container\">\n\t\t\t\t\t<h2 class=\"elementor-heading-title elementor-size-default\">Schiedsrichterwesen<\/h2>\t\t\t\t<\/div>\n\t\t\t\t<\/div>\n\t\t\t\t<div class=\"elementor-element elementor-element-028cbe0 elementor-widget elementor-widget-text-editor\" data-id=\"028cbe0\" data-element_type=\"widget\" data-e-type=\"widget\" data-widget_type=\"text-editor.default\">\n\t\t\t\t<div class=\"elementor-widget-container\">\n\t\t\t\t\t\t\t\t\t<p class=\"p1\"><strong>Arbitre Jeunesse (NJ)<\/strong><\/p><p class=\"p1\">Die Ausbildung \u00abArbitre Jeunesse\u00bb ist eine Grundausbildung f\u00fcr Personen, die sich neu als Schiedsrichter*in f\u00fcr den Fechtsport engagieren. Diese Grundausbildung liegt in der Verantwortung der Vereine. Diese stellen sicher, dass die Neuschiedsrichter*innen die wichtigsten Wettkampfregeln (siehe \u00dcbersicht) kennen und diese auch anwenden k\u00f6nnen. Wenn die Neuschiedsrichter*innen ihr theoretisches und praktisches Wissen unter Beweis gestellt haben, macht der Club eine entsprechende Meldung mit Angabe von Name, Vorname, E-Mail-Adresse, Mobiltelefonnummer, Geburtsdatum und Clubzugeh\u00f6rigkeit an Swiss Fencing (bitte auch ein Foto mitschicken). Swiss Fencing erfasst die neuen Schiedsrichter*innen im Ophardt-System und teilt ihnen die Lizenz \u00abNJ\u00bb zu. NJ- Schiedsrichter*innen d\u00fcrfen CNJ-Wettk\u00e4mpfe leiten. Es ist darauf zu achten, dass sie nur in Kategorien eingesetzt werden, die maximal ihrer eigenen entsprechen. Das heisst: Eine 14-j\u00e4hrige NJ-Schiedsrichterin darf alle Wettk\u00e4mpfe leiten, bei denen die Fechter*innen h\u00f6chstens 14 Jahre alt sind.<\/p>\t\t\t\t\t\t\t\t<\/div>\n\t\t\t\t<\/div>\n\t\t\t\t\t<\/div>\n\t\t<\/div>\n\t\t\t\t<div class=\"elementor-column elementor-col-25 elementor-top-column elementor-element elementor-element-0080840\" data-id=\"0080840\" data-element_type=\"column\" data-e-type=\"column\">\n\t\t\t<div class=\"elementor-widget-wrap\">\n\t\t\t\t\t\t\t<\/div>\n\t\t<\/div>\n\t\t\t\t<div class=\"elementor-column elementor-col-25 elementor-top-column elementor-element elementor-element-d3aa43a\" data-id=\"d3aa43a\" data-element_type=\"column\" data-e-type=\"column\">\n\t\t\t<div class=\"elementor-widget-wrap elementor-element-populated\">\n\t\t\t\t\t\t<div class=\"elementor-element elementor-element-b655e2c elementor-widget elementor-widget-image\" data-id=\"b655e2c\" data-element_type=\"widget\" data-e-type=\"widget\" data-widget_type=\"image.default\">\n\t\t\t\t<div class=\"elementor-widget-container\">\n\t\t\t\t\t\t\t\t\t\t\t\t\t\t\t<img fetchpriority=\"high\" decoding=\"async\" width=\"1280\" height=\"960\" src=\"https:\/\/swiss-fencing.ch\/wp-content\/uploads\/2025\/01\/image001-e1736278471175.jpg\" class=\"attachment-1536x1536 size-1536x1536 wp-image-46427\" alt=\"\" \/>\t\t\t\t\t\t\t\t\t\t\t\t\t\t\t<\/div>\n\t\t\t\t<\/div>\n\t\t\t\t<div class=\"elementor-element elementor-element-d925757 elementor-widget elementor-widget-heading\" data-id=\"d925757\" data-element_type=\"widget\" data-e-type=\"widget\" data-widget_type=\"heading.default\">\n\t\t\t\t<div class=\"elementor-widget-container\">\n\t\t\t\t\t<h3 class=\"elementor-heading-title elementor-size-default\">Michel BOSSART<\/h3>\t\t\t\t<\/div>\n\t\t\t\t<\/div>\n\t\t\t\t<div class=\"elementor-element elementor-element-88d0abc elementor-widget elementor-widget-text-editor\" data-id=\"88d0abc\" data-element_type=\"widget\" data-e-type=\"widget\" data-widget_type=\"text-editor.default\">\n\t\t\t\t<div class=\"elementor-widget-container\">\n\t\t\t\t\t\t\t\t\t<p style=\"text-align: center;\"><span class=\"xapple-converted-space\">Leiter\u00a0<\/span>Schiedsrichterwesen<\/p><p style=\"text-align: center;\"><a href=\"mailto:michel.bossart@swiss-fencing.ch\"><img decoding=\"async\" class=\"alignnone wp-image-20062\" src=\"https:\/\/swiss-fencing.ch\/wp-content\/uploads\/2022\/12\/DA1660C4-6184-4645-AC31-CBD84543CB32-150x150.png\" alt=\"\" width=\"30\" height=\"30\" srcset=\"https:\/\/swiss-fencing.ch\/wp-content\/uploads\/2022\/12\/DA1660C4-6184-4645-AC31-CBD84543CB32-150x150.png 150w, https:\/\/swiss-fencing.ch\/wp-content\/uploads\/2022\/12\/DA1660C4-6184-4645-AC31-CBD84543CB32-300x300.png 300w, https:\/\/swiss-fencing.ch\/wp-content\/uploads\/2022\/12\/DA1660C4-6184-4645-AC31-CBD84543CB32-1024x1024.png 1024w, https:\/\/swiss-fencing.ch\/wp-content\/uploads\/2022\/12\/DA1660C4-6184-4645-AC31-CBD84543CB32-768x768.png 768w, https:\/\/swiss-fencing.ch\/wp-content\/uploads\/2022\/12\/DA1660C4-6184-4645-AC31-CBD84543CB32-400x400.png 400w, https:\/\/swiss-fencing.ch\/wp-content\/uploads\/2022\/12\/DA1660C4-6184-4645-AC31-CBD84543CB32.png 1080w\" sizes=\"(max-width: 30px) 100vw, 30px\" \/><\/a><\/p>\t\t\t\t\t\t\t\t<\/div>\n\t\t\t\t<\/div>\n\t\t\t\t\t<\/div>\n\t\t<\/div>\n\t\t\t\t\t<\/div>\n\t\t<\/section>\n\t\t\t\t<section class=\"elementor-section elementor-top-section elementor-element elementor-element-e3e1edd elementor-section-boxed elementor-section-height-default elementor-section-height-default\" data-id=\"e3e1edd\" data-element_type=\"section\" data-e-type=\"section\">\n\t\t\t\t\t\t<div class=\"elementor-container elementor-column-gap-default\">\n\t\t\t\t\t<div class=\"elementor-column elementor-col-100 elementor-top-column elementor-element elementor-element-c17d834\" data-id=\"c17d834\" data-element_type=\"column\" data-e-type=\"column\" data-settings=\"{&quot;background_background&quot;:&quot;classic&quot;}\">\n\t\t\t<div class=\"elementor-widget-wrap elementor-element-populated\">\n\t\t\t\t\t\t<div class=\"elementor-element elementor-element-c77b69c elementor-widget elementor-widget-text-editor\" data-id=\"c77b69c\" data-element_type=\"widget\" data-e-type=\"widget\" data-widget_type=\"text-editor.default\">\n\t\t\t\t<div class=\"elementor-widget-container\">\n\t\t\t\t\t\t\t\t\t<p class=\"p1\"><strong>Arbitre Candidat (Ca)<\/strong><\/p>\n<p class=\"p1\">NJ-Schiedsrichter*innen ab 16 Jahren k\u00f6nnen auf Empfehlung ihres Clubs die Pr\u00fcfung \u00abArbitre Candidat\u00bb ablegen, die in der Regel einmal im Jahr von Swiss Fencing durchgef\u00fchrt wird. Es handelt sich um eine schriftliche theoretische Pr\u00fcfung von etwa einer Stunde. Nach bestandener Pr\u00fcfung wird die Lizenz von \u00abNJ\u00bb auf \u00abCa\u00bb aktualisiert. Die Schiedsrichter*innen Ca sind nun aufgefordert, m\u00f6glichst viel praktische Erfahrung an Turnieren des CNJ zu sammeln, wobei sie nur in Kategorien eingesetzt werden d\u00fcrfen, die maximal ihrem eigenen Alter entsprechen.<\/p>\n<p class=\"p1\"><strong>Arbitre National B (NB)<\/strong><\/p>\n<p class=\"p1\">Nach fr\u00fchestens vier Eins\u00e4tzen und dem Erreichen des 18. Lebensjahres k\u00f6nnen sich die Schiedsrichter*innen Ca bei Swiss Fencing f\u00fcr die praktische Pr\u00fcfung anmelden. Diese findet im Rahmen eines CNJ-Turniers statt, an dem die Anw\u00e4rter*innen als Schiedsrichter*innen im Einsatz stehen und von der Schiedsrichterkommission von Swiss Fencing bewertet werden. Wenn sie die Praxispr\u00fcfung bestanden haben, erh\u00e4lt der\/die Teilnehmer*in den Titel \u00abSchiedsrichter NB\u00bb.<\/p>\n<p class=\"p1\"><strong>Arbitre National A (NA)<\/strong><\/p>\n<p class=\"p1\">Die praktische Pr\u00fcfung zur\/zum Schiedsrichter*in National A (NA) findet jedes Jahr im Rahmen der Schweizer Meisterschaften des CNS statt. Nur Schiedsrichter*innen NB k\u00f6nnen sich f\u00fcr diesen Praxistest anmelden.<\/p>\n<p class=\"p1\"><strong>Arbitre EFC C und FIE B<\/strong><\/p>\n<p class=\"p1\">Wenn Schiedsrichter*innen NA eine internationale Schiedsrichterkarriere anstreben, k\u00f6nnen sie sich bei der Leitung Schiedsrichterwesen von Swiss Fencing f\u00fcr Eins\u00e4tze an internationalen U17-Turnieren im europ\u00e4ischen Ausland bewerben, die von Eurofencing (\u00abEFC\u00bb) organisiert werden. Nach mehreren erfolgreichen und von der EFC bewerteten Teilnahmen erh\u00e4lt der\/die Schiedsrichter*in die kontinentale Lizenz \u00abC\u00bb. Die besten C-Schiedsrichter*innen k\u00f6nnen sich \u00fcber Swiss Fencing f\u00fcr die FIE-Pr\u00fcfung anmelden, wobei jede Nation in der Regel nur eine Kandidatin oder einen Kandidaten pro Jahr an die Pr\u00fcfung schicken darf. Nach erfolgreichem Bestehen der FIE-Pr\u00fcfung erh\u00e4lt der\/die Schiedsrichter*in die Lizenz \u00abFIE B\u00bb und kann weltweit an allen Turnieren eingesetzt werden.<\/p>\n<p class=\"p1\"><strong>G\u00fcltigkeit der Lizenzen<\/strong><\/p>\n<p class=\"p1\">Die internationalen Schiedsrichterlizenzen sind nur bis zum 60. Lebensjahr g\u00fcltig. Danach wird die Lizenz auf NA zur\u00fcckgestuft.<\/p>\n<p class=\"p1\">Um die nationale Lizenz zu erhalten, muss der\/die Schiedsrichter*in mindestens vier Eins\u00e4tze in den letzten zwei Saisons geleistet haben. Danach kann die Lizenz nur nach Teilnahme an einem von Swiss Fencing geleiteten Refresher-Kurs wieder aktiviert werden.<\/p>\n<p><span style=\"text-decoration: underline;\">&nbsp;<\/span><\/p>\n<ul>\n<li><strong><span style=\"text-decoration: underline;\"><a href=\"https:\/\/swiss-fencing.ch\/de\/einsatz-der-sui-schiedsrichter-fuer-die-saison-25-26\/\">Einsatz der SUI-Schiedsrichter f\u00fcr die Saison 25\/26<\/a><\/span><\/strong><\/li>\n<li><span style=\"text-decoration: underline;\"><span style=\"color: #000000; text-decoration: underline;\"><a style=\"color: #000000; text-decoration: underline;\" href=\"https:\/\/swiss-fencing.ch\/wp-content\/uploads\/2025\/01\/2025_Schiedsrichterlaufbahn_d.pdf\">Schiedsrichterlaufbahn<\/a><\/span><\/span><\/li>\n<li><span style=\"text-decoration: underline; color: #000000;\"><a style=\"color: #000000; text-decoration: underline;\" href=\"https:\/\/swiss-fencing.ch\/wp-content\/uploads\/2025\/01\/2025_Schiedsrichterlaufbahn_Ubersicht_Degen-.pdf\">Schiedsrichterlaufbahn \u00dcbersicht Degen<\/a><\/span><\/li>\n<li><span style=\"text-decoration: underline; color: #000000;\"><a style=\"color: #000000; text-decoration: underline;\" href=\"https:\/\/swiss-fencing.ch\/wp-content\/uploads\/2025\/01\/2025_Schiedsrichterlaufbahn_Ubersicht_Flore-tt.pdf\">Schiedsrichterlaufbahn \u00dcbersicht Florett<\/a><\/span><\/li>\n<li><span style=\"text-decoration: underline; color: #000000;\"><a style=\"color: #000000; text-decoration: underline;\" href=\"https:\/\/swiss-fencing.ch\/wp-content\/uploads\/2025\/01\/2025_Schiedsrichterlaufbahn_Ubersicht_Sab-el.pdf\">Schiedsrichterlaufbahn \u00dcbersicht S\u00e4bel <\/a><\/span><\/li>\n<li><span style=\"text-decoration: underline;\"><span style=\"color: #000000; text-decoration: underline;\"><a style=\"color: #000000; text-decoration: underline;\" href=\"https:\/\/static.fie.org\/uploads\/35\/176254-Technique%20fra.pdf\">R\u00e8glement technique (d\u00e9cembre 2024)<\/a><\/span><\/span><\/li>\n<li><span style=\"text-decoration: underline;\"><span style=\"color: #000000; text-decoration: underline;\"><a style=\"color: #000000; text-decoration: underline;\" href=\"https:\/\/www.fechten.org\/fileadmin\/user_upload\/000-Wettkampfregeln.pdf\">Technisches Reglement (inoffizielle \u00dcbersetzung, Janaur 2021)<\/a><\/span><\/span><\/li>\n<li><span style=\"text-decoration: underline;\"><span style=\"color: #000000; text-decoration: underline;\"><a style=\"color: #000000; text-decoration: underline;\" href=\"https:\/\/static.fie.org\/uploads\/34\/172613-RMATER%20fra.pdf\">R\u00e8glement du mat\u00e9riel (octobre 2024)<\/a><\/span><\/span><\/li>\n<li><span style=\"text-decoration: underline;\"><span style=\"color: #000000; text-decoration: underline;\"><a style=\"color: #000000; text-decoration: underline;\" href=\"https:\/\/static.fie.org\/uploads\/34\/172619-t.170%20fra.pdf\">Article t.170, fautes et sanctions (octobre 2024)<\/a>&nbsp;<\/span><\/span><\/li>\n<li><span style=\"text-decoration: underline;\"><span style=\"color: #000000; text-decoration: underline;\"><a style=\"color: #000000; text-decoration: underline;\" href=\"https:\/\/www.fechten.org\/fileadmin\/user_upload\/000-Wettkampfregeln-t.170.pdf\">Artikel t.170 (inoffizielle \u00dcbersetzung, Januar 2020)<\/a><\/span><\/span><\/li>\n<li><span style=\"text-decoration: underline;\"><span style=\"color: #000000; text-decoration: underline;\"><a href=\"https:\/\/swiss-fencing.ch\/wp-content\/uploads\/2025\/03\/Formular-carton-noir_schwarze-Karte.docx\">Strafank\u00fcndigung Schwarze Karte<\/a><\/span><\/span><\/li>\n<\/ul>\n<p><strong>Bemerkung&nbsp;:<\/strong> Die aktuellen Reglemente k\u00f6nnen in den offiziellen FIE-Sprachen (Franz\u00f6sisch, Englisch und Spanisch) von der Webseite der FIE (<a href=\"http:\/\/www.fie.org\">www.fie.org<\/a>) runtergeladen werden<\/p>\n<p><strong>Schiedsrichterpr\u00fcfungen Saison 2025\/2026<\/strong><\/p>\n<p>Swiss Fencing hat f\u00fcr die Saison 2025\/2026 folgende Pr\u00fcfungsdaten festgelegt:<\/p>\n<p><strong>Degen\/Florett\/S\u00e4bel \u00abArbitre Candidat\u00bb:<\/strong> <br>1. November 2025 in Biel (Anmeldefrist: 24. Oktober 2025)<br>Zusatzdatum bei Bedarf: 28. Februar 2026 in Bern<\/p>\n<p><strong>Degen \u00abArbitre National B\u00bb:<\/strong> <br>2. November 2025 in Biel (Anmeldefrist: 24. Oktober 2025)<br>Zusatzdatum bei Bedarf: 1. M\u00e4rz 2026 in Bern<\/p>\n<p><strong>Florett \u00abArbitre National A\u00bb:<\/strong> <br>30.\/31 . Mai 2026 in Founex (Anmeldefrist: 21. Mai 2026)<\/p>\n<p><strong>Degen<\/strong><br>\u00abArbitre National A\u00bb: 7. Juni 2026 in Zug (Anmeldefrist: 1. Juni 2026)<\/p>\n<p><strong>Mindestalter:<\/strong> <br>NJ: 14 Jahre<br>Ca: 16 Jahre<br>NB und NA: 18 Jahre<\/p>\n<p>Es gelten die Anmelderegeln gem\u00e4ss dem Dokument \u00abSchiedsrichterlaufbahn\u00bb .<\/p>\n<p>Anmeldungen an:&nbsp;<a href=\"mailto:michel.bossart@swiss-fencing.ch\" target=\"_blank\" style=\"background-color: rgb(255, 255, 255);\">michel.bossart@swiss-fencing.ch<\/a><\/p>\t\t\t\t\t\t\t\t<\/div>\n\t\t\t\t<\/div>\n\t\t\t\t\t<\/div>\n\t\t<\/div>\n\t\t\t\t\t<\/div>\n\t\t<\/section>\n\t\t\t\t<\/div>\n\t\t","protected":false},"excerpt":{"rendered":"<p>Schiedsrichterwesen Arbitre Jeunesse (NJ) Die Ausbildung \u00abArbitre Jeunesse\u00bb ist eine Grundausbildung f\u00fcr Personen, die sich neu als Schiedsrichter*in f\u00fcr den Fechtsport engagieren. Diese Grundausbildung liegt in der Verantwortung der Vereine. [&hellip;]<\/p>\n","protected":false},"author":9,"featured_media":0,"parent":13757,"menu_order":410,"comment_status":"closed","ping_status":"closed","template":"template-contentpage.php","meta":{"_acf_changed":false,"inline_featured_image":false,"_uag_custom_page_level_css":"","site-sidebar-layout":"no-sidebar","site-content-layout":"page-builder","ast-site-content-layout":"","site-content-style":"default","site-sidebar-style":"default","ast-global-header-display":"","ast-banner-title-visibility":"","ast-main-header-display":"","ast-hfb-above-header-display":"","ast-hfb-below-header-display":"","ast-hfb-mobile-header-display":"","site-post-title":"disabled","ast-breadcrumbs-content":"","ast-featured-img":"disabled","footer-sml-layout":"","theme-transparent-header-meta":"disabled","adv-header-id-meta":"","stick-header-meta":"","header-above-stick-meta":"","header-main-stick-meta":"","header-below-stick-meta":"","astra-migrate-meta-layouts":"default","ast-page-background-enabled":"default","ast-page-background-meta":{"desktop":{"background-color":"","background-image":"","background-repeat":"repeat","background-position":"center center","background-size":"auto","background-attachment":"scroll","background-type":"","background-media":"","overlay-type":"","overlay-color":"","overlay-opacity":"","overlay-gradient":""},"tablet":{"background-color":"","background-image":"","background-repeat":"repeat","background-position":"center center","background-size":"auto","background-attachment":"scroll","background-type":"","background-media":"","overlay-type":"","overlay-color":"","overlay-opacity":"","overlay-gradient":""},"mobile":{"background-color":"","background-image":"","background-repeat":"repeat","background-position":"center center","background-size":"auto","background-attachment":"scroll","background-type":"","background-media":"","overlay-type":"","overlay-color":"","overlay-opacity":"","overlay-gradient":""}},"ast-content-background-meta":{"desktop":{"background-color":"var(--ast-global-color-5)","background-image":"","background-repeat":"repeat","background-position":"center center","background-size":"auto","background-attachment":"scroll","background-type":"","background-media":"","overlay-type":"","overlay-color":"","overlay-opacity":"","overlay-gradient":""},"tablet":{"background-color":"var(--ast-global-color-5)","background-image":"","background-repeat":"repeat","background-position":"center center","background-size":"auto","background-attachment":"scroll","background-type":"","background-media":"","overlay-type":"","overlay-color":"","overlay-opacity":"","overlay-gradient":""},"mobile":{"background-color":"var(--ast-global-color-5)","background-image":"","background-repeat":"repeat","background-position":"center center","background-size":"auto","background-attachment":"scroll","background-type":"","background-media":"","overlay-type":"","overlay-color":"","overlay-opacity":"","overlay-gradient":""}},"_EventAllDay":false,"_EventTimezone":"","_EventStartDate":"","_EventEndDate":"","_EventStartDateUTC":"","_EventEndDateUTC":"","_EventShowMap":false,"_EventShowMapLink":false,"_EventURL":"","_EventCost":"","_EventCostDescription":"","_EventCurrencySymbol":"","_EventCurrencyCode":"","_EventCurrencyPosition":"","_EventDateTimeSeparator":"","_EventTimeRangeSeparator":"","_EventOrganizerID":[],"_EventVenueID":[],"_OrganizerEmail":"","_OrganizerPhone":"","_OrganizerWebsite":"","_VenueAddress":"","_VenueCity":"","_VenueCountry":"","_VenueProvince":"","_VenueState":"","_VenueZip":"","_VenuePhone":"","_VenueURL":"","_VenueStateProvince":"","_VenueLat":"","_VenueLng":"","_VenueShowMap":false,"_VenueShowMapLink":false,"footnotes":""},"class_list":["post-13782","page","type-page","status-publish","hentry"],"acf":[],"uagb_featured_image_src":{"full":false,"thumbnail":false,"medium":false,"medium_large":false,"large":false,"1536x1536":false,"2048x2048":false,"sf-entry-post":false,"sf-thumbnail":false},"uagb_author_info":{"display_name":"Anna Varfolomeeva","author_link":"https:\/\/swiss-fencing.ch\/de\/author\/anna255\/"},"uagb_comment_info":0,"uagb_excerpt":"Schiedsrichterwesen Arbitre Jeunesse (NJ) Die Ausbildung \u00abArbitre Jeunesse\u00bb ist eine Grundausbildung f\u00fcr Personen, die sich neu als Schiedsrichter*in f\u00fcr den Fechtsport engagieren. Diese Grundausbildung liegt in der Verantwortung der Vereine. [&hellip;]","_links":{"self":[{"href":"https:\/\/swiss-fencing.ch\/de\/wp-json\/wp\/v2\/pages\/13782","targetHints":{"allow":["GET"]}}],"collection":[{"href":"https:\/\/swiss-fencing.ch\/de\/wp-json\/wp\/v2\/pages"}],"about":[{"href":"https:\/\/swiss-fencing.ch\/de\/wp-json\/wp\/v2\/types\/page"}],"author":[{"embeddable":true,"href":"https:\/\/swiss-fencing.ch\/de\/wp-json\/wp\/v2\/users\/9"}],"replies":[{"embeddable":true,"href":"https:\/\/swiss-fencing.ch\/de\/wp-json\/wp\/v2\/comments?post=13782"}],"version-history":[{"count":5,"href":"https:\/\/swiss-fencing.ch\/de\/wp-json\/wp\/v2\/pages\/13782\/revisions"}],"predecessor-version":[{"id":51300,"href":"https:\/\/swiss-fencing.ch\/de\/wp-json\/wp\/v2\/pages\/13782\/revisions\/51300"}],"up":[{"embeddable":true,"href":"https:\/\/swiss-fencing.ch\/de\/wp-json\/wp\/v2\/pages\/13757"}],"wp:attachment":[{"href":"https:\/\/swiss-fencing.ch\/de\/wp-json\/wp\/v2\/media?parent=13782"}],"curies":[{"name":"wp","href":"https:\/\/api.w.org\/{rel}","templated":true}]}}