{"id":15924,"date":"2022-08-02T19:27:50","date_gmt":"2022-08-02T17:27:50","guid":{"rendered":"https:\/\/swiss-fencing.ch\/wettkaempfe\/leistungssport\/universitaetssport\/"},"modified":"2025-04-02T10:18:35","modified_gmt":"2025-04-02T08:18:35","slug":"universitatssport","status":"publish","type":"page","link":"https:\/\/swiss-fencing.ch\/de\/wettkaempfe\/leistungssport\/universitatssport\/","title":{"rendered":"Universit\u00e4tssport"},"content":{"rendered":"\t\t<div data-elementor-type=\"wp-page\" data-elementor-id=\"15924\" class=\"elementor elementor-15924 elementor-15921\" data-elementor-post-type=\"page\">\n\t\t\t\t\t\t<section class=\"elementor-section elementor-top-section elementor-element elementor-element-34bb802 elementor-section-boxed elementor-section-height-default elementor-section-height-default\" data-id=\"34bb802\" data-element_type=\"section\" data-e-type=\"section\">\n\t\t\t\t\t\t<div class=\"elementor-container elementor-column-gap-default\">\n\t\t\t\t\t<div class=\"elementor-column elementor-col-50 elementor-top-column elementor-element elementor-element-2d97805\" data-id=\"2d97805\" data-element_type=\"column\" data-e-type=\"column\">\n\t\t\t<div class=\"elementor-widget-wrap elementor-element-populated\">\n\t\t\t\t\t\t<div class=\"elementor-element elementor-element-bf5d034 elementor-widget elementor-widget-heading\" data-id=\"bf5d034\" data-element_type=\"widget\" data-e-type=\"widget\" data-widget_type=\"heading.default\">\n\t\t\t\t<div class=\"elementor-widget-container\">\n\t\t\t\t\t<h2 class=\"elementor-heading-title elementor-size-default\">Universit\u00e4tssport<\/h2>\t\t\t\t<\/div>\n\t\t\t\t<\/div>\n\t\t\t\t<div class=\"elementor-element elementor-element-2b2aaf7 elementor-widget elementor-widget-spacer\" data-id=\"2b2aaf7\" data-element_type=\"widget\" data-e-type=\"widget\" data-widget_type=\"spacer.default\">\n\t\t\t\t<div class=\"elementor-widget-container\">\n\t\t\t\t\t\t\t<div class=\"elementor-spacer\">\n\t\t\t<div class=\"elementor-spacer-inner\"><\/div>\n\t\t<\/div>\n\t\t\t\t\t\t<\/div>\n\t\t\t\t<\/div>\n\t\t\t\t<div class=\"elementor-element elementor-element-e50d5ae elementor-widget elementor-widget-text-editor\" data-id=\"e50d5ae\" data-element_type=\"widget\" data-e-type=\"widget\" data-widget_type=\"text-editor.default\">\n\t\t\t\t<div class=\"elementor-widget-container\">\n\t\t\t\t\t\t\t\t\t<div><p>Junge Athleten, die sich f\u00fcr die Matura und Studium entscheiden, d\u00fcrfen Ihre Leidenschaft und die Emotionen des Wettkampfes nicht aufgeben. <span style=\"color: #e41d0c;\"><a style=\"color: #e41d0c;\" href=\"https:\/\/swissuniversitysports.ch\/\">Daf\u00fcr sorgt der schweizerische Hochschulsportverband \u2013 Swiss University Sports (SUS)<\/a><\/span>. Der Hochschulsport umfasst 15 lokale Hochschulsportorganisationen mit \u00fcber 80 Sportdisziplinen und rund 130\u2019000 Studenten. Auf der Ebene der SUS werden Athletenstudenten aus rund 30 Disziplinen zu Universit\u00e4tsweltmeisterschaften und Universiaden entsandt.\u00a0<\/p><p>Wikipedia beschreibt die Universiade \u2013 auch als Universit\u00e4tsweltspiele bekannt \u2013 mit diesen Begriffen:<br \/>Die Universiade ist ein internationaler Multisport-Universit\u00e4tswettbewerb, der von der F\u00e9d\u00e9ration Internationale du Sport Universitaire (FISU) organisiert wird. Die Universiaden finden seit 1959 alle zwei Jahre statt. Der Begriff Universiade kombiniert sich aus den beiden Elementen &#8222;Universit\u00e4t&#8220; und &#8222;Olympiade&#8220;.<\/p><p>\u00c4hnlich wie bei den Olympischen Spielen gibt es Winter &#8211; und Sommeruniversiaden. Im Winter nehmen rund 3500 Universit\u00e4tssportler die sportliche Herausforderung an. Die Sommeruniversiaden mobilisieren fast 8000 Athleten und offizielle. Gemessen an der Teilnehmerzahl sind die Sommer-universiaden damit die zweitgr\u00f6\u00dfte Multisportveranstaltung der Welt nach den Olympischen Sommerspielen.Fechten ist eine von etwa 15 Sportarten, in denen die Athleten im zwei Wochen dauernden Anlass um Gold, Silber und Bronze k\u00e4mpfen. Die Veranstaltung findet alle zwei Jahre statt und ist sehr beliebt \u2013 auch bei Schweizer Fechtern, die studieren!<\/p><p><strong>Swiss University Sports Foundation (SUSF)<\/strong><\/p><p><span style=\"font-size: 16px;\">Swiss University Sports Foundation (SUSF) unterst\u00fctzt Swiss University Sports subsidi\u00e4r und tr\u00e4gt zur Verbesserung der Leistungsf\u00e4higkeit der Schweiz im internationalen Spitzensport bei, indem die position des (Spitzensports) in der Gesellschaft gest\u00e4rkt wird, insbesondere im Rahmen der Hochschulbildung (Unterst\u00fctzung durch Kampagnen, Finanzierung von Projekten), die politisch und wirtschaftlich einen nationalen Einfluss. Auf die Anerkennung des Wertes des (akademischen) Spitzensports im Rahmen der Ausbildung der zuk\u00fcnftigen Leistungserbringer unserer Gesellschaft\/Wirtschaft aus\u00fcben (Lobbying, Unterst\u00fctzungskampagnen).<\/span><\/p><p><strong>Mitglieder des Stiftungsrats<\/strong><\/p><p>Leonz Eder (Vorsitz), Sarah M. Springman (stellvertretender Vorsitz), Andreas Csonka, Jean-Christophe Deslarzes, Bettina Herzig-Lyner, Mike Kurt, Valerie Model, Matthias Remund, Richard Morando, Per Utnegaard<\/p><p><strong>Kontakte<\/strong><\/p><p>Swiss Olympic<br \/><span style=\"color: #e41d0c;\"><strong><span style=\"color: #000000;\"><a style=\"color: #000000;\" href=\"mailto:simon.niepmann@swissolympic.ch\">Simon Niepmann<\/a><\/span><\/strong>\u00a0<\/span>\u2013 Programmleiter, Gestion du programme, Beratungsgespr\u00e4che<\/p><p>Swiss University Sports<br \/><span style=\"color: #000000;\"><strong><a style=\"color: #000000;\" href=\"mailto:simone.righenzi@swissuniversitysports.ch\">Simone Righenzi<\/a><\/strong><\/span>\u00a0\u2013 Mitglied der Programmleitung, Koordinator, Konsultationen<\/p><p><strong>Universit\u00e9s<\/strong><\/p><div><p>An vielen Universit\u00e4ten helfen Koordinatoren Spitzenathleten und -absolventen dabei, ihr Studium mit ihrem Engagement f\u00fcr den Profisport zu verbinden.<\/p><p>Links:<\/p><p><span style=\"color: #e41d0c;\">\u2013 <a href=\"https:\/\/swiss-fencing.ch\/wp-content\/uploads\/2025\/04\/WUG2025_Fechten_Selektionskriterien_D.pdf\">Selektionskonzept 2025<\/a><\/span><br \/><span style=\"color: #e41d0c;\">\u2013\u00a0<a style=\"color: #e41d0c;\" href=\"https:\/\/swissuniversitysports.ch\/\">Schweizerischer Hochschulsportverband \u2013 Swiss University Sport<\/a><\/span><br \/><span style=\"color: #e41d0c;\">\u2013\u00a0<a style=\"color: #e41d0c;\" href=\"https:\/\/swissuniversitysports.ch\/wettkaempfe\/suc-tenero-2021\/\">Studienm\u00f6glichkeiten f\u00fcr Spitzensportler in der Schweiz<\/a><\/span><br \/><span style=\"color: #e41d0c;\">\u2013\u00a0<a style=\"color: #e41d0c;\" href=\"https:\/\/rhineruhr2025.com\/de\">World Universities Games 2025<\/a><\/span><\/p><\/div><\/div>\t\t\t\t\t\t\t\t<\/div>\n\t\t\t\t<\/div>\n\t\t\t\t\t<\/div>\n\t\t<\/div>\n\t\t\t\t<div class=\"elementor-column elementor-col-25 elementor-top-column elementor-element elementor-element-a9c40ec\" data-id=\"a9c40ec\" data-element_type=\"column\" data-e-type=\"column\">\n\t\t\t<div class=\"elementor-widget-wrap\">\n\t\t\t\t\t\t\t<\/div>\n\t\t<\/div>\n\t\t\t\t<div class=\"elementor-column elementor-col-25 elementor-top-column elementor-element elementor-element-a2cd0bd\" data-id=\"a2cd0bd\" data-element_type=\"column\" data-e-type=\"column\">\n\t\t\t<div class=\"elementor-widget-wrap elementor-element-populated\">\n\t\t\t\t\t\t<div class=\"elementor-element elementor-element-f3682bf elementor-widget elementor-widget-spacer\" data-id=\"f3682bf\" data-element_type=\"widget\" data-e-type=\"widget\" data-widget_type=\"spacer.default\">\n\t\t\t\t<div class=\"elementor-widget-container\">\n\t\t\t\t\t\t\t<div class=\"elementor-spacer\">\n\t\t\t<div class=\"elementor-spacer-inner\"><\/div>\n\t\t<\/div>\n\t\t\t\t\t\t<\/div>\n\t\t\t\t<\/div>\n\t\t\t\t<div class=\"elementor-element elementor-element-a51cafe e-transform elementor-widget elementor-widget-image\" data-id=\"a51cafe\" data-element_type=\"widget\" data-e-type=\"widget\" data-settings=\"{&quot;_transform_translateX_effect&quot;:{&quot;unit&quot;:&quot;px&quot;,&quot;size&quot;:17,&quot;sizes&quot;:[]},&quot;_transform_translateX_effect_tablet&quot;:{&quot;unit&quot;:&quot;px&quot;,&quot;size&quot;:&quot;&quot;,&quot;sizes&quot;:[]},&quot;_transform_translateX_effect_mobile&quot;:{&quot;unit&quot;:&quot;px&quot;,&quot;size&quot;:&quot;&quot;,&quot;sizes&quot;:[]},&quot;_transform_translateY_effect&quot;:{&quot;unit&quot;:&quot;px&quot;,&quot;size&quot;:&quot;&quot;,&quot;sizes&quot;:[]},&quot;_transform_translateY_effect_tablet&quot;:{&quot;unit&quot;:&quot;px&quot;,&quot;size&quot;:&quot;&quot;,&quot;sizes&quot;:[]},&quot;_transform_translateY_effect_mobile&quot;:{&quot;unit&quot;:&quot;px&quot;,&quot;size&quot;:&quot;&quot;,&quot;sizes&quot;:[]}}\" data-widget_type=\"image.default\">\n\t\t\t\t<div class=\"elementor-widget-container\">\n\t\t\t\t\t\t\t\t\t\t\t\t\t\t\t<img fetchpriority=\"high\" decoding=\"async\" width=\"336\" height=\"350\" src=\"https:\/\/swiss-fencing.ch\/wp-content\/uploads\/2023\/03\/Solange-Emmenegger_Sport-universitaire-e1677245781563.jpeg\" class=\"attachment-large size-large wp-image-25493\" alt=\"\" srcset=\"https:\/\/swiss-fencing.ch\/wp-content\/uploads\/2023\/03\/Solange-Emmenegger_Sport-universitaire-e1677245781563.jpeg 336w, https:\/\/swiss-fencing.ch\/wp-content\/uploads\/2023\/03\/Solange-Emmenegger_Sport-universitaire-e1677245781563-288x300.jpeg 288w\" sizes=\"(max-width: 336px) 100vw, 336px\" \/>\t\t\t\t\t\t\t\t\t\t\t\t\t\t\t<\/div>\n\t\t\t\t<\/div>\n\t\t\t\t<div class=\"elementor-element elementor-element-4be9343 e-transform elementor-widget elementor-widget-heading\" data-id=\"4be9343\" data-element_type=\"widget\" data-e-type=\"widget\" data-settings=\"{&quot;_transform_translateX_effect&quot;:{&quot;unit&quot;:&quot;px&quot;,&quot;size&quot;:17,&quot;sizes&quot;:[]},&quot;_transform_translateX_effect_tablet&quot;:{&quot;unit&quot;:&quot;px&quot;,&quot;size&quot;:&quot;&quot;,&quot;sizes&quot;:[]},&quot;_transform_translateX_effect_mobile&quot;:{&quot;unit&quot;:&quot;px&quot;,&quot;size&quot;:&quot;&quot;,&quot;sizes&quot;:[]},&quot;_transform_translateY_effect&quot;:{&quot;unit&quot;:&quot;px&quot;,&quot;size&quot;:&quot;&quot;,&quot;sizes&quot;:[]},&quot;_transform_translateY_effect_tablet&quot;:{&quot;unit&quot;:&quot;px&quot;,&quot;size&quot;:&quot;&quot;,&quot;sizes&quot;:[]},&quot;_transform_translateY_effect_mobile&quot;:{&quot;unit&quot;:&quot;px&quot;,&quot;size&quot;:&quot;&quot;,&quot;sizes&quot;:[]}}\" data-widget_type=\"heading.default\">\n\t\t\t\t<div class=\"elementor-widget-container\">\n\t\t\t\t\t<h3 class=\"elementor-heading-title elementor-size-default\">Solange Emmenegger<\/h3>\t\t\t\t<\/div>\n\t\t\t\t<\/div>\n\t\t\t\t<div class=\"elementor-element elementor-element-b5d7d8b e-transform elementor-widget elementor-widget-text-editor\" data-id=\"b5d7d8b\" data-element_type=\"widget\" data-e-type=\"widget\" data-settings=\"{&quot;_transform_translateX_effect&quot;:{&quot;unit&quot;:&quot;px&quot;,&quot;size&quot;:17,&quot;sizes&quot;:[]},&quot;_transform_translateX_effect_tablet&quot;:{&quot;unit&quot;:&quot;px&quot;,&quot;size&quot;:&quot;&quot;,&quot;sizes&quot;:[]},&quot;_transform_translateX_effect_mobile&quot;:{&quot;unit&quot;:&quot;px&quot;,&quot;size&quot;:&quot;&quot;,&quot;sizes&quot;:[]},&quot;_transform_translateY_effect&quot;:{&quot;unit&quot;:&quot;px&quot;,&quot;size&quot;:&quot;&quot;,&quot;sizes&quot;:[]},&quot;_transform_translateY_effect_tablet&quot;:{&quot;unit&quot;:&quot;px&quot;,&quot;size&quot;:&quot;&quot;,&quot;sizes&quot;:[]},&quot;_transform_translateY_effect_mobile&quot;:{&quot;unit&quot;:&quot;px&quot;,&quot;size&quot;:&quot;&quot;,&quot;sizes&quot;:[]}}\" data-widget_type=\"text-editor.default\">\n\t\t\t\t<div class=\"elementor-widget-container\">\n\t\t\t\t\t\t\t\t\t<p style=\"text-align: center;\">Fachbereichsleiter<\/p><p style=\"text-align: center;\"><a href=\"mailto:solange@uem.com\"><img decoding=\"async\" class=\"alignnone wp-image-20062\" src=\"https:\/\/swiss-fencing.ch\/wp-content\/uploads\/2022\/12\/DA1660C4-6184-4645-AC31-CBD84543CB32-150x150.png\" alt=\"\" width=\"30\" height=\"30\" srcset=\"https:\/\/swiss-fencing.ch\/wp-content\/uploads\/2022\/12\/DA1660C4-6184-4645-AC31-CBD84543CB32-150x150.png 150w, https:\/\/swiss-fencing.ch\/wp-content\/uploads\/2022\/12\/DA1660C4-6184-4645-AC31-CBD84543CB32-300x300.png 300w, https:\/\/swiss-fencing.ch\/wp-content\/uploads\/2022\/12\/DA1660C4-6184-4645-AC31-CBD84543CB32-1024x1024.png 1024w, https:\/\/swiss-fencing.ch\/wp-content\/uploads\/2022\/12\/DA1660C4-6184-4645-AC31-CBD84543CB32-768x768.png 768w, https:\/\/swiss-fencing.ch\/wp-content\/uploads\/2022\/12\/DA1660C4-6184-4645-AC31-CBD84543CB32-400x400.png 400w, https:\/\/swiss-fencing.ch\/wp-content\/uploads\/2022\/12\/DA1660C4-6184-4645-AC31-CBD84543CB32.png 1080w\" sizes=\"(max-width: 30px) 100vw, 30px\" \/><\/a><\/p>\t\t\t\t\t\t\t\t<\/div>\n\t\t\t\t<\/div>\n\t\t\t\t\t<\/div>\n\t\t<\/div>\n\t\t\t\t\t<\/div>\n\t\t<\/section>\n\t\t\t\t<\/div>\n\t\t","protected":false},"excerpt":{"rendered":"<p>Universit\u00e4tssport Junge Athleten, die sich f\u00fcr die Matura und Studium entscheiden, d\u00fcrfen Ihre Leidenschaft und die Emotionen des Wettkampfes nicht aufgeben. Daf\u00fcr sorgt der schweizerische Hochschulsportverband \u2013 Swiss University Sports [&hellip;]<\/p>\n","protected":false},"author":9,"featured_media":0,"parent":13473,"menu_order":102,"comment_status":"closed","ping_status":"closed","template":"template-contentpage.php","meta":{"_acf_changed":false,"inline_featured_image":false,"_uag_custom_page_level_css":"","site-sidebar-layout":"no-sidebar","site-content-layout":"page-builder","ast-site-content-layout":"","site-content-style":"default","site-sidebar-style":"default","ast-global-header-display":"","ast-banner-title-visibility":"","ast-main-header-display":"","ast-hfb-above-header-display":"","ast-hfb-below-header-display":"","ast-hfb-mobile-header-display":"","site-post-title":"disabled","ast-breadcrumbs-content":"","ast-featured-img":"disabled","footer-sml-layout":"","theme-transparent-header-meta":"default","adv-header-id-meta":"","stick-header-meta":"","header-above-stick-meta":"","header-main-stick-meta":"","header-below-stick-meta":"","astra-migrate-meta-layouts":"default","ast-page-background-enabled":"default","ast-page-background-meta":{"desktop":{"background-color":"","background-image":"","background-repeat":"repeat","background-position":"center center","background-size":"auto","background-attachment":"scroll","background-type":"","background-media":"","overlay-type":"","overlay-color":"","overlay-opacity":"","overlay-gradient":""},"tablet":{"background-color":"","background-image":"","background-repeat":"repeat","background-position":"center center","background-size":"auto","background-attachment":"scroll","background-type":"","background-media":"","overlay-type":"","overlay-color":"","overlay-opacity":"","overlay-gradient":""},"mobile":{"background-color":"","background-image":"","background-repeat":"repeat","background-position":"center center","background-size":"auto","background-attachment":"scroll","background-type":"","background-media":"","overlay-type":"","overlay-color":"","overlay-opacity":"","overlay-gradient":""}},"ast-content-background-meta":{"desktop":{"background-color":"var(--ast-global-color-5)","background-image":"","background-repeat":"repeat","background-position":"center center","background-size":"auto","background-attachment":"scroll","background-type":"","background-media":"","overlay-type":"","overlay-color":"","overlay-opacity":"","overlay-gradient":""},"tablet":{"background-color":"var(--ast-global-color-5)","background-image":"","background-repeat":"repeat","background-position":"center center","background-size":"auto","background-attachment":"scroll","background-type":"","background-media":"","overlay-type":"","overlay-color":"","overlay-opacity":"","overlay-gradient":""},"mobile":{"background-color":"var(--ast-global-color-5)","background-image":"","background-repeat":"repeat","background-position":"center center","background-size":"auto","background-attachment":"scroll","background-type":"","background-media":"","overlay-type":"","overlay-color":"","overlay-opacity":"","overlay-gradient":""}},"_EventAllDay":false,"_EventTimezone":"","_EventStartDate":"","_EventEndDate":"","_EventStartDateUTC":"","_EventEndDateUTC":"","_EventShowMap":false,"_EventShowMapLink":false,"_EventURL":"","_EventCost":"","_EventCostDescription":"","_EventCurrencySymbol":"","_EventCurrencyCode":"","_EventCurrencyPosition":"","_EventDateTimeSeparator":"","_EventTimeRangeSeparator":"","_EventOrganizerID":[],"_EventVenueID":[],"_OrganizerEmail":"","_OrganizerPhone":"","_OrganizerWebsite":"","_VenueAddress":"","_VenueCity":"","_VenueCountry":"","_VenueProvince":"","_VenueState":"","_VenueZip":"","_VenuePhone":"","_VenueURL":"","_VenueStateProvince":"","_VenueLat":"","_VenueLng":"","_VenueShowMap":false,"_VenueShowMapLink":false,"footnotes":""},"class_list":["post-15924","page","type-page","status-publish","hentry"],"acf":[],"uagb_featured_image_src":{"full":false,"thumbnail":false,"medium":false,"medium_large":false,"large":false,"1536x1536":false,"2048x2048":false,"sf-entry-post":false,"sf-thumbnail":false},"uagb_author_info":{"display_name":"Anna Varfolomeeva","author_link":"https:\/\/swiss-fencing.ch\/de\/author\/anna255\/"},"uagb_comment_info":0,"uagb_excerpt":"Universit\u00e4tssport Junge Athleten, die sich f\u00fcr die Matura und Studium entscheiden, d\u00fcrfen Ihre Leidenschaft und die Emotionen des Wettkampfes nicht aufgeben. Daf\u00fcr sorgt der schweizerische Hochschulsportverband \u2013 Swiss University Sports [&hellip;]","_links":{"self":[{"href":"https:\/\/swiss-fencing.ch\/de\/wp-json\/wp\/v2\/pages\/15924","targetHints":{"allow":["GET"]}}],"collection":[{"href":"https:\/\/swiss-fencing.ch\/de\/wp-json\/wp\/v2\/pages"}],"about":[{"href":"https:\/\/swiss-fencing.ch\/de\/wp-json\/wp\/v2\/types\/page"}],"author":[{"embeddable":true,"href":"https:\/\/swiss-fencing.ch\/de\/wp-json\/wp\/v2\/users\/9"}],"replies":[{"embeddable":true,"href":"https:\/\/swiss-fencing.ch\/de\/wp-json\/wp\/v2\/comments?post=15924"}],"version-history":[{"count":5,"href":"https:\/\/swiss-fencing.ch\/de\/wp-json\/wp\/v2\/pages\/15924\/revisions"}],"predecessor-version":[{"id":48676,"href":"https:\/\/swiss-fencing.ch\/de\/wp-json\/wp\/v2\/pages\/15924\/revisions\/48676"}],"up":[{"embeddable":true,"href":"https:\/\/swiss-fencing.ch\/de\/wp-json\/wp\/v2\/pages\/13473"}],"wp:attachment":[{"href":"https:\/\/swiss-fencing.ch\/de\/wp-json\/wp\/v2\/media?parent=15924"}],"curies":[{"name":"wp","href":"https:\/\/api.w.org\/{rel}","templated":true}]}}