{"id":15997,"date":"2022-08-02T22:30:28","date_gmt":"2022-08-02T20:30:28","guid":{"rendered":"https:\/\/swiss-fencing.ch\/swiss-fencing\/strategie\/mission\/"},"modified":"2023-06-19T17:54:31","modified_gmt":"2023-06-19T15:54:31","slug":"mission","status":"publish","type":"page","link":"https:\/\/swiss-fencing.ch\/de\/swiss-fencing\/strategie\/mission\/","title":{"rendered":"Mission"},"content":{"rendered":"\t\t<div data-elementor-type=\"wp-page\" data-elementor-id=\"15997\" class=\"elementor elementor-15997 elementor-15989\" data-elementor-post-type=\"page\">\n\t\t\t\t\t\t<section class=\"elementor-section elementor-top-section elementor-element elementor-element-6742dc9 elementor-section-boxed elementor-section-height-default elementor-section-height-default\" data-id=\"6742dc9\" data-element_type=\"section\" data-e-type=\"section\">\n\t\t\t\t\t\t<div class=\"elementor-container elementor-column-gap-default\">\n\t\t\t\t\t<div class=\"elementor-column elementor-col-100 elementor-top-column elementor-element elementor-element-561c475\" data-id=\"561c475\" data-element_type=\"column\" data-e-type=\"column\">\n\t\t\t<div class=\"elementor-widget-wrap elementor-element-populated\">\n\t\t\t\t\t\t<div class=\"elementor-element elementor-element-fa16139 elementor-widget elementor-widget-heading\" data-id=\"fa16139\" data-element_type=\"widget\" data-e-type=\"widget\" data-widget_type=\"heading.default\">\n\t\t\t\t<div class=\"elementor-widget-container\">\n\t\t\t\t\t<h2 class=\"elementor-heading-title elementor-size-default\">Mission<\/h2>\t\t\t\t<\/div>\n\t\t\t\t<\/div>\n\t\t\t\t<div class=\"elementor-element elementor-element-fe4b08a elementor-widget elementor-widget-text-editor\" data-id=\"fe4b08a\" data-element_type=\"widget\" data-e-type=\"widget\" data-widget_type=\"text-editor.default\">\n\t\t\t\t<div class=\"elementor-widget-container\">\n\t\t\t\t\t\t\t\t\t<p>Der Auftrag von Swiss Fencing entspricht dem in den&nbsp;<span style=\"text-decoration: underline;\"><span style=\"color: #000000;\"><strong><a style=\"color: #000000; text-decoration: underline;\" href=\"https:\/\/swiss-fencing.ch\/wp-chttps:\/\/swiss-fencing.ch\/wp-content\/uploads\/2022\/05\/Statuten-Swiss-Fencing-2022_d.pdf\">Statuten<\/a><\/strong><\/span><\/span>&nbsp;festgelegten Zweck des Verbandes.<\/p>\n<p>Das angek\u00fcndigte Ziel bedeutet unter anderem, dass sich Swiss Fencing als Sponsor, Organisator, Dienstleister, Interessenvertreter versteht.<\/p>\n<p>Sie kontrolliert die Einhaltung Ihrer Statuten und der (inter-) nationalen Vorschriften.<\/p>\n<p>Swiss Fencing konzentriert sich auf den&nbsp;<strong>Nachwuchs-<\/strong>&nbsp;und den&nbsp;<strong>Leistungssport<\/strong>. Im Sinne des Konzepts &#8222;Athletenlaufbahn&#8220; (<span style=\"text-decoration: underline;\"><strong><span style=\"color: #000000;\"><a style=\"color: #000000; text-decoration: underline;\" href=\"https:\/\/swiss-fencing.ch\/de\/wettkaempfe\/konzept\/ftem\/\">FTEM<\/a><\/span><\/strong><\/span>) schafft der Verband die bestm\u00f6glichen Bedingungen und Rahmenbedingungen f\u00fcr die optimale Leistungsentwicklung von Spitzenathleten.<\/p>\n<p>Auf der Ebene des&nbsp;<strong>Breitensports<\/strong>&nbsp;sowie der&nbsp;<strong>Fechtausbildung<\/strong>&nbsp;nimmt sie eine beratende und unterst\u00fctzende Funktion ein und sorgt daf\u00fcr, dass die breite \u00d6ffentlichkeit Zugang zum Fechten erh\u00e4lt und ein Leben lang Sport treiben kann.<\/p>\n<p>Swiss Fencing unterst\u00fctzt auf allen Ebenen die Professionalisierung des Verbandes im Rahmen seiner verf\u00fcgbaren Ressourcen und steht neuen Trends und jeglicher Entwicklung des Fechtsports in der Schweiz positiv gegen\u00fcber. Die Zusammenarbeit zeichnet sich durch eine sinnvolle Aufgabenteilung zwischen der Verbandsf\u00fchrung, den Regionalverb\u00e4nden und den Fechtclubs aus.<\/p>\n<p>Entscheidungen werden durch schlanke,&nbsp;<strong>transparente<\/strong>&nbsp;und abgestufte Strukturen und&nbsp;<strong>wirksame<\/strong>&nbsp;F\u00fchrungsinstrumente sichergestellt.&nbsp;Ehrenamtliche T\u00e4tigkeiten und Arbeiten werden durch gezielte Massnahmen und angemessene Anerkennung gef\u00f6rdert.&nbsp;Die&nbsp;<strong>professionelle<\/strong>&nbsp;interne und externe&nbsp;<strong>Kommunikation<\/strong>&nbsp;ist direkt und transparent und nutzt moderne \u00dcbertragungskan\u00e4le.<\/p>\n<p>Swiss Fencing verpflichtet sich zur Einhaltung der&nbsp;<span style=\"text-decoration: underline;\"><span style=\"color: #000000;\"><strong><a style=\"color: #000000; text-decoration: underline;\" href=\"https:\/\/swiss-fencing.ch\/de\/swiss-fencing\/ethik\/ethik-charta\/\">Ethik-Charta<\/a><\/strong><\/span><\/span>&nbsp;des Schweizer Sports, der Good Governance-Regeln und des Code of Conduct von Swiss Olympic und der FIE und wendet die Richtlinien auf allen Ebenen des Verbandes an.<\/p>\n<p>Die vier Schl\u00fcsselbereiche&nbsp;<strong>Foundation, Talent, Elite und Mastery<\/strong>&nbsp;werden verwendet, um die verschiedenen Phasen der Entwicklung eines Fechters und die damit verbundenen Phasen zu veranschaulichen. Das Konzept integriert neben dem Leistungssport auch den Breitensport, verbindet beide Bereiche und f\u00f6rdert Interaktionen.<\/p>\t\t\t\t\t\t\t\t<\/div>\n\t\t\t\t<\/div>\n\t\t\t\t\t<\/div>\n\t\t<\/div>\n\t\t\t\t\t<\/div>\n\t\t<\/section>\n\t\t\t\t<\/div>\n\t\t","protected":false},"excerpt":{"rendered":"<p>Mission Der Auftrag von Swiss Fencing entspricht dem in den&nbsp;Statuten&nbsp;festgelegten Zweck des Verbandes. Das angek\u00fcndigte Ziel bedeutet unter anderem, dass sich Swiss Fencing als Sponsor, Organisator, Dienstleister, Interessenvertreter versteht. Sie [&hellip;]<\/p>\n","protected":false},"author":9,"featured_media":0,"parent":13754,"menu_order":264,"comment_status":"closed","ping_status":"closed","template":"template-contentpage.php","meta":{"_acf_changed":false,"inline_featured_image":false,"_uag_custom_page_level_css":"","site-sidebar-layout":"no-sidebar","site-content-layout":"page-builder","ast-site-content-layout":"","site-content-style":"default","site-sidebar-style":"default","ast-global-header-display":"","ast-banner-title-visibility":"","ast-main-header-display":"","ast-hfb-above-header-display":"","ast-hfb-below-header-display":"","ast-hfb-mobile-header-display":"","site-post-title":"disabled","ast-breadcrumbs-content":"","ast-featured-img":"disabled","footer-sml-layout":"","theme-transparent-header-meta":"default","adv-header-id-meta":"","stick-header-meta":"","header-above-stick-meta":"","header-main-stick-meta":"","header-below-stick-meta":"","astra-migrate-meta-layouts":"default","ast-page-background-enabled":"default","ast-page-background-meta":{"desktop":{"background-color":"","background-image":"","background-repeat":"repeat","background-position":"center center","background-size":"auto","background-attachment":"scroll","background-type":"","background-media":"","overlay-type":"","overlay-color":"","overlay-opacity":"","overlay-gradient":""},"tablet":{"background-color":"","background-image":"","background-repeat":"repeat","background-position":"center center","background-size":"auto","background-attachment":"scroll","background-type":"","background-media":"","overlay-type":"","overlay-color":"","overlay-opacity":"","overlay-gradient":""},"mobile":{"background-color":"","background-image":"","background-repeat":"repeat","background-position":"center center","background-size":"auto","background-attachment":"scroll","background-type":"","background-media":"","overlay-type":"","overlay-color":"","overlay-opacity":"","overlay-gradient":""}},"ast-content-background-meta":{"desktop":{"background-color":"var(--ast-global-color-5)","background-image":"","background-repeat":"repeat","background-position":"center center","background-size":"auto","background-attachment":"scroll","background-type":"","background-media":"","overlay-type":"","overlay-color":"","overlay-opacity":"","overlay-gradient":""},"tablet":{"background-color":"var(--ast-global-color-5)","background-image":"","background-repeat":"repeat","background-position":"center center","background-size":"auto","background-attachment":"scroll","background-type":"","background-media":"","overlay-type":"","overlay-color":"","overlay-opacity":"","overlay-gradient":""},"mobile":{"background-color":"var(--ast-global-color-5)","background-image":"","background-repeat":"repeat","background-position":"center center","background-size":"auto","background-attachment":"scroll","background-type":"","background-media":"","overlay-type":"","overlay-color":"","overlay-opacity":"","overlay-gradient":""}},"_EventAllDay":false,"_EventTimezone":"","_EventStartDate":"","_EventEndDate":"","_EventStartDateUTC":"","_EventEndDateUTC":"","_EventShowMap":false,"_EventShowMapLink":false,"_EventURL":"","_EventCost":"","_EventCostDescription":"","_EventCurrencySymbol":"","_EventCurrencyCode":"","_EventCurrencyPosition":"","_EventDateTimeSeparator":"","_EventTimeRangeSeparator":"","_EventOrganizerID":[],"_EventVenueID":[],"_OrganizerEmail":"","_OrganizerPhone":"","_OrganizerWebsite":"","_VenueAddress":"","_VenueCity":"","_VenueCountry":"","_VenueProvince":"","_VenueState":"","_VenueZip":"","_VenuePhone":"","_VenueURL":"","_VenueStateProvince":"","_VenueLat":"","_VenueLng":"","_VenueShowMap":false,"_VenueShowMapLink":false,"footnotes":""},"class_list":["post-15997","page","type-page","status-publish","hentry"],"acf":[],"uagb_featured_image_src":{"full":false,"thumbnail":false,"medium":false,"medium_large":false,"large":false,"1536x1536":false,"2048x2048":false,"sf-entry-post":false,"sf-thumbnail":false},"uagb_author_info":{"display_name":"Anna Varfolomeeva","author_link":"https:\/\/swiss-fencing.ch\/de\/author\/anna255\/"},"uagb_comment_info":0,"uagb_excerpt":"Mission Der Auftrag von Swiss Fencing entspricht dem in den&nbsp;Statuten&nbsp;festgelegten Zweck des Verbandes. Das angek\u00fcndigte Ziel bedeutet unter anderem, dass sich Swiss Fencing als Sponsor, Organisator, Dienstleister, Interessenvertreter versteht. Sie [&hellip;]","_links":{"self":[{"href":"https:\/\/swiss-fencing.ch\/de\/wp-json\/wp\/v2\/pages\/15997","targetHints":{"allow":["GET"]}}],"collection":[{"href":"https:\/\/swiss-fencing.ch\/de\/wp-json\/wp\/v2\/pages"}],"about":[{"href":"https:\/\/swiss-fencing.ch\/de\/wp-json\/wp\/v2\/types\/page"}],"author":[{"embeddable":true,"href":"https:\/\/swiss-fencing.ch\/de\/wp-json\/wp\/v2\/users\/9"}],"replies":[{"embeddable":true,"href":"https:\/\/swiss-fencing.ch\/de\/wp-json\/wp\/v2\/comments?post=15997"}],"version-history":[{"count":5,"href":"https:\/\/swiss-fencing.ch\/de\/wp-json\/wp\/v2\/pages\/15997\/revisions"}],"predecessor-version":[{"id":30625,"href":"https:\/\/swiss-fencing.ch\/de\/wp-json\/wp\/v2\/pages\/15997\/revisions\/30625"}],"up":[{"embeddable":true,"href":"https:\/\/swiss-fencing.ch\/de\/wp-json\/wp\/v2\/pages\/13754"}],"wp:attachment":[{"href":"https:\/\/swiss-fencing.ch\/de\/wp-json\/wp\/v2\/media?parent=15997"}],"curies":[{"name":"wp","href":"https:\/\/api.w.org\/{rel}","templated":true}]}}