{"id":19223,"date":"2025-09-14T21:43:57","date_gmt":"2025-09-14T19:43:57","guid":{"rendered":"https:\/\/swiss-fencing.ch\/?page_id=19223"},"modified":"2025-10-09T10:57:52","modified_gmt":"2025-10-09T08:57:52","slug":"konzept-veteranen","status":"publish","type":"page","link":"https:\/\/swiss-fencing.ch\/de\/wettkaempfe\/konzept\/konzept-veteranen\/","title":{"rendered":"Konzept Veteranen"},"content":{"rendered":"\t\t<div data-elementor-type=\"wp-page\" data-elementor-id=\"19223\" class=\"elementor elementor-19223 elementor-19222\" data-elementor-post-type=\"page\">\n\t\t\t\t\t\t<section class=\"elementor-section elementor-top-section elementor-element elementor-element-f9e1325 elementor-section-boxed elementor-section-height-default elementor-section-height-default\" data-id=\"f9e1325\" data-element_type=\"section\" data-e-type=\"section\">\n\t\t\t\t\t\t<div class=\"elementor-container elementor-column-gap-default\">\n\t\t\t\t\t<div class=\"elementor-column elementor-col-50 elementor-top-column elementor-element elementor-element-a12c85d\" data-id=\"a12c85d\" data-element_type=\"column\" data-e-type=\"column\">\n\t\t\t<div class=\"elementor-widget-wrap elementor-element-populated\">\n\t\t\t\t\t\t<div class=\"elementor-element elementor-element-1fd4348 elementor-widget elementor-widget-heading\" data-id=\"1fd4348\" data-element_type=\"widget\" data-e-type=\"widget\" data-widget_type=\"heading.default\">\n\t\t\t\t<div class=\"elementor-widget-container\">\n\t\t\t\t\t<h2 class=\"elementor-heading-title elementor-size-default\">Veteranen<\/h2>\t\t\t\t<\/div>\n\t\t\t\t<\/div>\n\t\t\t\t<div class=\"elementor-element elementor-element-d6a9d0d elementor-widget elementor-widget-text-editor\" data-id=\"d6a9d0d\" data-element_type=\"widget\" data-e-type=\"widget\" data-widget_type=\"text-editor.default\">\n\t\t\t\t<div class=\"elementor-widget-container\">\n\t\t\t\t\t\t\t\t\t<p><strong>Allgemeine Informationen<\/strong><\/p>\n<p>Swiss Fencing organisiert eine nationale Serie f\u00fcr die Veteranen (Circuit National V\u00e9t\u00e9rans, CNV) f\u00fcr die Kategorien 40+, 50+, 60+, 70+ und 80+.<\/p>\n<p><strong><span style=\"color: #ff0000;\"><a style=\"color: #ff0000;\" href=\"https:\/\/swiss-fencing.ch\/wp-content\/uploads\/2025\/10\/251009_Selektionskriterien-Veteranen.pdf\">Reglement CNV 25\/26 <\/a><\/span>\u2013 Selektionskriterien f\u00fcr die EM\/WM:<\/strong><\/p>\n<p>Die Selektionskriterien f\u00fcr die EM\/WM sind im Rahmen des Reglements CNV definiert.<\/p>\n<p>Die Bedingungen f\u00fcr die Teilnahme an Turnieren des CNV in der Schweiz\u00a0und\u00a0in Ausland wurden klar definiert.<\/p>\n<p>Diese Kriterien werden ab sofort rigoros angewandt und es wird keine Ausnahme zugelassen.<\/p>\n<div>\n<p><strong>N\u00fctzliche Links<\/strong><\/p>\n<ul>\n<li>EUR:\u00a0<span style=\"color: #ff0000;\"><a style=\"color: #ff0000;\" href=\"https:\/\/www.veteransfencing.eu\/\" target=\"_blank\" rel=\"noopener noreferrer\">european-veterans-fencing<\/a>.<\/span><\/li>\n<li>GER:\u00a0<span style=\"color: #ff0000;\"><a style=\"color: #ff0000;\" href=\"http:\/\/www.fechten.org\/\">Deutscher Fechterbund<\/a>.<\/span><\/li>\n<li>ITA:\u00a0<span style=\"color: #ff0000;\"><a style=\"color: #ff0000;\" href=\"http:\/\/www.amismasterscherma.it\/\" target=\"_blank\" rel=\"noopener noreferrer\">amismasterscherma.it<\/a>.<\/span><\/li>\n<li>FRA:\u00a0<span style=\"color: #ff0000;\"><a style=\"color: #ff0000;\" href=\"http:\/\/www.escrime-ffe.fr\/\" target=\"_blank\" rel=\"noopener noreferrer\">escrime-ffe.fr<\/a>.<\/span><\/li>\n<li>GBR:\u00a0<span style=\"color: #ff0000;\"><a style=\"color: #ff0000;\" href=\"http:\/\/www.veterans-fencing.co.uk\/\" target=\"_blank\" rel=\"noopener noreferrer\">veterans-fencing.co.uk<\/a>.<\/span><\/li>\n<li>ESP:\u00a0<span style=\"color: #ff0000;\"><a style=\"color: #ff0000;\" href=\"http:\/\/www.esgrima.es\/\" target=\"_blank\" rel=\"noopener noreferrer\">esgrima.es<\/a>.<\/span><\/li>\n<li>USA:\u00a0<span style=\"color: #ff0000;\"><a style=\"color: #ff0000;\" href=\"https:\/\/www.usafencing.org\/veteran-fencing\">USA Veterans Fencing<\/a>.<\/span><\/li>\n<\/ul>\n<p><span style=\"color: #e41d0c;\"><strong>European Veterans Fencing (EVF)<\/strong><\/span><\/p>\n<\/div>\n<div>\n<p><img decoding=\"async\" src=\"https:\/\/swiss-fencing.ch\/wp-content\/uploads\/2022\/12\/EVF_member-286x300.png\" sizes=\"(max-width: 286px) 100vw, 286px\" srcset=\"https:\/\/swiss-fencing.ch\/wp-content\/uploads\/2022\/12\/EVF_member-286x300.png 286w, https:\/\/swiss-fencing.ch\/wp-content\/uploads\/2022\/12\/EVF_member.png 606w\" alt=\"\" width=\"194\" height=\"203\" \/><\/p>\n<div>\n<div>\n<div>\n<p><strong>Webseite EVF:<\/strong><span style=\"color: #ff0000;\">\u00a0<a style=\"color: #ff0000;\" href=\"https:\/\/www.veteransfencing.eu\/\">https:\/\/www.veteransfencing.eu\/<\/a><\/span><\/p>\n<p><strong>Pr\u00e4sident:<\/strong>\u00a0Caryl Oliver (<a href=\"mailto:caryl.oliver@veteransfencing.eu\">e-mail)<\/a><\/p>\n<\/div>\n<\/div>\n<\/div>\n<div>\n<p><strong>N\u00e4chste Meisterschaften und Turniere<\/strong><\/p>\n<ul>\n<li>2026: EM Mannschaften : Madrid (ESP).<\/li>\n<li>2026 WM: TBD<\/li>\n<\/ul>\n<\/div>\n<div>\n<p><strong>Ranglisten<\/strong><\/p>\n<p><span style=\"font-size: 16px;\"><strong>Resultate CNV:<\/strong><br \/>Das Klassement des CNV ist auf der Webseite von Swiss Fencing verf\u00fcgbar unter \u201cWettk\u00e4mpfe\u201d -&gt; \u201c<\/span><a style=\"font-size: 16px; background-color: #ffffff;\" href=\"https:\/\/fencing.ophardt.online\/fr\/search\/rankings\/12\"><span style=\"color: #ff0000;\">Nationale Ranglisten<\/span><\/a><span style=\"font-size: 16px;\">\u201d.<\/span><\/p>\n<p>Die Turnierresultate werden jeweils schnellstm\u00f6glich publiziert.<\/p>\n<\/div>\n<\/div>\t\t\t\t\t\t\t\t<\/div>\n\t\t\t\t<\/div>\n\t\t\t\t\t<\/div>\n\t\t<\/div>\n\t\t\t\t<div class=\"elementor-column elementor-col-25 elementor-top-column elementor-element elementor-element-cf8cde0\" data-id=\"cf8cde0\" data-element_type=\"column\" data-e-type=\"column\">\n\t\t\t<div class=\"elementor-widget-wrap\">\n\t\t\t\t\t\t\t<\/div>\n\t\t<\/div>\n\t\t\t\t<div class=\"elementor-column elementor-col-25 elementor-top-column elementor-element elementor-element-56daa69\" data-id=\"56daa69\" data-element_type=\"column\" data-e-type=\"column\">\n\t\t\t<div class=\"elementor-widget-wrap elementor-element-populated\">\n\t\t\t\t\t\t<div class=\"elementor-element elementor-element-6d3a11e elementor-widget elementor-widget-image\" data-id=\"6d3a11e\" data-element_type=\"widget\" data-e-type=\"widget\" data-widget_type=\"image.default\">\n\t\t\t\t<div class=\"elementor-widget-container\">\n\t\t\t\t\t\t\t\t\t\t\t\t\t\t\t<img fetchpriority=\"high\" decoding=\"async\" width=\"384\" height=\"384\" src=\"https:\/\/swiss-fencing.ch\/wp-content\/uploads\/2023\/04\/anton.jpg\" class=\"attachment-large size-large wp-image-26572\" alt=\"\" srcset=\"https:\/\/swiss-fencing.ch\/wp-content\/uploads\/2023\/04\/anton.jpg 384w, https:\/\/swiss-fencing.ch\/wp-content\/uploads\/2023\/04\/anton-300x300.jpg 300w, https:\/\/swiss-fencing.ch\/wp-content\/uploads\/2023\/04\/anton-150x150.jpg 150w\" sizes=\"(max-width: 384px) 100vw, 384px\" \/>\t\t\t\t\t\t\t\t\t\t\t\t\t\t\t<\/div>\n\t\t\t\t<\/div>\n\t\t\t\t<div class=\"elementor-element elementor-element-7f300e8 elementor-widget elementor-widget-spacer\" data-id=\"7f300e8\" data-element_type=\"widget\" data-e-type=\"widget\" data-widget_type=\"spacer.default\">\n\t\t\t\t<div class=\"elementor-widget-container\">\n\t\t\t\t\t\t\t<div class=\"elementor-spacer\">\n\t\t\t<div class=\"elementor-spacer-inner\"><\/div>\n\t\t<\/div>\n\t\t\t\t\t\t<\/div>\n\t\t\t\t<\/div>\n\t\t\t\t<div class=\"elementor-element elementor-element-5872c89 elementor-widget elementor-widget-heading\" data-id=\"5872c89\" data-element_type=\"widget\" data-e-type=\"widget\" data-widget_type=\"heading.default\">\n\t\t\t\t<div class=\"elementor-widget-container\">\n\t\t\t\t\t<h3 class=\"elementor-heading-title elementor-size-default\">Anton Krieger<\/h3>\t\t\t\t<\/div>\n\t\t\t\t<\/div>\n\t\t\t\t<div class=\"elementor-element elementor-element-42a5dcc elementor-widget elementor-widget-text-editor\" data-id=\"42a5dcc\" data-element_type=\"widget\" data-e-type=\"widget\" data-widget_type=\"text-editor.default\">\n\t\t\t\t<div class=\"elementor-widget-container\">\n\t\t\t\t\t\t\t\t\t<p style=\"text-align: center;\">Verantwortlich f\u00fcr die Veteranen in der Schweiz<\/p><p style=\"text-align: center;\"><a href=\"mailto:anton.krieger@swiss-fencing.ch\"><img decoding=\"async\" class=\"alignnone wp-image-20062\" src=\"https:\/\/swiss-fencing.ch\/wp-content\/uploads\/2022\/12\/DA1660C4-6184-4645-AC31-CBD84543CB32-150x150.png\" alt=\"\" width=\"30\" height=\"30\" srcset=\"https:\/\/swiss-fencing.ch\/wp-content\/uploads\/2022\/12\/DA1660C4-6184-4645-AC31-CBD84543CB32-150x150.png 150w, https:\/\/swiss-fencing.ch\/wp-content\/uploads\/2022\/12\/DA1660C4-6184-4645-AC31-CBD84543CB32-300x300.png 300w, https:\/\/swiss-fencing.ch\/wp-content\/uploads\/2022\/12\/DA1660C4-6184-4645-AC31-CBD84543CB32-1024x1024.png 1024w, https:\/\/swiss-fencing.ch\/wp-content\/uploads\/2022\/12\/DA1660C4-6184-4645-AC31-CBD84543CB32-768x768.png 768w, https:\/\/swiss-fencing.ch\/wp-content\/uploads\/2022\/12\/DA1660C4-6184-4645-AC31-CBD84543CB32-400x400.png 400w, https:\/\/swiss-fencing.ch\/wp-content\/uploads\/2022\/12\/DA1660C4-6184-4645-AC31-CBD84543CB32.png 1080w\" sizes=\"(max-width: 30px) 100vw, 30px\" \/><\/a><\/p>\t\t\t\t\t\t\t\t<\/div>\n\t\t\t\t<\/div>\n\t\t\t\t\t<\/div>\n\t\t<\/div>\n\t\t\t\t\t<\/div>\n\t\t<\/section>\n\t\t\t\t<\/div>\n\t\t","protected":false},"excerpt":{"rendered":"<p>Veteranen Allgemeine Informationen Swiss Fencing organisiert eine nationale Serie f\u00fcr die Veteranen (Circuit National V\u00e9t\u00e9rans, CNV) f\u00fcr die Kategorien 40+, 50+, 60+, 70+ und 80+. Reglement CNV 25\/26 \u2013 Selektionskriterien [&hellip;]<\/p>\n","protected":false},"author":6,"featured_media":0,"parent":13478,"menu_order":106,"comment_status":"closed","ping_status":"closed","template":"template-contentpage.php","meta":{"_acf_changed":false,"inline_featured_image":false,"_uag_custom_page_level_css":"","site-sidebar-layout":"no-sidebar","site-content-layout":"page-builder","ast-site-content-layout":"full-width-container","site-content-style":"unboxed","site-sidebar-style":"unboxed","ast-global-header-display":"","ast-banner-title-visibility":"","ast-main-header-display":"","ast-hfb-above-header-display":"","ast-hfb-below-header-display":"","ast-hfb-mobile-header-display":"","site-post-title":"disabled","ast-breadcrumbs-content":"","ast-featured-img":"disabled","footer-sml-layout":"","theme-transparent-header-meta":"default","adv-header-id-meta":"","stick-header-meta":"","header-above-stick-meta":"","header-main-stick-meta":"","header-below-stick-meta":"","astra-migrate-meta-layouts":"set","ast-page-background-enabled":"default","ast-page-background-meta":{"desktop":{"background-color":"","background-image":"","background-repeat":"repeat","background-position":"center center","background-size":"auto","background-attachment":"scroll","background-type":"","background-media":"","overlay-type":"","overlay-color":"","overlay-opacity":"","overlay-gradient":""},"tablet":{"background-color":"","background-image":"","background-repeat":"repeat","background-position":"center center","background-size":"auto","background-attachment":"scroll","background-type":"","background-media":"","overlay-type":"","overlay-color":"","overlay-opacity":"","overlay-gradient":""},"mobile":{"background-color":"","background-image":"","background-repeat":"repeat","background-position":"center center","background-size":"auto","background-attachment":"scroll","background-type":"","background-media":"","overlay-type":"","overlay-color":"","overlay-opacity":"","overlay-gradient":""}},"ast-content-background-meta":{"desktop":{"background-color":"var(--ast-global-color-5)","background-image":"","background-repeat":"repeat","background-position":"center center","background-size":"auto","background-attachment":"scroll","background-type":"","background-media":"","overlay-type":"","overlay-color":"","overlay-opacity":"","overlay-gradient":""},"tablet":{"background-color":"var(--ast-global-color-5)","background-image":"","background-repeat":"repeat","background-position":"center center","background-size":"auto","background-attachment":"scroll","background-type":"","background-media":"","overlay-type":"","overlay-color":"","overlay-opacity":"","overlay-gradient":""},"mobile":{"background-color":"var(--ast-global-color-5)","background-image":"","background-repeat":"repeat","background-position":"center center","background-size":"auto","background-attachment":"scroll","background-type":"","background-media":"","overlay-type":"","overlay-color":"","overlay-opacity":"","overlay-gradient":""}},"_EventAllDay":false,"_EventTimezone":"","_EventStartDate":"","_EventEndDate":"","_EventStartDateUTC":"","_EventEndDateUTC":"","_EventShowMap":false,"_EventShowMapLink":false,"_EventURL":"","_EventCost":"","_EventCostDescription":"","_EventCurrencySymbol":"","_EventCurrencyCode":"","_EventCurrencyPosition":"","_EventDateTimeSeparator":"","_EventTimeRangeSeparator":"","_EventOrganizerID":[],"_EventVenueID":[],"_OrganizerEmail":"","_OrganizerPhone":"","_OrganizerWebsite":"","_VenueAddress":"","_VenueCity":"","_VenueCountry":"","_VenueProvince":"","_VenueState":"","_VenueZip":"","_VenuePhone":"","_VenueURL":"","_VenueStateProvince":"","_VenueLat":"","_VenueLng":"","_VenueShowMap":false,"_VenueShowMapLink":false,"footnotes":""},"class_list":["post-19223","page","type-page","status-publish","hentry"],"acf":[],"uagb_featured_image_src":{"full":false,"thumbnail":false,"medium":false,"medium_large":false,"large":false,"1536x1536":false,"2048x2048":false,"sf-entry-post":false,"sf-thumbnail":false},"uagb_author_info":{"display_name":"Anton Krieger","author_link":"https:\/\/swiss-fencing.ch\/de\/author\/anton255\/"},"uagb_comment_info":0,"uagb_excerpt":"Veteranen Allgemeine Informationen Swiss Fencing organisiert eine nationale Serie f\u00fcr die Veteranen (Circuit National V\u00e9t\u00e9rans, CNV) f\u00fcr die Kategorien 40+, 50+, 60+, 70+ und 80+. Reglement CNV 25\/26 \u2013 Selektionskriterien [&hellip;]","_links":{"self":[{"href":"https:\/\/swiss-fencing.ch\/de\/wp-json\/wp\/v2\/pages\/19223","targetHints":{"allow":["GET"]}}],"collection":[{"href":"https:\/\/swiss-fencing.ch\/de\/wp-json\/wp\/v2\/pages"}],"about":[{"href":"https:\/\/swiss-fencing.ch\/de\/wp-json\/wp\/v2\/types\/page"}],"author":[{"embeddable":true,"href":"https:\/\/swiss-fencing.ch\/de\/wp-json\/wp\/v2\/users\/6"}],"replies":[{"embeddable":true,"href":"https:\/\/swiss-fencing.ch\/de\/wp-json\/wp\/v2\/comments?post=19223"}],"version-history":[{"count":5,"href":"https:\/\/swiss-fencing.ch\/de\/wp-json\/wp\/v2\/pages\/19223\/revisions"}],"predecessor-version":[{"id":51825,"href":"https:\/\/swiss-fencing.ch\/de\/wp-json\/wp\/v2\/pages\/19223\/revisions\/51825"}],"up":[{"embeddable":true,"href":"https:\/\/swiss-fencing.ch\/de\/wp-json\/wp\/v2\/pages\/13478"}],"wp:attachment":[{"href":"https:\/\/swiss-fencing.ch\/de\/wp-json\/wp\/v2\/media?parent=19223"}],"curies":[{"name":"wp","href":"https:\/\/api.w.org\/{rel}","templated":true}]}}