{"id":43600,"date":"2024-10-03T12:34:57","date_gmt":"2024-10-03T10:34:57","guid":{"rendered":"https:\/\/swiss-fencing.ch\/medien-sponsoring\/max-heinzer-nahaufnahmen-einer-einzigartigen-karriere\/gino-fischer\/"},"modified":"2024-10-04T21:07:35","modified_gmt":"2024-10-04T19:07:35","slug":"gino-fischer","status":"publish","type":"page","link":"https:\/\/swiss-fencing.ch\/de\/medien-sponsoring\/max-heinzer-nahaufnahmen-einer-einzigartigen-karriere\/gino-fischer\/","title":{"rendered":"Gino Fischer"},"content":{"rendered":"\t\t<div data-elementor-type=\"wp-page\" data-elementor-id=\"43600\" class=\"elementor elementor-43600 elementor-43135\" data-elementor-post-type=\"page\">\n\t\t\t\t\t\t<section class=\"elementor-section elementor-top-section elementor-element elementor-element-f47afed elementor-section-boxed elementor-section-height-default elementor-section-height-default\" data-id=\"f47afed\" data-element_type=\"section\" data-e-type=\"section\">\n\t\t\t\t\t\t<div class=\"elementor-container elementor-column-gap-default\">\n\t\t\t\t\t<div class=\"elementor-column elementor-col-33 elementor-top-column elementor-element elementor-element-75622ef\" data-id=\"75622ef\" data-element_type=\"column\" data-e-type=\"column\">\n\t\t\t<div class=\"elementor-widget-wrap elementor-element-populated\">\n\t\t\t\t\t\t<div class=\"elementor-element elementor-element-6858f3a elementor-widget elementor-widget-heading\" data-id=\"6858f3a\" data-element_type=\"widget\" data-e-type=\"widget\" data-widget_type=\"heading.default\">\n\t\t\t\t<div class=\"elementor-widget-container\">\n\t\t\t\t\t<h3 class=\"elementor-heading-title elementor-size-default\">Gino Fischer <br>bester Freund<\/h3>\t\t\t\t<\/div>\n\t\t\t\t<\/div>\n\t\t\t\t<div class=\"elementor-element elementor-element-1ebbabb elementor-widget-divider--view-line elementor-widget elementor-widget-divider\" data-id=\"1ebbabb\" data-element_type=\"widget\" data-e-type=\"widget\" data-widget_type=\"divider.default\">\n\t\t\t\t<div class=\"elementor-widget-container\">\n\t\t\t\t\t\t\t<div class=\"elementor-divider\">\n\t\t\t<span class=\"elementor-divider-separator\">\n\t\t\t\t\t\t<\/span>\n\t\t<\/div>\n\t\t\t\t\t\t<\/div>\n\t\t\t\t<\/div>\n\t\t\t\t<div class=\"elementor-element elementor-element-bab3061 elementor-widget elementor-widget-text-editor\" data-id=\"bab3061\" data-element_type=\"widget\" data-e-type=\"widget\" data-widget_type=\"text-editor.default\">\n\t\t\t\t<div class=\"elementor-widget-container\">\n\t\t\t\t\t\t\t\t\t<p><strong>Gino, Max nennt dich seinen besten Freund und treuen Begleiter zu den heimischen Fechtturnieren.<\/strong><strong> Wie w\u00fcrdest du deine Beziehung zu ihm beschreiben?<\/strong><\/p>\n<p><u>Gino:<\/u> Wir kennen uns nun seit \u00fcber 20 Jahren. In dieser Zeit haben wir uns eine sehr vertraute Freundschaft aufgebaut. Wir k\u00f6nnen zusammen \u00fcber alles sprechen, auch \u00fcber sehr pers\u00f6nliche Angelegenheiten. Obwohl wir seit 2007 nicht mehr im gleichen Kanton wohnhaft sind und er durch den Fechtsport viel unterwegs war, wurde die Freundschaft \u00fcber die Jahre hin noch enger und vertrauter.   <\/p>\n<p><strong>Erinnerst du dich an deine erste Begegnung mit Max? Kannst du aus dem N\u00e4hk\u00e4stchen plaudern? <\/strong> Kurz bevor wir im Gymnasium in dieselbe Klasse kamen, habe ich Max einmal vor dem \u00abBijou\u00bb (Dorfladen in Immensee) mit einem gemeinsamen Bekannten getroffen und kurz zusammen geplaudert. Das ist die erste Erinnerung an Max. Danach haben wir zusammen f\u00fcr vier Jahre das Gymnasium in Immensee besucht und er schaffte es sogar, dass ich f\u00fcr rund 18 Monate ebenfalls ins Fechten ging. Mein Talent hielt sich jedoch in Grenzen. Aber die Liebe f\u00fcr diesen Sport ist geblieben.    <\/p>\n<p><strong>Kannst du aus deiner Sicht kurz beschreiben, wie du seine sportliche Karriere wahrgenommen hast und in welcher Form du Max bei all den Turnieren unterst\u00fctzt hast?<\/strong><strong> Und kannst du dich an eine Situation erinnern, die f\u00fcr ihn und f\u00fcr dich schwierig war? <\/strong><\/p>\n<p>Er hat eine grossartige Karriere hingelegt. Mit den Weltcup-Siegen, den Medaillen an EM und WM und als ehemalige Welt-Nummer 1 hat er sehr vieles erreicht. Sein sportlicher Ehrgeiz, sein steter Fokus auf den Fechtsport und die technische F\u00e4higkeiten haben ihn so weit gebracht.  <\/p>\n<blockquote>\n<p>\u00abWas mich auch beeindruckt hat ist, dass er es geschafft hat vom Fechtsport zu leben. Dies ist zumindest in der Schweiz zuvor fast undenkbar gewesen.\u00bb <\/p>\n<\/blockquote>\n<p>Die schwierigsten Situationen waren, so denke ich, sicherlich, dass der an den olympischen Spielen weder im Einzel noch im Team die gesteckten Ziele erreichen konnte. Kleiner Wehrmutstropfen war sicherlich, dass er als Fahnentr\u00e4ger in Tokio einlaufen durfte. Das war auch f\u00fcr mich vor dem Fernseher ein G\u00e4nsehaut-Moment.  <\/p>\n<p>Meine Unterst\u00fctzung zeigte ich, indem ich versuchte, so viele Turniere wie m\u00f6glich zu besuchen und ihn in der Halle von den Zuschauerr\u00e4ngen aus anzufeuern.<\/p>\n<p><strong>Kannst du Max als Mensch und als Spitzensportler aus deiner Sicht beschreiben? <\/strong><\/p>\n<p>Max als Mensch und als Spitzensportler muss man klar differenzieren k\u00f6nnen. Als Spitzensportler nat\u00fcrlich sehr ehrgeizig, furchtlos und die grosse sportliche B\u00fchne liebend. Privat hingegen ist er zur\u00fcckhaltend, in manchen Situationen sogar eher scheu. Da liebt er die Ruhe, was sich auch in seinen Hobbys (Fischen, Pilze sammeln) wiederspiegelt. Neben dieser ruhigen Art hat er auch einen feinen Sinn f\u00fcr Humor und ist sehr verl\u00e4sslich.    <\/p>\n\t\t\t\t\t\t\t\t<\/div>\n\t\t\t\t<\/div>\n\t\t\t\t<div class=\"elementor-element elementor-element-dbadc1c elementor-widget elementor-widget-image\" data-id=\"dbadc1c\" data-element_type=\"widget\" data-e-type=\"widget\" data-widget_type=\"image.default\">\n\t\t\t\t<div class=\"elementor-widget-container\">\n\t\t\t\t\t\t\t\t\t\t\t\t\t\t\t<img fetchpriority=\"high\" decoding=\"async\" width=\"1024\" height=\"768\" src=\"https:\/\/swiss-fencing.ch\/wp-content\/uploads\/2024\/10\/Gino-1024x768.jpg\" class=\"attachment-large size-large wp-image-43139\" alt=\"\" srcset=\"https:\/\/swiss-fencing.ch\/wp-content\/uploads\/2024\/10\/Gino-1024x768.jpg 1024w, https:\/\/swiss-fencing.ch\/wp-content\/uploads\/2024\/10\/Gino-300x225.jpg 300w, https:\/\/swiss-fencing.ch\/wp-content\/uploads\/2024\/10\/Gino-768x576.jpg 768w, https:\/\/swiss-fencing.ch\/wp-content\/uploads\/2024\/10\/Gino-1536x1152.jpg 1536w, https:\/\/swiss-fencing.ch\/wp-content\/uploads\/2024\/10\/Gino-2048x1536.jpg 2048w\" sizes=\"(max-width: 1024px) 100vw, 1024px\" \/>\t\t\t\t\t\t\t\t\t\t\t\t\t\t\t<\/div>\n\t\t\t\t<\/div>\n\t\t\t\t<div class=\"elementor-element elementor-element-557f1f3 elementor-widget elementor-widget-text-editor\" data-id=\"557f1f3\" data-element_type=\"widget\" data-e-type=\"widget\" data-widget_type=\"text-editor.default\">\n\t\t\t\t<div class=\"elementor-widget-container\">\n\t\t\t\t\t\t\t\t\t<p><strong>Was waren besondere, unvergessliche Momente, die du mit Max w\u00e4hrend seiner Karriere erlebt hast? <\/strong><\/p>\n<p>Der Weltcup-Hattrick in Bern ist definitiv ein grosses Highlight, dass ich live miterleben durfte. Dann nat\u00fcrlich auch die Heim-EM in Montreux 2015, als es zur Silbermedaille reichte und seine Freunde ordentlich Stimmung machten in der Halle. Die olympischen Spiele in London waren trotz des sportlichen Misserfolges auch ein grosses Erlebnis.  <\/p>\n<blockquote>\n<p>\u00abUnd zum Schluss sein letztes Gefecht als Profi, als er an der EM in Basel im Team nochmals eine Aufholjagd lancierte. Da war alles dabei, was ein Fechterherz h\u00f6her schlagen l\u00e4sst, auch wenn es am Ende knapp nicht gereicht hat f\u00fcrs Weiterkommen.\u00bb<\/p>\n<\/blockquote>\n<p><strong>Wie hast du reagiert, als du erfahren hast, dass Max zur\u00fccktreten will? <\/strong><\/p>\n<p>Die \u00dcberraschung hielt sich in Grenzen. Ich wusste bereits bevor es offiziell kommuniziert wurde, dass nach der knapp verpassten Olympia-Qualifikation seine Karriere mit der Heim-EM in Basel ein Ende findet. Sein Lebensmittelpunkt hat sich mit den Kindern und der Heirat von Janique \u00fcber die letzten Jahre immer mehr verschoben und da war der R\u00fccktritt die logische Folge.  <\/p>\n<p><strong>Gino \u2013 unter dem Aspekt \u00abWandel\u00bb: Max ist nun Pr\u00e4sident von Swiss Fencing und ein neuer Lebensabschnitt beginnt.<\/strong><strong> Was w\u00fcnschst du ihm f\u00fcr die Zukunft? Und was w\u00fcnschst du dir von Swiss Fencing bzw. f\u00fcr die Schweizer Fechtszene?   <\/strong><\/p>\n<p>Ich bin nicht der grosse Kenner oder Insider in der Fechtszene und dessen Verband, da ich den Fechtsport doch sehr \u00abMax-zentriert\u00bb verfolgt habe. Aber ich w\u00fcnsche Max, dass er seine Visionen f\u00fcr Swiss Fencing umsetzten und seine gesteckten Ziele erreichen kann. Dass er frischen Wind mitbringt und unter seiner Leitung die Schweizer Fechterinnen und Fechter weiterhin in der Weltspitze mitmischen werden.  <\/p>\n\t\t\t\t\t\t\t\t<\/div>\n\t\t\t\t<\/div>\n\t\t\t\t\t<\/div>\n\t\t<\/div>\n\t\t\t\t<div class=\"elementor-column elementor-col-33 elementor-top-column elementor-element elementor-element-ee015fd\" data-id=\"ee015fd\" data-element_type=\"column\" data-e-type=\"column\">\n\t\t\t<div class=\"elementor-widget-wrap\">\n\t\t\t\t\t\t\t<\/div>\n\t\t<\/div>\n\t\t\t\t<div class=\"elementor-column elementor-col-33 elementor-top-column elementor-element elementor-element-7136501\" data-id=\"7136501\" data-element_type=\"column\" data-e-type=\"column\">\n\t\t\t<div class=\"elementor-widget-wrap elementor-element-populated\">\n\t\t\t\t\t\t<div class=\"elementor-element elementor-element-53f1cbb elementor-widget elementor-widget-heading\" data-id=\"53f1cbb\" data-element_type=\"widget\" data-e-type=\"widget\" data-widget_type=\"heading.default\">\n\t\t\t\t<div class=\"elementor-widget-container\">\n\t\t\t\t\t<h4 class=\"elementor-heading-title elementor-size-default\">Andere Artikel<\/h4>\t\t\t\t<\/div>\n\t\t\t\t<\/div>\n\t\t\t\t<div class=\"elementor-element elementor-element-186c954 elementor-nav-menu--dropdown-none elementor-widget elementor-widget-nav-menu\" data-id=\"186c954\" data-element_type=\"widget\" data-e-type=\"widget\" data-settings=\"{&quot;layout&quot;:&quot;vertical&quot;,&quot;submenu_icon&quot;:{&quot;value&quot;:&quot;&lt;i class=\\&quot;fas fa-caret-down\\&quot; aria-hidden=\\&quot;true\\&quot;&gt;&lt;\\\/i&gt;&quot;,&quot;library&quot;:&quot;fa-solid&quot;}}\" data-widget_type=\"nav-menu.default\">\n\t\t\t\t<div class=\"elementor-widget-container\">\n\t\t\t\t\t\t\t\t<nav aria-label=\"Menu\" class=\"elementor-nav-menu--main elementor-nav-menu__container elementor-nav-menu--layout-vertical e--pointer-background e--animation-fade\">\n\t\t\t\t<ul id=\"menu-1-186c954\" class=\"elementor-nav-menu sm-vertical\"><li class=\"menu-item menu-item-type-post_type menu-item-object-page menu-item-43817\"><a href=\"https:\/\/swiss-fencing.ch\/media-sponsoring\/max-heinzer-gros-plan-sur-une-carriere-unique\/thomas-smolinski\/\" class=\"elementor-item menu-link\">Thomas Smolinski<\/a><\/li>\n<li class=\"menu-item menu-item-type-post_type menu-item-object-page menu-item-43818\"><a href=\"https:\/\/swiss-fencing.ch\/media-sponsoring\/max-heinzer-gros-plan-sur-une-carriere-unique\/menia-bischof\/\" class=\"elementor-item menu-link\">Menia Bischof<\/a><\/li>\n<li class=\"menu-item menu-item-type-post_type menu-item-object-page menu-item-43819\"><a href=\"https:\/\/swiss-fencing.ch\/media-sponsoring\/max-heinzer-gros-plan-sur-une-carriere-unique\/paolo-pizzo\/\" class=\"elementor-item menu-link\">Paolo Pizzo<\/a><\/li>\n<li class=\"menu-item menu-item-type-post_type menu-item-object-page menu-item-43820\"><a href=\"https:\/\/swiss-fencing.ch\/media-sponsoring\/max-heinzer-gros-plan-sur-une-carriere-unique\/giovanni-muzio\/\" class=\"elementor-item menu-link\">Giovanni Muzio<\/a><\/li>\n<li class=\"menu-item menu-item-type-post_type menu-item-object-page menu-item-43821\"><a href=\"https:\/\/swiss-fencing.ch\/media-sponsoring\/max-heinzer-gros-plan-sur-une-carriere-unique\/francois-muller\/\" class=\"elementor-item menu-link\">Fran\u00e7ois M\u00fcller<\/a><\/li>\n<li class=\"menu-item menu-item-type-post_type menu-item-object-page menu-item-43822\"><a href=\"https:\/\/swiss-fencing.ch\/media-sponsoring\/max-heinzer-gros-plan-sur-une-carriere-unique\/walter-dahler\/\" class=\"elementor-item menu-link\">Walter D\u00e4hler<\/a><\/li>\n<li class=\"menu-item menu-item-type-post_type menu-item-object-page menu-item-43823\"><a href=\"https:\/\/swiss-fencing.ch\/media-sponsoring\/max-heinzer-gros-plan-sur-une-carriere-unique\/giuliano-ranza\/\" class=\"elementor-item menu-link\">Giuliano Ranza<\/a><\/li>\n<li class=\"menu-item menu-item-type-post_type menu-item-object-page menu-item-43824\"><a href=\"https:\/\/swiss-fencing.ch\/media-sponsoring\/max-heinzer-gros-plan-sur-une-carriere-unique\/richard-stoffel\/\" class=\"elementor-item menu-link\">Richard Stoffel<\/a><\/li>\n<li class=\"menu-item menu-item-type-post_type menu-item-object-page menu-item-43825\"><a href=\"https:\/\/swiss-fencing.ch\/media-sponsoring\/max-heinzer-gros-plan-sur-une-carriere-unique\/monique-et-markus-heinzer\/\" class=\"elementor-item menu-link\">Monique und Markus Heinzer<\/a><\/li>\n<li class=\"menu-item menu-item-type-post_type menu-item-object-page menu-item-43826\"><a href=\"https:\/\/swiss-fencing.ch\/media-sponsoring\/max-heinzer-gros-plan-sur-une-carriere-unique\/thaddaus-waldburg-zeil\/\" class=\"elementor-item menu-link\">Thadd\u00e4us Waldburg-Zeil<\/a><\/li>\n<li class=\"menu-item menu-item-type-post_type menu-item-object-page menu-item-43827\"><a href=\"https:\/\/swiss-fencing.ch\/media-sponsoring\/max-heinzer-gros-plan-sur-une-carriere-unique\/marc-luscher\/\" class=\"elementor-item menu-link\">Marc L\u00fcscher<\/a><\/li>\n<li class=\"menu-item menu-item-type-post_type menu-item-object-page menu-item-43828\"><a href=\"https:\/\/swiss-fencing.ch\/media-sponsoring\/max-heinzer-gros-plan-sur-une-carriere-unique\/gino-fischer\/\" class=\"elementor-item menu-link\">Gino Fischer<\/a><\/li>\n<li class=\"menu-item menu-item-type-post_type menu-item-object-page menu-item-43829\"><a href=\"https:\/\/swiss-fencing.ch\/media-sponsoring\/max-heinzer-gros-plan-sur-une-carriere-unique\/janique-heinzer\/\" class=\"elementor-item menu-link\">Janique Heinzer<\/a><\/li>\n<li class=\"menu-item menu-item-type-post_type menu-item-object-page menu-item-43830\"><a href=\"https:\/\/swiss-fencing.ch\/media-sponsoring\/max-heinzer-gros-plan-sur-une-carriere-unique\/rolf-kalich\/\" class=\"elementor-item menu-link\">Rolf Kalich<\/a><\/li>\n<li class=\"menu-item menu-item-type-post_type menu-item-object-page menu-item-43831\"><a href=\"https:\/\/swiss-fencing.ch\/media-sponsoring\/max-heinzer-gros-plan-sur-une-carriere-unique\/monica-schneider\/\" class=\"elementor-item menu-link\">Monica Schneider<\/a><\/li>\n<li class=\"menu-item menu-item-type-post_type menu-item-object-page menu-item-43832\"><a href=\"https:\/\/swiss-fencing.ch\/media-sponsoring\/max-heinzer-gros-plan-sur-une-carriere-unique\/simon-heinis\/\" class=\"elementor-item menu-link\">Simon Heinis<\/a><\/li>\n<\/ul>\t\t\t<\/nav>\n\t\t\t\t\t\t<nav class=\"elementor-nav-menu--dropdown elementor-nav-menu__container\" aria-hidden=\"true\">\n\t\t\t\t<ul id=\"menu-2-186c954\" class=\"elementor-nav-menu sm-vertical\"><li class=\"menu-item menu-item-type-post_type menu-item-object-page menu-item-43817\"><a href=\"https:\/\/swiss-fencing.ch\/media-sponsoring\/max-heinzer-gros-plan-sur-une-carriere-unique\/thomas-smolinski\/\" class=\"elementor-item menu-link\" tabindex=\"-1\">Thomas Smolinski<\/a><\/li>\n<li class=\"menu-item menu-item-type-post_type menu-item-object-page menu-item-43818\"><a href=\"https:\/\/swiss-fencing.ch\/media-sponsoring\/max-heinzer-gros-plan-sur-une-carriere-unique\/menia-bischof\/\" class=\"elementor-item menu-link\" tabindex=\"-1\">Menia Bischof<\/a><\/li>\n<li class=\"menu-item menu-item-type-post_type menu-item-object-page menu-item-43819\"><a href=\"https:\/\/swiss-fencing.ch\/media-sponsoring\/max-heinzer-gros-plan-sur-une-carriere-unique\/paolo-pizzo\/\" class=\"elementor-item menu-link\" tabindex=\"-1\">Paolo Pizzo<\/a><\/li>\n<li class=\"menu-item menu-item-type-post_type menu-item-object-page menu-item-43820\"><a href=\"https:\/\/swiss-fencing.ch\/media-sponsoring\/max-heinzer-gros-plan-sur-une-carriere-unique\/giovanni-muzio\/\" class=\"elementor-item menu-link\" tabindex=\"-1\">Giovanni Muzio<\/a><\/li>\n<li class=\"menu-item menu-item-type-post_type menu-item-object-page menu-item-43821\"><a href=\"https:\/\/swiss-fencing.ch\/media-sponsoring\/max-heinzer-gros-plan-sur-une-carriere-unique\/francois-muller\/\" class=\"elementor-item menu-link\" tabindex=\"-1\">Fran\u00e7ois M\u00fcller<\/a><\/li>\n<li class=\"menu-item menu-item-type-post_type menu-item-object-page menu-item-43822\"><a href=\"https:\/\/swiss-fencing.ch\/media-sponsoring\/max-heinzer-gros-plan-sur-une-carriere-unique\/walter-dahler\/\" class=\"elementor-item menu-link\" tabindex=\"-1\">Walter D\u00e4hler<\/a><\/li>\n<li class=\"menu-item menu-item-type-post_type menu-item-object-page menu-item-43823\"><a href=\"https:\/\/swiss-fencing.ch\/media-sponsoring\/max-heinzer-gros-plan-sur-une-carriere-unique\/giuliano-ranza\/\" class=\"elementor-item menu-link\" tabindex=\"-1\">Giuliano Ranza<\/a><\/li>\n<li class=\"menu-item menu-item-type-post_type menu-item-object-page menu-item-43824\"><a href=\"https:\/\/swiss-fencing.ch\/media-sponsoring\/max-heinzer-gros-plan-sur-une-carriere-unique\/richard-stoffel\/\" class=\"elementor-item menu-link\" tabindex=\"-1\">Richard Stoffel<\/a><\/li>\n<li class=\"menu-item menu-item-type-post_type menu-item-object-page menu-item-43825\"><a href=\"https:\/\/swiss-fencing.ch\/media-sponsoring\/max-heinzer-gros-plan-sur-une-carriere-unique\/monique-et-markus-heinzer\/\" class=\"elementor-item menu-link\" tabindex=\"-1\">Monique und Markus Heinzer<\/a><\/li>\n<li class=\"menu-item menu-item-type-post_type menu-item-object-page menu-item-43826\"><a href=\"https:\/\/swiss-fencing.ch\/media-sponsoring\/max-heinzer-gros-plan-sur-une-carriere-unique\/thaddaus-waldburg-zeil\/\" class=\"elementor-item menu-link\" tabindex=\"-1\">Thadd\u00e4us Waldburg-Zeil<\/a><\/li>\n<li class=\"menu-item menu-item-type-post_type menu-item-object-page menu-item-43827\"><a href=\"https:\/\/swiss-fencing.ch\/media-sponsoring\/max-heinzer-gros-plan-sur-une-carriere-unique\/marc-luscher\/\" class=\"elementor-item menu-link\" tabindex=\"-1\">Marc L\u00fcscher<\/a><\/li>\n<li class=\"menu-item menu-item-type-post_type menu-item-object-page menu-item-43828\"><a href=\"https:\/\/swiss-fencing.ch\/media-sponsoring\/max-heinzer-gros-plan-sur-une-carriere-unique\/gino-fischer\/\" class=\"elementor-item menu-link\" tabindex=\"-1\">Gino Fischer<\/a><\/li>\n<li class=\"menu-item menu-item-type-post_type menu-item-object-page menu-item-43829\"><a href=\"https:\/\/swiss-fencing.ch\/media-sponsoring\/max-heinzer-gros-plan-sur-une-carriere-unique\/janique-heinzer\/\" class=\"elementor-item menu-link\" tabindex=\"-1\">Janique Heinzer<\/a><\/li>\n<li class=\"menu-item menu-item-type-post_type menu-item-object-page menu-item-43830\"><a href=\"https:\/\/swiss-fencing.ch\/media-sponsoring\/max-heinzer-gros-plan-sur-une-carriere-unique\/rolf-kalich\/\" class=\"elementor-item menu-link\" tabindex=\"-1\">Rolf Kalich<\/a><\/li>\n<li class=\"menu-item menu-item-type-post_type menu-item-object-page menu-item-43831\"><a href=\"https:\/\/swiss-fencing.ch\/media-sponsoring\/max-heinzer-gros-plan-sur-une-carriere-unique\/monica-schneider\/\" class=\"elementor-item menu-link\" tabindex=\"-1\">Monica Schneider<\/a><\/li>\n<li class=\"menu-item menu-item-type-post_type menu-item-object-page menu-item-43832\"><a href=\"https:\/\/swiss-fencing.ch\/media-sponsoring\/max-heinzer-gros-plan-sur-une-carriere-unique\/simon-heinis\/\" class=\"elementor-item menu-link\" tabindex=\"-1\">Simon Heinis<\/a><\/li>\n<\/ul>\t\t\t<\/nav>\n\t\t\t\t\t\t<\/div>\n\t\t\t\t<\/div>\n\t\t\t\t\t<\/div>\n\t\t<\/div>\n\t\t\t\t\t<\/div>\n\t\t<\/section>\n\t\t\t\t<\/div>\n\t\t","protected":false},"excerpt":{"rendered":"<p>Gino Fischer bester Freund Gino, Max nennt dich seinen besten Freund und treuen Begleiter zu den heimischen Fechtturnieren. Wie w\u00fcrdest du deine Beziehung zu ihm beschreiben? Gino: Wir kennen uns [&hellip;]<\/p>\n","protected":false},"author":9,"featured_media":0,"parent":43353,"menu_order":11,"comment_status":"closed","ping_status":"closed","template":"template-contentpage.php","meta":{"_acf_changed":false,"inline_featured_image":false,"_uag_custom_page_level_css":"","site-sidebar-layout":"no-sidebar","site-content-layout":"page-builder","ast-site-content-layout":"full-width-container","site-content-style":"unboxed","site-sidebar-style":"unboxed","ast-global-header-display":"","ast-banner-title-visibility":"","ast-main-header-display":"","ast-hfb-above-header-display":"","ast-hfb-below-header-display":"","ast-hfb-mobile-header-display":"","site-post-title":"disabled","ast-breadcrumbs-content":"","ast-featured-img":"disabled","footer-sml-layout":"","theme-transparent-header-meta":"default","adv-header-id-meta":"","stick-header-meta":"","header-above-stick-meta":"","header-main-stick-meta":"","header-below-stick-meta":"","astra-migrate-meta-layouts":"default","ast-page-background-enabled":"default","ast-page-background-meta":{"desktop":{"background-color":"","background-image":"","background-repeat":"repeat","background-position":"center center","background-size":"auto","background-attachment":"scroll","background-type":"","background-media":"","overlay-type":"","overlay-color":"","overlay-opacity":"","overlay-gradient":""},"tablet":{"background-color":"","background-image":"","background-repeat":"repeat","background-position":"center center","background-size":"auto","background-attachment":"scroll","background-type":"","background-media":"","overlay-type":"","overlay-color":"","overlay-opacity":"","overlay-gradient":""},"mobile":{"background-color":"","background-image":"","background-repeat":"repeat","background-position":"center center","background-size":"auto","background-attachment":"scroll","background-type":"","background-media":"","overlay-type":"","overlay-color":"","overlay-opacity":"","overlay-gradient":""}},"ast-content-background-meta":{"desktop":{"background-color":"var(--ast-global-color-5)","background-image":"","background-repeat":"repeat","background-position":"center center","background-size":"auto","background-attachment":"scroll","background-type":"","background-media":"","overlay-type":"","overlay-color":"","overlay-opacity":"","overlay-gradient":""},"tablet":{"background-color":"var(--ast-global-color-5)","background-image":"","background-repeat":"repeat","background-position":"center center","background-size":"auto","background-attachment":"scroll","background-type":"","background-media":"","overlay-type":"","overlay-color":"","overlay-opacity":"","overlay-gradient":""},"mobile":{"background-color":"var(--ast-global-color-5)","background-image":"","background-repeat":"repeat","background-position":"center center","background-size":"auto","background-attachment":"scroll","background-type":"","background-media":"","overlay-type":"","overlay-color":"","overlay-opacity":"","overlay-gradient":""}},"_EventAllDay":false,"_EventTimezone":"","_EventStartDate":"","_EventEndDate":"","_EventStartDateUTC":"","_EventEndDateUTC":"","_EventShowMap":false,"_EventShowMapLink":false,"_EventURL":"","_EventCost":"","_EventCostDescription":"","_EventCurrencySymbol":"","_EventCurrencyCode":"","_EventCurrencyPosition":"","_EventDateTimeSeparator":"","_EventTimeRangeSeparator":"","_EventOrganizerID":[],"_EventVenueID":[],"_OrganizerEmail":"","_OrganizerPhone":"","_OrganizerWebsite":"","_VenueAddress":"","_VenueCity":"","_VenueCountry":"","_VenueProvince":"","_VenueState":"","_VenueZip":"","_VenuePhone":"","_VenueURL":"","_VenueStateProvince":"","_VenueLat":"","_VenueLng":"","_VenueShowMap":false,"_VenueShowMapLink":false,"footnotes":""},"class_list":["post-43600","page","type-page","status-publish","hentry"],"acf":[],"uagb_featured_image_src":{"full":false,"thumbnail":false,"medium":false,"medium_large":false,"large":false,"1536x1536":false,"2048x2048":false,"sf-entry-post":false,"sf-thumbnail":false},"uagb_author_info":{"display_name":"Anna Varfolomeeva","author_link":"https:\/\/swiss-fencing.ch\/de\/author\/anna255\/"},"uagb_comment_info":0,"uagb_excerpt":"Gino Fischer bester Freund Gino, Max nennt dich seinen besten Freund und treuen Begleiter zu den heimischen Fechtturnieren. Wie w\u00fcrdest du deine Beziehung zu ihm beschreiben? Gino: Wir kennen uns [&hellip;]","_links":{"self":[{"href":"https:\/\/swiss-fencing.ch\/de\/wp-json\/wp\/v2\/pages\/43600","targetHints":{"allow":["GET"]}}],"collection":[{"href":"https:\/\/swiss-fencing.ch\/de\/wp-json\/wp\/v2\/pages"}],"about":[{"href":"https:\/\/swiss-fencing.ch\/de\/wp-json\/wp\/v2\/types\/page"}],"author":[{"embeddable":true,"href":"https:\/\/swiss-fencing.ch\/de\/wp-json\/wp\/v2\/users\/9"}],"replies":[{"embeddable":true,"href":"https:\/\/swiss-fencing.ch\/de\/wp-json\/wp\/v2\/comments?post=43600"}],"version-history":[{"count":5,"href":"https:\/\/swiss-fencing.ch\/de\/wp-json\/wp\/v2\/pages\/43600\/revisions"}],"predecessor-version":[{"id":43953,"href":"https:\/\/swiss-fencing.ch\/de\/wp-json\/wp\/v2\/pages\/43600\/revisions\/43953"}],"up":[{"embeddable":true,"href":"https:\/\/swiss-fencing.ch\/de\/wp-json\/wp\/v2\/pages\/43353"}],"wp:attachment":[{"href":"https:\/\/swiss-fencing.ch\/de\/wp-json\/wp\/v2\/media?parent=43600"}],"curies":[{"name":"wp","href":"https:\/\/api.w.org\/{rel}","templated":true}]}}