{"id":43654,"date":"2024-10-03T13:15:23","date_gmt":"2024-10-03T11:15:23","guid":{"rendered":"https:\/\/swiss-fencing.ch\/medien-sponsoring\/max-heinzer-nahaufnahmen-einer-einzigartigen-karriere\/walter-daehler\/"},"modified":"2024-10-04T21:09:38","modified_gmt":"2024-10-04T19:09:38","slug":"walter-daehler","status":"publish","type":"page","link":"https:\/\/swiss-fencing.ch\/de\/medien-sponsoring\/max-heinzer-nahaufnahmen-einer-einzigartigen-karriere\/walter-daehler\/","title":{"rendered":"Walter D\u00e4hler"},"content":{"rendered":"\t\t<div data-elementor-type=\"wp-page\" data-elementor-id=\"43654\" class=\"elementor elementor-43654 elementor-43192\" data-elementor-post-type=\"page\">\n\t\t\t\t\t\t<section class=\"elementor-section elementor-top-section elementor-element elementor-element-f47afed elementor-section-boxed elementor-section-height-default elementor-section-height-default\" data-id=\"f47afed\" data-element_type=\"section\" data-e-type=\"section\">\n\t\t\t\t\t\t<div class=\"elementor-container elementor-column-gap-default\">\n\t\t\t\t\t<div class=\"elementor-column elementor-col-33 elementor-top-column elementor-element elementor-element-75622ef\" data-id=\"75622ef\" data-element_type=\"column\" data-e-type=\"column\">\n\t\t\t<div class=\"elementor-widget-wrap elementor-element-populated\">\n\t\t\t\t\t\t<div class=\"elementor-element elementor-element-6858f3a elementor-widget elementor-widget-heading\" data-id=\"6858f3a\" data-element_type=\"widget\" data-e-type=\"widget\" data-widget_type=\"heading.default\">\n\t\t\t\t<div class=\"elementor-widget-container\">\n\t\t\t\t\t<h3 class=\"elementor-heading-title elementor-size-default\">Walter D\u00e4hler <br>Firmg\u00f6tti<\/h3>\t\t\t\t<\/div>\n\t\t\t\t<\/div>\n\t\t\t\t<div class=\"elementor-element elementor-element-1ebbabb elementor-widget-divider--view-line elementor-widget elementor-widget-divider\" data-id=\"1ebbabb\" data-element_type=\"widget\" data-e-type=\"widget\" data-widget_type=\"divider.default\">\n\t\t\t\t<div class=\"elementor-widget-container\">\n\t\t\t\t\t\t\t<div class=\"elementor-divider\">\n\t\t\t<span class=\"elementor-divider-separator\">\n\t\t\t\t\t\t<\/span>\n\t\t<\/div>\n\t\t\t\t\t\t<\/div>\n\t\t\t\t<\/div>\n\t\t\t\t<div class=\"elementor-element elementor-element-bab3061 elementor-widget elementor-widget-text-editor\" data-id=\"bab3061\" data-element_type=\"widget\" data-e-type=\"widget\" data-widget_type=\"text-editor.default\">\n\t\t\t\t<div class=\"elementor-widget-container\">\n\t\t\t\t\t\t\t\t\t<p><strong>Walti, du kennst Max schon sehr lange. Erinnerst du dich an deine erste Begegnung mit Max? Kannst du aus dem N\u00e4hk\u00e4stchen plaudern? <\/strong><\/p>\n<p>Ich habe Max als vierj\u00e4hrigen Knirps in der Fechthalle kennen gelernt, der seinem grossen Bruder Michi nacheifern wollte.<\/p>\n<p>Die ganze Familie Heinzer war sehr sportbegeistert und Trainer Smolinski war die treibende Kraft, sie f\u00fcr den Fechtsport zu begeistern \u2013 und damit den Grundstein f\u00fcr diesen sch\u00f6nen Sport zu legen.<\/p>\n<blockquote>\n<p>\u00abMax wollte schon fr\u00fch Erfolg und liess auch Erwachsene im Regen stehen, die das nicht immer akzeptieren konnten und ihn grobschl\u00e4chtig attackierten.\u00bb<\/p>\n<\/blockquote>\n<p>F\u00fcr mich hingegen war Max eine Bereicherung, von der ich profitieren konnte (obwohl auch ich gerne gewinne und mir das Verlieren schwerf\u00e4llt).<\/p>\n<p><strong>Kannst du Max aus deiner Sicht als Mensch und Spitzensportler beschreiben?<\/strong><\/p>\n<p>Max ist trotz seiner Erfolge immer bescheiden geblieben, was f\u00fcr einen Weltmeister in der heutigen Zeit nicht selbstverst\u00e4ndlich ist.<\/p>\n<p><strong>Was waren ganze besondere, einpr\u00e4gsame Momente, die <\/strong><strong>du mit Max w\u00e4hrend seiner Karriere erleben durftest?<\/strong><\/p>\n<p>F\u00fcr mich sind auch die drei unglaublichen aufeinanderfolgenden Weltcupsiege in Bern sehr hoch einzusch\u00e4tzen. Dass er vor seinem R\u00fccktritt das Ziel Olympia in Paris nicht erreichen konnte, ist f\u00fcr ihn \u00e4rgerlich, aber er hat in seiner aktiven Zeit so viel erreicht und das ist doch die Hauptsache. <\/p>\n<p><strong>Wie hast du reagiert, als du erfahren hast, dass Max zur\u00fccktreten will?<\/strong><\/p>\n<p>Gut, dass er dem Fechtsport treu bleibt.<\/p>\n<p><strong>Walti \u2013 unter dem Aspekt \u00abWandel\u00bb: Max ist nun Pr\u00e4sident von Swiss Fencing und ein neuer Lebensabschnitt beginnt. Was w\u00fcnschst du ihm f\u00fcr die Zukunft? Und was w\u00fcnschst du dir von Swiss Fencing?  <\/strong><\/p>\n<p>Ich w\u00fcnsche ihm viel Freude mit seiner jungen Familie, gute Gesundheit und in seinem neuen Amt als Pr\u00e4sident viel Erfolg und Durchhaltewillen.<\/p>\n\t\t\t\t\t\t\t\t<\/div>\n\t\t\t\t<\/div>\n\t\t\t\t\t<\/div>\n\t\t<\/div>\n\t\t\t\t<div class=\"elementor-column elementor-col-33 elementor-top-column elementor-element elementor-element-ee015fd\" data-id=\"ee015fd\" data-element_type=\"column\" data-e-type=\"column\">\n\t\t\t<div class=\"elementor-widget-wrap\">\n\t\t\t\t\t\t\t<\/div>\n\t\t<\/div>\n\t\t\t\t<div class=\"elementor-column elementor-col-33 elementor-top-column elementor-element elementor-element-7136501\" data-id=\"7136501\" data-element_type=\"column\" data-e-type=\"column\">\n\t\t\t<div class=\"elementor-widget-wrap elementor-element-populated\">\n\t\t\t\t\t\t<div class=\"elementor-element elementor-element-53f1cbb elementor-widget elementor-widget-heading\" data-id=\"53f1cbb\" data-element_type=\"widget\" data-e-type=\"widget\" data-widget_type=\"heading.default\">\n\t\t\t\t<div class=\"elementor-widget-container\">\n\t\t\t\t\t<h4 class=\"elementor-heading-title elementor-size-default\">Andere Artikel<\/h4>\t\t\t\t<\/div>\n\t\t\t\t<\/div>\n\t\t\t\t<div class=\"elementor-element elementor-element-186c954 elementor-nav-menu--dropdown-none elementor-widget elementor-widget-nav-menu\" data-id=\"186c954\" data-element_type=\"widget\" data-e-type=\"widget\" data-settings=\"{&quot;layout&quot;:&quot;vertical&quot;,&quot;submenu_icon&quot;:{&quot;value&quot;:&quot;&lt;i class=\\&quot;fas fa-caret-down\\&quot; aria-hidden=\\&quot;true\\&quot;&gt;&lt;\\\/i&gt;&quot;,&quot;library&quot;:&quot;fa-solid&quot;}}\" data-widget_type=\"nav-menu.default\">\n\t\t\t\t<div class=\"elementor-widget-container\">\n\t\t\t\t\t\t\t\t<nav aria-label=\"Menu\" class=\"elementor-nav-menu--main elementor-nav-menu__container elementor-nav-menu--layout-vertical e--pointer-background e--animation-fade\">\n\t\t\t\t<ul id=\"menu-1-186c954\" class=\"elementor-nav-menu sm-vertical\"><li class=\"menu-item menu-item-type-post_type menu-item-object-page menu-item-43817\"><a href=\"https:\/\/swiss-fencing.ch\/media-sponsoring\/max-heinzer-gros-plan-sur-une-carriere-unique\/thomas-smolinski\/\" class=\"elementor-item menu-link\">Thomas Smolinski<\/a><\/li>\n<li class=\"menu-item menu-item-type-post_type menu-item-object-page menu-item-43818\"><a href=\"https:\/\/swiss-fencing.ch\/media-sponsoring\/max-heinzer-gros-plan-sur-une-carriere-unique\/menia-bischof\/\" class=\"elementor-item menu-link\">Menia Bischof<\/a><\/li>\n<li class=\"menu-item menu-item-type-post_type menu-item-object-page menu-item-43819\"><a href=\"https:\/\/swiss-fencing.ch\/media-sponsoring\/max-heinzer-gros-plan-sur-une-carriere-unique\/paolo-pizzo\/\" class=\"elementor-item menu-link\">Paolo Pizzo<\/a><\/li>\n<li class=\"menu-item menu-item-type-post_type menu-item-object-page menu-item-43820\"><a href=\"https:\/\/swiss-fencing.ch\/media-sponsoring\/max-heinzer-gros-plan-sur-une-carriere-unique\/giovanni-muzio\/\" class=\"elementor-item menu-link\">Giovanni Muzio<\/a><\/li>\n<li class=\"menu-item menu-item-type-post_type menu-item-object-page menu-item-43821\"><a href=\"https:\/\/swiss-fencing.ch\/media-sponsoring\/max-heinzer-gros-plan-sur-une-carriere-unique\/francois-muller\/\" class=\"elementor-item menu-link\">Fran\u00e7ois M\u00fcller<\/a><\/li>\n<li class=\"menu-item menu-item-type-post_type menu-item-object-page menu-item-43822\"><a href=\"https:\/\/swiss-fencing.ch\/media-sponsoring\/max-heinzer-gros-plan-sur-une-carriere-unique\/walter-dahler\/\" class=\"elementor-item menu-link\">Walter D\u00e4hler<\/a><\/li>\n<li class=\"menu-item menu-item-type-post_type menu-item-object-page menu-item-43823\"><a href=\"https:\/\/swiss-fencing.ch\/media-sponsoring\/max-heinzer-gros-plan-sur-une-carriere-unique\/giuliano-ranza\/\" class=\"elementor-item menu-link\">Giuliano Ranza<\/a><\/li>\n<li class=\"menu-item menu-item-type-post_type menu-item-object-page menu-item-43824\"><a href=\"https:\/\/swiss-fencing.ch\/media-sponsoring\/max-heinzer-gros-plan-sur-une-carriere-unique\/richard-stoffel\/\" class=\"elementor-item menu-link\">Richard Stoffel<\/a><\/li>\n<li class=\"menu-item menu-item-type-post_type menu-item-object-page menu-item-43825\"><a href=\"https:\/\/swiss-fencing.ch\/media-sponsoring\/max-heinzer-gros-plan-sur-une-carriere-unique\/monique-et-markus-heinzer\/\" class=\"elementor-item menu-link\">Monique und Markus Heinzer<\/a><\/li>\n<li class=\"menu-item menu-item-type-post_type menu-item-object-page menu-item-43826\"><a href=\"https:\/\/swiss-fencing.ch\/media-sponsoring\/max-heinzer-gros-plan-sur-une-carriere-unique\/thaddaus-waldburg-zeil\/\" class=\"elementor-item menu-link\">Thadd\u00e4us Waldburg-Zeil<\/a><\/li>\n<li class=\"menu-item menu-item-type-post_type menu-item-object-page menu-item-43827\"><a href=\"https:\/\/swiss-fencing.ch\/media-sponsoring\/max-heinzer-gros-plan-sur-une-carriere-unique\/marc-luscher\/\" class=\"elementor-item menu-link\">Marc L\u00fcscher<\/a><\/li>\n<li class=\"menu-item menu-item-type-post_type menu-item-object-page menu-item-43828\"><a href=\"https:\/\/swiss-fencing.ch\/media-sponsoring\/max-heinzer-gros-plan-sur-une-carriere-unique\/gino-fischer\/\" class=\"elementor-item menu-link\">Gino Fischer<\/a><\/li>\n<li class=\"menu-item menu-item-type-post_type menu-item-object-page menu-item-43829\"><a href=\"https:\/\/swiss-fencing.ch\/media-sponsoring\/max-heinzer-gros-plan-sur-une-carriere-unique\/janique-heinzer\/\" class=\"elementor-item menu-link\">Janique Heinzer<\/a><\/li>\n<li class=\"menu-item menu-item-type-post_type menu-item-object-page menu-item-43830\"><a href=\"https:\/\/swiss-fencing.ch\/media-sponsoring\/max-heinzer-gros-plan-sur-une-carriere-unique\/rolf-kalich\/\" class=\"elementor-item menu-link\">Rolf Kalich<\/a><\/li>\n<li class=\"menu-item menu-item-type-post_type menu-item-object-page menu-item-43831\"><a href=\"https:\/\/swiss-fencing.ch\/media-sponsoring\/max-heinzer-gros-plan-sur-une-carriere-unique\/monica-schneider\/\" class=\"elementor-item menu-link\">Monica Schneider<\/a><\/li>\n<li class=\"menu-item menu-item-type-post_type menu-item-object-page menu-item-43832\"><a href=\"https:\/\/swiss-fencing.ch\/media-sponsoring\/max-heinzer-gros-plan-sur-une-carriere-unique\/simon-heinis\/\" class=\"elementor-item menu-link\">Simon Heinis<\/a><\/li>\n<\/ul>\t\t\t<\/nav>\n\t\t\t\t\t\t<nav class=\"elementor-nav-menu--dropdown elementor-nav-menu__container\" aria-hidden=\"true\">\n\t\t\t\t<ul id=\"menu-2-186c954\" class=\"elementor-nav-menu sm-vertical\"><li class=\"menu-item menu-item-type-post_type menu-item-object-page menu-item-43817\"><a href=\"https:\/\/swiss-fencing.ch\/media-sponsoring\/max-heinzer-gros-plan-sur-une-carriere-unique\/thomas-smolinski\/\" class=\"elementor-item menu-link\" tabindex=\"-1\">Thomas Smolinski<\/a><\/li>\n<li class=\"menu-item menu-item-type-post_type menu-item-object-page menu-item-43818\"><a href=\"https:\/\/swiss-fencing.ch\/media-sponsoring\/max-heinzer-gros-plan-sur-une-carriere-unique\/menia-bischof\/\" class=\"elementor-item menu-link\" tabindex=\"-1\">Menia Bischof<\/a><\/li>\n<li class=\"menu-item menu-item-type-post_type menu-item-object-page menu-item-43819\"><a href=\"https:\/\/swiss-fencing.ch\/media-sponsoring\/max-heinzer-gros-plan-sur-une-carriere-unique\/paolo-pizzo\/\" class=\"elementor-item menu-link\" tabindex=\"-1\">Paolo Pizzo<\/a><\/li>\n<li class=\"menu-item menu-item-type-post_type menu-item-object-page menu-item-43820\"><a href=\"https:\/\/swiss-fencing.ch\/media-sponsoring\/max-heinzer-gros-plan-sur-une-carriere-unique\/giovanni-muzio\/\" class=\"elementor-item menu-link\" tabindex=\"-1\">Giovanni Muzio<\/a><\/li>\n<li class=\"menu-item menu-item-type-post_type menu-item-object-page menu-item-43821\"><a href=\"https:\/\/swiss-fencing.ch\/media-sponsoring\/max-heinzer-gros-plan-sur-une-carriere-unique\/francois-muller\/\" class=\"elementor-item menu-link\" tabindex=\"-1\">Fran\u00e7ois M\u00fcller<\/a><\/li>\n<li class=\"menu-item menu-item-type-post_type menu-item-object-page menu-item-43822\"><a href=\"https:\/\/swiss-fencing.ch\/media-sponsoring\/max-heinzer-gros-plan-sur-une-carriere-unique\/walter-dahler\/\" class=\"elementor-item menu-link\" tabindex=\"-1\">Walter D\u00e4hler<\/a><\/li>\n<li class=\"menu-item menu-item-type-post_type menu-item-object-page menu-item-43823\"><a href=\"https:\/\/swiss-fencing.ch\/media-sponsoring\/max-heinzer-gros-plan-sur-une-carriere-unique\/giuliano-ranza\/\" class=\"elementor-item menu-link\" tabindex=\"-1\">Giuliano Ranza<\/a><\/li>\n<li class=\"menu-item menu-item-type-post_type menu-item-object-page menu-item-43824\"><a href=\"https:\/\/swiss-fencing.ch\/media-sponsoring\/max-heinzer-gros-plan-sur-une-carriere-unique\/richard-stoffel\/\" class=\"elementor-item menu-link\" tabindex=\"-1\">Richard Stoffel<\/a><\/li>\n<li class=\"menu-item menu-item-type-post_type menu-item-object-page menu-item-43825\"><a href=\"https:\/\/swiss-fencing.ch\/media-sponsoring\/max-heinzer-gros-plan-sur-une-carriere-unique\/monique-et-markus-heinzer\/\" class=\"elementor-item menu-link\" tabindex=\"-1\">Monique und Markus Heinzer<\/a><\/li>\n<li class=\"menu-item menu-item-type-post_type menu-item-object-page menu-item-43826\"><a href=\"https:\/\/swiss-fencing.ch\/media-sponsoring\/max-heinzer-gros-plan-sur-une-carriere-unique\/thaddaus-waldburg-zeil\/\" class=\"elementor-item menu-link\" tabindex=\"-1\">Thadd\u00e4us Waldburg-Zeil<\/a><\/li>\n<li class=\"menu-item menu-item-type-post_type menu-item-object-page menu-item-43827\"><a href=\"https:\/\/swiss-fencing.ch\/media-sponsoring\/max-heinzer-gros-plan-sur-une-carriere-unique\/marc-luscher\/\" class=\"elementor-item menu-link\" tabindex=\"-1\">Marc L\u00fcscher<\/a><\/li>\n<li class=\"menu-item menu-item-type-post_type menu-item-object-page menu-item-43828\"><a href=\"https:\/\/swiss-fencing.ch\/media-sponsoring\/max-heinzer-gros-plan-sur-une-carriere-unique\/gino-fischer\/\" class=\"elementor-item menu-link\" tabindex=\"-1\">Gino Fischer<\/a><\/li>\n<li class=\"menu-item menu-item-type-post_type menu-item-object-page menu-item-43829\"><a href=\"https:\/\/swiss-fencing.ch\/media-sponsoring\/max-heinzer-gros-plan-sur-une-carriere-unique\/janique-heinzer\/\" class=\"elementor-item menu-link\" tabindex=\"-1\">Janique Heinzer<\/a><\/li>\n<li class=\"menu-item menu-item-type-post_type menu-item-object-page menu-item-43830\"><a href=\"https:\/\/swiss-fencing.ch\/media-sponsoring\/max-heinzer-gros-plan-sur-une-carriere-unique\/rolf-kalich\/\" class=\"elementor-item menu-link\" tabindex=\"-1\">Rolf Kalich<\/a><\/li>\n<li class=\"menu-item menu-item-type-post_type menu-item-object-page menu-item-43831\"><a href=\"https:\/\/swiss-fencing.ch\/media-sponsoring\/max-heinzer-gros-plan-sur-une-carriere-unique\/monica-schneider\/\" class=\"elementor-item menu-link\" tabindex=\"-1\">Monica Schneider<\/a><\/li>\n<li class=\"menu-item menu-item-type-post_type menu-item-object-page menu-item-43832\"><a href=\"https:\/\/swiss-fencing.ch\/media-sponsoring\/max-heinzer-gros-plan-sur-une-carriere-unique\/simon-heinis\/\" class=\"elementor-item menu-link\" tabindex=\"-1\">Simon Heinis<\/a><\/li>\n<\/ul>\t\t\t<\/nav>\n\t\t\t\t\t\t<\/div>\n\t\t\t\t<\/div>\n\t\t\t\t\t<\/div>\n\t\t<\/div>\n\t\t\t\t\t<\/div>\n\t\t<\/section>\n\t\t\t\t<\/div>\n\t\t","protected":false},"excerpt":{"rendered":"<p>Walter D\u00e4hler Firmg\u00f6tti Walti, du kennst Max schon sehr lange. Erinnerst du dich an deine erste Begegnung mit Max? Kannst du aus dem N\u00e4hk\u00e4stchen plaudern? Ich habe Max als vierj\u00e4hrigen [&hellip;]<\/p>\n","protected":false},"author":9,"featured_media":0,"parent":43353,"menu_order":11,"comment_status":"closed","ping_status":"closed","template":"template-contentpage.php","meta":{"_acf_changed":false,"inline_featured_image":false,"_uag_custom_page_level_css":"","site-sidebar-layout":"no-sidebar","site-content-layout":"page-builder","ast-site-content-layout":"full-width-container","site-content-style":"unboxed","site-sidebar-style":"unboxed","ast-global-header-display":"","ast-banner-title-visibility":"","ast-main-header-display":"","ast-hfb-above-header-display":"","ast-hfb-below-header-display":"","ast-hfb-mobile-header-display":"","site-post-title":"disabled","ast-breadcrumbs-content":"","ast-featured-img":"disabled","footer-sml-layout":"","theme-transparent-header-meta":"default","adv-header-id-meta":"","stick-header-meta":"","header-above-stick-meta":"","header-main-stick-meta":"","header-below-stick-meta":"","astra-migrate-meta-layouts":"default","ast-page-background-enabled":"default","ast-page-background-meta":{"desktop":{"background-color":"","background-image":"","background-repeat":"repeat","background-position":"center center","background-size":"auto","background-attachment":"scroll","background-type":"","background-media":"","overlay-type":"","overlay-color":"","overlay-opacity":"","overlay-gradient":""},"tablet":{"background-color":"","background-image":"","background-repeat":"repeat","background-position":"center center","background-size":"auto","background-attachment":"scroll","background-type":"","background-media":"","overlay-type":"","overlay-color":"","overlay-opacity":"","overlay-gradient":""},"mobile":{"background-color":"","background-image":"","background-repeat":"repeat","background-position":"center center","background-size":"auto","background-attachment":"scroll","background-type":"","background-media":"","overlay-type":"","overlay-color":"","overlay-opacity":"","overlay-gradient":""}},"ast-content-background-meta":{"desktop":{"background-color":"var(--ast-global-color-5)","background-image":"","background-repeat":"repeat","background-position":"center center","background-size":"auto","background-attachment":"scroll","background-type":"","background-media":"","overlay-type":"","overlay-color":"","overlay-opacity":"","overlay-gradient":""},"tablet":{"background-color":"var(--ast-global-color-5)","background-image":"","background-repeat":"repeat","background-position":"center center","background-size":"auto","background-attachment":"scroll","background-type":"","background-media":"","overlay-type":"","overlay-color":"","overlay-opacity":"","overlay-gradient":""},"mobile":{"background-color":"var(--ast-global-color-5)","background-image":"","background-repeat":"repeat","background-position":"center center","background-size":"auto","background-attachment":"scroll","background-type":"","background-media":"","overlay-type":"","overlay-color":"","overlay-opacity":"","overlay-gradient":""}},"_EventAllDay":false,"_EventTimezone":"","_EventStartDate":"","_EventEndDate":"","_EventStartDateUTC":"","_EventEndDateUTC":"","_EventShowMap":false,"_EventShowMapLink":false,"_EventURL":"","_EventCost":"","_EventCostDescription":"","_EventCurrencySymbol":"","_EventCurrencyCode":"","_EventCurrencyPosition":"","_EventDateTimeSeparator":"","_EventTimeRangeSeparator":"","_EventOrganizerID":[],"_EventVenueID":[],"_OrganizerEmail":"","_OrganizerPhone":"","_OrganizerWebsite":"","_VenueAddress":"","_VenueCity":"","_VenueCountry":"","_VenueProvince":"","_VenueState":"","_VenueZip":"","_VenuePhone":"","_VenueURL":"","_VenueStateProvince":"","_VenueLat":"","_VenueLng":"","_VenueShowMap":false,"_VenueShowMapLink":false,"footnotes":""},"class_list":["post-43654","page","type-page","status-publish","hentry"],"acf":[],"uagb_featured_image_src":{"full":false,"thumbnail":false,"medium":false,"medium_large":false,"large":false,"1536x1536":false,"2048x2048":false,"sf-entry-post":false,"sf-thumbnail":false},"uagb_author_info":{"display_name":"Anna Varfolomeeva","author_link":"https:\/\/swiss-fencing.ch\/de\/author\/anna255\/"},"uagb_comment_info":0,"uagb_excerpt":"Walter D\u00e4hler Firmg\u00f6tti Walti, du kennst Max schon sehr lange. Erinnerst du dich an deine erste Begegnung mit Max? Kannst du aus dem N\u00e4hk\u00e4stchen plaudern? Ich habe Max als vierj\u00e4hrigen [&hellip;]","_links":{"self":[{"href":"https:\/\/swiss-fencing.ch\/de\/wp-json\/wp\/v2\/pages\/43654","targetHints":{"allow":["GET"]}}],"collection":[{"href":"https:\/\/swiss-fencing.ch\/de\/wp-json\/wp\/v2\/pages"}],"about":[{"href":"https:\/\/swiss-fencing.ch\/de\/wp-json\/wp\/v2\/types\/page"}],"author":[{"embeddable":true,"href":"https:\/\/swiss-fencing.ch\/de\/wp-json\/wp\/v2\/users\/9"}],"replies":[{"embeddable":true,"href":"https:\/\/swiss-fencing.ch\/de\/wp-json\/wp\/v2\/comments?post=43654"}],"version-history":[{"count":5,"href":"https:\/\/swiss-fencing.ch\/de\/wp-json\/wp\/v2\/pages\/43654\/revisions"}],"predecessor-version":[{"id":43979,"href":"https:\/\/swiss-fencing.ch\/de\/wp-json\/wp\/v2\/pages\/43654\/revisions\/43979"}],"up":[{"embeddable":true,"href":"https:\/\/swiss-fencing.ch\/de\/wp-json\/wp\/v2\/pages\/43353"}],"wp:attachment":[{"href":"https:\/\/swiss-fencing.ch\/de\/wp-json\/wp\/v2\/media?parent=43654"}],"curies":[{"name":"wp","href":"https:\/\/api.w.org\/{rel}","templated":true}]}}